{"id":5322,"date":"2018-12-09T17:33:38","date_gmt":"2018-12-09T15:33:38","guid":{"rendered":"https:\/\/www.saxsim.ee\/?post_type=product&#038;p=5322"},"modified":"2018-12-09T17:47:27","modified_gmt":"2018-12-09T15:47:27","slug":"cover-dress-poll","status":"publish","type":"product","link":"https:\/\/saxsim.ee\/swp\/product\/cover-dress-poll\/","title":{"rendered":"Cover Dress &#8211; p\u00f5ll"},"content":{"rendered":"<p><span class=\"tlid-translation translation\"><span class=\"\" title=\"\">Elegantne, hingavast kangast, fantastiliselt kerge, kaunistusega p\u00f5ll.<br \/>\n<\/span><\/span><\/p>\n<p>Suurus &#8211; 95*82 cm.<\/p>\n<p>Kinnitus &#8211;\u00a0reguleeritavate \u00f5lapaeltega<\/p>\n<p>Materjal \u2013 10<span class=\"tlid-translation translation\"><span class=\"\" title=\"\">0% pol\u00fcester<\/span><\/span><\/p>\n<p>V\u00e4rv &#8211; must<\/p>\n<p>Kaks taskut<\/p>\n<p><strong>Hooldus:<\/strong><\/p>\n<p>k\u00e4sipesu<\/p>\n<p>kuivatada soovitavalt n\u00f6\u00f6ril<\/p>\n<div class=\"tlid-result-transliteration-container result-transliteration-container transliteration-container\"><\/div>\n","protected":false},"excerpt":{"rendered":"<p>Elegantne, hingavast kangast, fantastiliselt kerge, kaunistusega p\u00f5ll. Suurus &#8211; 95*82 cm. Kinnitus &#8211;\u00a0reguleeritavate \u00f5lapaeltega Materjal \u2013 100% pol\u00fcester V\u00e4rv &#8211; must Kaks taskut Hooldus: k\u00e4sipesu kuivatada soovitavalt n\u00f6\u00f6ril<\/p>\n","protected":false},"featured_media":5323,"comment_status":"closed","ping_status":"closed","template":"","meta":[],"product_cat":[577,592,401,297],"product_tag":[],"class_list":{"0":"post-5322","1":"product","2":"type-product","3":"status-publish","4":"has-post-thumbnail","6":"product_cat-iluteenindaja-tarvikud","7":"product_cat-polled-ja-tooroivad-iluteenindajale","8":"product_cat-juuksuri-tarvikud","9":"product_cat-polled-ja-tooroivad","11":"first","12":"instock","13":"taxable","14":"shipping-taxable","15":"purchasable","16":"product-type-simple"},"_links":{"self":[{"href":"https:\/\/saxsim.ee\/swp\/wp-json\/wp\/v2\/product\/5322"}],"collection":[{"href":"https:\/\/saxsim.ee\/swp\/wp-json\/wp\/v2\/product"}],"about":[{"href":"https:\/\/saxsim.ee\/swp\/wp-json\/wp\/v2\/types\/product"}],"replies":[{"embeddable":true,"href":"https:\/\/saxsim.ee\/swp\/wp-json\/wp\/v2\/comments?post=5322"}],"wp:featuredmedia":[{"embeddable":true,"href":"https:\/\/saxsim.ee\/swp\/wp-json\/wp\/v2\/media\/5323"}],"wp:attachment":[{"href":"https:\/\/saxsim.ee\/swp\/wp-json\/wp\/v2\/media?parent=5322"}],"wp:term":[{"taxonomy":"product_cat","embeddable":true,"href":"https:\/\/saxsim.ee\/swp\/wp-json\/wp\/v2\/product_cat?post=5322"},{"taxonomy":"product_tag","embeddable":true,"href":"https:\/\/saxsim.ee\/swp\/wp-json\/wp\/v2\/product_tag?post=5322"}],"curies":[{"name":"wp","href":"https:\/\/api.w.org\/{rel}","templated":true}]}}