{"id":5316,"date":"2018-12-09T17:12:15","date_gmt":"2018-12-09T15:12:15","guid":{"rendered":"https:\/\/www.saxsim.ee\/?post_type=product&#038;p=5316"},"modified":"2018-12-09T17:32:06","modified_gmt":"2018-12-09T15:32:06","slug":"protection-dress-tooroivas","status":"publish","type":"product","link":"https:\/\/saxsim.ee\/swp\/product\/protection-dress-tooroivas\/","title":{"rendered":"Protection Dress &#8211; t\u00f6\u00f6r\u00f5ivas"},"content":{"rendered":"<p><span class=\"tlid-translation translation\"><span class=\"\" title=\"\">Kerge, elegantne, mugav, plekke h\u00fclgav esiosa, hingav tagumine osa, trendikate n\u00f6\u00f6pidega t\u00f6\u00f6r\u00f5ivas.<br \/>\n<\/span><\/span><\/p>\n<p>Suurus &#8211; 92*77 cm.<\/p>\n<p>Kinnitus &#8211;\u00a0reguleeritavate paeltega<\/p>\n<p>Materjal \u2013 esimene pool: <span class=\"tlid-translation translation\"><span title=\"\">veekindel, 65% pol\u00fcestrit, 35% pol\u00fcuretaan<\/span><\/span>, tagumine pool: <span class=\"tlid-translation translation\"><span title=\"\">100% pol\u00fcester<\/span><\/span><\/p>\n<p>V\u00e4rv &#8211; must<\/p>\n<p>Lukuga taskud<\/p>\n<p><span class=\"tlid-translation translation\"><span title=\"\">Praktiline t\u00f6\u00f6riistariba<\/span><\/span><\/p>\n<p><strong>Hooldus:<\/strong><\/p>\n<p>masinpesu<\/p>\n<p>kuivatada soovitavalt n\u00f6\u00f6ril<\/p>\n","protected":false},"excerpt":{"rendered":"<p>Kerge, elegantne, mugav, plekke h\u00fclgav esiosa, hingav tagumine osa, trendikate n\u00f6\u00f6pidega t\u00f6\u00f6r\u00f5ivas. Suurus &#8211; 92*77 cm. Kinnitus &#8211;\u00a0reguleeritavate paeltega Materjal \u2013 esimene pool: veekindel, 65% pol\u00fcestrit, 35% pol\u00fcuretaan, tagumine pool: 100% pol\u00fcester V\u00e4rv &#8211; must Lukuga taskud Praktiline t\u00f6\u00f6riistariba Hooldus: masinpesu kuivatada soovitavalt n\u00f6\u00f6ril<\/p>\n","protected":false},"featured_media":5318,"comment_status":"closed","ping_status":"closed","template":"","meta":[],"product_cat":[577,592,401,297],"product_tag":[],"class_list":{"0":"post-5316","1":"product","2":"type-product","3":"status-publish","4":"has-post-thumbnail","6":"product_cat-iluteenindaja-tarvikud","7":"product_cat-polled-ja-tooroivad-iluteenindajale","8":"product_cat-juuksuri-tarvikud","9":"product_cat-polled-ja-tooroivad","11":"first","12":"instock","13":"taxable","14":"shipping-taxable","15":"purchasable","16":"product-type-simple"},"_links":{"self":[{"href":"https:\/\/saxsim.ee\/swp\/wp-json\/wp\/v2\/product\/5316"}],"collection":[{"href":"https:\/\/saxsim.ee\/swp\/wp-json\/wp\/v2\/product"}],"about":[{"href":"https:\/\/saxsim.ee\/swp\/wp-json\/wp\/v2\/types\/product"}],"replies":[{"embeddable":true,"href":"https:\/\/saxsim.ee\/swp\/wp-json\/wp\/v2\/comments?post=5316"}],"wp:featuredmedia":[{"embeddable":true,"href":"https:\/\/saxsim.ee\/swp\/wp-json\/wp\/v2\/media\/5318"}],"wp:attachment":[{"href":"https:\/\/saxsim.ee\/swp\/wp-json\/wp\/v2\/media?parent=5316"}],"wp:term":[{"taxonomy":"product_cat","embeddable":true,"href":"https:\/\/saxsim.ee\/swp\/wp-json\/wp\/v2\/product_cat?post=5316"},{"taxonomy":"product_tag","embeddable":true,"href":"https:\/\/saxsim.ee\/swp\/wp-json\/wp\/v2\/product_tag?post=5316"}],"curies":[{"name":"wp","href":"https:\/\/api.w.org\/{rel}","templated":true}]}}