{"id":5305,"date":"2018-12-09T16:37:51","date_gmt":"2018-12-09T14:37:51","guid":{"rendered":"https:\/\/www.saxsim.ee\/?post_type=product&#038;p=5305"},"modified":"2018-12-09T16:54:20","modified_gmt":"2018-12-09T14:54:20","slug":"unisex-dress-tooroivas","status":"publish","type":"product","link":"https:\/\/saxsim.ee\/swp\/product\/unisex-dress-tooroivas\/","title":{"rendered":"Unisex Dress &#8211; t\u00f6\u00f6r\u00f5ivas"},"content":{"rendered":"<p><span class=\"tlid-translation translation\"><span class=\"\" title=\"\">Trendikas, mugav, hingav t\u00f6\u00f6r\u00f5ivas, mis sobib nii naistele, kui ka meestele.<br \/>\n<\/span><\/span><\/p>\n<p>Suurus &#8211; 102*85 cm.<\/p>\n<p>Kinnitus &#8211;\u00a0reguleeritavate paeltega<\/p>\n<p>Materjal \u2013\u00a0<span class=\"tlid-translation translation\"><span title=\"\">100% pol\u00fcester<\/span><\/span><\/p>\n<p>V\u00e4rv &#8211; must<\/p>\n<p>3 lukuga taskut<\/p>\n<p><span class=\"tlid-translation translation\"><span title=\"\">Praktiline t\u00f6\u00f6riistariba<\/span><\/span><\/p>\n<p><strong>Hooldus:<\/strong><\/p>\n<p>masinpesu<\/p>\n<p>kuivatada soovitavalt n\u00f6\u00f6ril<\/p>\n","protected":false},"excerpt":{"rendered":"<p>Trendikas, mugav, hingav t\u00f6\u00f6r\u00f5ivas, mis sobib nii naistele, kui ka meestele. Suurus &#8211; 102*85 cm. Kinnitus &#8211;\u00a0reguleeritavate paeltega Materjal \u2013\u00a0100% pol\u00fcester V\u00e4rv &#8211; must 3 lukuga taskut Praktiline t\u00f6\u00f6riistariba Hooldus: masinpesu kuivatada soovitavalt n\u00f6\u00f6ril<\/p>\n","protected":false},"featured_media":5306,"comment_status":"closed","ping_status":"closed","template":"","meta":[],"product_cat":[577,592,401,297],"product_tag":[],"class_list":{"0":"post-5305","1":"product","2":"type-product","3":"status-publish","4":"has-post-thumbnail","6":"product_cat-iluteenindaja-tarvikud","7":"product_cat-polled-ja-tooroivad-iluteenindajale","8":"product_cat-juuksuri-tarvikud","9":"product_cat-polled-ja-tooroivad","11":"first","12":"instock","13":"taxable","14":"shipping-taxable","15":"purchasable","16":"product-type-simple"},"_links":{"self":[{"href":"https:\/\/saxsim.ee\/swp\/wp-json\/wp\/v2\/product\/5305"}],"collection":[{"href":"https:\/\/saxsim.ee\/swp\/wp-json\/wp\/v2\/product"}],"about":[{"href":"https:\/\/saxsim.ee\/swp\/wp-json\/wp\/v2\/types\/product"}],"replies":[{"embeddable":true,"href":"https:\/\/saxsim.ee\/swp\/wp-json\/wp\/v2\/comments?post=5305"}],"wp:featuredmedia":[{"embeddable":true,"href":"https:\/\/saxsim.ee\/swp\/wp-json\/wp\/v2\/media\/5306"}],"wp:attachment":[{"href":"https:\/\/saxsim.ee\/swp\/wp-json\/wp\/v2\/media?parent=5305"}],"wp:term":[{"taxonomy":"product_cat","embeddable":true,"href":"https:\/\/saxsim.ee\/swp\/wp-json\/wp\/v2\/product_cat?post=5305"},{"taxonomy":"product_tag","embeddable":true,"href":"https:\/\/saxsim.ee\/swp\/wp-json\/wp\/v2\/product_tag?post=5305"}],"curies":[{"name":"wp","href":"https:\/\/api.w.org\/{rel}","templated":true}]}}