{"id":5300,"date":"2018-12-09T16:16:40","date_gmt":"2018-12-09T14:16:40","guid":{"rendered":"https:\/\/www.saxsim.ee\/?post_type=product&#038;p=5300"},"modified":"2018-12-09T16:35:30","modified_gmt":"2018-12-09T14:35:30","slug":"jeans-style-dress-tooroivas","status":"publish","type":"product","link":"https:\/\/saxsim.ee\/swp\/product\/jeans-style-dress-tooroivas\/","title":{"rendered":"Jeans Style Dress &#8211; t\u00f6\u00f6r\u00f5ivas"},"content":{"rendered":"<p><span class=\"tlid-translation translation\"><span class=\"\" title=\"\">Kerge, trendikas, mugav, teksariide v\u00e4limusega, hingav t\u00f6\u00f6r\u00f5ivas.<br \/>\n<\/span><\/span><\/p>\n<p>Suurus &#8211; 92*71 cm.<\/p>\n<p>Kinnitus &#8211;\u00a0reguleeritavate paeltega<\/p>\n<p>Materjal \u2013\u00a0<span class=\"tlid-translation translation\"><span title=\"\">100% pol\u00fcester<\/span><\/span><\/p>\n<p>V\u00e4rv &#8211; sinine<\/p>\n<p>Takjakinnitusega taskud<\/p>\n<p><span class=\"tlid-translation translation\"><span title=\"\">Praktiline t\u00f6\u00f6riistariba<\/span><\/span><\/p>\n<p><strong>Hooldus:<\/strong><\/p>\n<p>masinpesu<\/p>\n<p>kuivatada soovitavalt n\u00f6\u00f6ril<\/p>\n<div class=\"tlid-result-transliteration-container result-transliteration-container transliteration-container\"><\/div>\n","protected":false},"excerpt":{"rendered":"<p>Kerge, trendikas, mugav, teksariide v\u00e4limusega, hingav t\u00f6\u00f6r\u00f5ivas. Suurus &#8211; 92*71 cm. Kinnitus &#8211;\u00a0reguleeritavate paeltega Materjal \u2013\u00a0100% pol\u00fcester V\u00e4rv &#8211; sinine Takjakinnitusega taskud Praktiline t\u00f6\u00f6riistariba Hooldus: masinpesu kuivatada soovitavalt n\u00f6\u00f6ril<\/p>\n","protected":false},"featured_media":5302,"comment_status":"closed","ping_status":"closed","template":"","meta":[],"product_cat":[577,592,401,297],"product_tag":[],"class_list":{"0":"post-5300","1":"product","2":"type-product","3":"status-publish","4":"has-post-thumbnail","6":"product_cat-iluteenindaja-tarvikud","7":"product_cat-polled-ja-tooroivad-iluteenindajale","8":"product_cat-juuksuri-tarvikud","9":"product_cat-polled-ja-tooroivad","11":"first","12":"instock","13":"taxable","14":"shipping-taxable","15":"purchasable","16":"product-type-simple"},"_links":{"self":[{"href":"https:\/\/saxsim.ee\/swp\/wp-json\/wp\/v2\/product\/5300"}],"collection":[{"href":"https:\/\/saxsim.ee\/swp\/wp-json\/wp\/v2\/product"}],"about":[{"href":"https:\/\/saxsim.ee\/swp\/wp-json\/wp\/v2\/types\/product"}],"replies":[{"embeddable":true,"href":"https:\/\/saxsim.ee\/swp\/wp-json\/wp\/v2\/comments?post=5300"}],"wp:featuredmedia":[{"embeddable":true,"href":"https:\/\/saxsim.ee\/swp\/wp-json\/wp\/v2\/media\/5302"}],"wp:attachment":[{"href":"https:\/\/saxsim.ee\/swp\/wp-json\/wp\/v2\/media?parent=5300"}],"wp:term":[{"taxonomy":"product_cat","embeddable":true,"href":"https:\/\/saxsim.ee\/swp\/wp-json\/wp\/v2\/product_cat?post=5300"},{"taxonomy":"product_tag","embeddable":true,"href":"https:\/\/saxsim.ee\/swp\/wp-json\/wp\/v2\/product_tag?post=5300"}],"curies":[{"name":"wp","href":"https:\/\/api.w.org\/{rel}","templated":true}]}}