{"id":5298,"date":"2018-12-09T16:11:12","date_gmt":"2018-12-09T14:11:12","guid":{"rendered":"https:\/\/www.saxsim.ee\/?post_type=product&#038;p=5298"},"modified":"2018-12-09T16:14:15","modified_gmt":"2018-12-09T14:14:15","slug":"protect-x-poll-2","status":"publish","type":"product","link":"https:\/\/saxsim.ee\/swp\/product\/protect-x-poll-2\/","title":{"rendered":"Protect X &#8211; p\u00f5ll"},"content":{"rendered":"<p><span class=\"tlid-translation translation\"><span class=\"\" title=\"\">Kergesti hooldatav p\u00f5ll v\u00e4rvimiseks.<\/span><\/span><\/p>\n<p>Suurus &#8211; 73*83 cm.<\/p>\n<p>Kinnitus &#8211;\u00a0reguleeritavate \u00f5lapaeltega<\/p>\n<p>Materjal \u2013 <span class=\"tlid-translation translation\"><span class=\"\" title=\"\">70% pol\u00fcuretaan \/ 30% pol\u00fcester<\/span><\/span><\/p>\n<p>V\u00e4rv &#8211; h\u00f5bedane<\/p>\n<p>Palju taskuid<\/p>\n<p><strong>Hooldus:<\/strong><\/p>\n<p>masinpesu<\/p>\n<p>kuivatada soovitavalt n\u00f6\u00f6ril<\/p>\n<div class=\"tlid-result-transliteration-container result-transliteration-container transliteration-container\"><\/div>\n","protected":false},"excerpt":{"rendered":"<p>Kergesti hooldatav p\u00f5ll v\u00e4rvimiseks. Suurus &#8211; 73*83 cm. Kinnitus &#8211;\u00a0reguleeritavate \u00f5lapaeltega Materjal \u2013 70% pol\u00fcuretaan \/ 30% pol\u00fcester V\u00e4rv &#8211; h\u00f5bedane Palju taskuid Hooldus: masinpesu kuivatada soovitavalt n\u00f6\u00f6ril<\/p>\n","protected":false},"featured_media":5299,"comment_status":"closed","ping_status":"closed","template":"","meta":[],"product_cat":[577,592,401,297],"product_tag":[],"class_list":{"0":"post-5298","1":"product","2":"type-product","3":"status-publish","4":"has-post-thumbnail","6":"product_cat-iluteenindaja-tarvikud","7":"product_cat-polled-ja-tooroivad-iluteenindajale","8":"product_cat-juuksuri-tarvikud","9":"product_cat-polled-ja-tooroivad","11":"first","12":"instock","13":"taxable","14":"shipping-taxable","15":"purchasable","16":"product-type-simple"},"_links":{"self":[{"href":"https:\/\/saxsim.ee\/swp\/wp-json\/wp\/v2\/product\/5298"}],"collection":[{"href":"https:\/\/saxsim.ee\/swp\/wp-json\/wp\/v2\/product"}],"about":[{"href":"https:\/\/saxsim.ee\/swp\/wp-json\/wp\/v2\/types\/product"}],"replies":[{"embeddable":true,"href":"https:\/\/saxsim.ee\/swp\/wp-json\/wp\/v2\/comments?post=5298"}],"wp:featuredmedia":[{"embeddable":true,"href":"https:\/\/saxsim.ee\/swp\/wp-json\/wp\/v2\/media\/5299"}],"wp:attachment":[{"href":"https:\/\/saxsim.ee\/swp\/wp-json\/wp\/v2\/media?parent=5298"}],"wp:term":[{"taxonomy":"product_cat","embeddable":true,"href":"https:\/\/saxsim.ee\/swp\/wp-json\/wp\/v2\/product_cat?post=5298"},{"taxonomy":"product_tag","embeddable":true,"href":"https:\/\/saxsim.ee\/swp\/wp-json\/wp\/v2\/product_tag?post=5298"}],"curies":[{"name":"wp","href":"https:\/\/api.w.org\/{rel}","templated":true}]}}