{"id":5270,"date":"2018-11-30T10:21:16","date_gmt":"2018-11-30T08:21:16","guid":{"rendered":"https:\/\/www.saxsim.ee\/?post_type=product&#038;p=5270"},"modified":"2024-04-17T09:48:00","modified_gmt":"2024-04-17T06:48:00","slug":"hot-paraffin-aloe-vera-parafiin","status":"publish","type":"product","link":"https:\/\/saxsim.ee\/swp\/product\/hot-paraffin-aloe-vera-parafiin\/","title":{"rendered":"Hot Paraffin Aloe Vera &#8211; parafiin"},"content":{"rendered":"<p>Raviv ja puhastav Aloe Vera parafiin.<\/p>\n<p>Kuum parafiinihooldus toimib nagu mini saun. Soojus avab poorid, et toitained saaksid paremini imenduda.<\/p>\n<p>Parafiin:<\/p>\n<ul>\n<li>pehmendab epiderme<\/li>\n<li>parandab elastsust<\/li>\n<li>stimuleerib vereringet<\/li>\n<li>tugevdab nahaalust kude<\/li>\n<li>pehmendab k\u00fc\u00fcnte \u00e4\u00e4rset nahka<\/li>\n<\/ul>\n<p>T\u00f5eline hooldus kuivanud ja kahjustatud nahale. Kliendid, kellel on reuma ja artriidi poolt p\u00f5hjustatud liigese- ja lihasvalud, hindavad seda hooldust v\u00e4ga.<\/p>\n<p>&nbsp;<\/p>\n","protected":false},"excerpt":{"rendered":"<p>Raviv ja puhastav Aloe Vera parafiin. Kuum parafiinihooldus toimib nagu mini saun. Soojus avab poorid, et toitained saaksid paremini imenduda. Parafiin: pehmendab epiderme parandab elastsust stimuleerib vereringet tugevdab nahaalust kude pehmendab k\u00fc\u00fcnte \u00e4\u00e4rset nahka T\u00f5eline hooldus kuivanud ja kahjustatud nahale. Kliendid, kellel on reuma ja artriidi poolt p\u00f5hjustatud liigese- ja lihasvalud, hindavad seda hooldust v\u00e4ga. [&hellip;]<\/p>\n","protected":false},"featured_media":5271,"comment_status":"closed","ping_status":"closed","template":"","meta":[],"product_cat":[97,355],"product_tag":[],"class_list":{"0":"post-5270","1":"product","2":"type-product","3":"status-publish","4":"has-post-thumbnail","6":"product_cat-nagu-ja-keha","7":"product_cat-parafiin","9":"first","10":"instock","11":"taxable","12":"shipping-taxable","13":"purchasable","14":"product-type-simple"},"_links":{"self":[{"href":"https:\/\/saxsim.ee\/swp\/wp-json\/wp\/v2\/product\/5270"}],"collection":[{"href":"https:\/\/saxsim.ee\/swp\/wp-json\/wp\/v2\/product"}],"about":[{"href":"https:\/\/saxsim.ee\/swp\/wp-json\/wp\/v2\/types\/product"}],"replies":[{"embeddable":true,"href":"https:\/\/saxsim.ee\/swp\/wp-json\/wp\/v2\/comments?post=5270"}],"wp:featuredmedia":[{"embeddable":true,"href":"https:\/\/saxsim.ee\/swp\/wp-json\/wp\/v2\/media\/5271"}],"wp:attachment":[{"href":"https:\/\/saxsim.ee\/swp\/wp-json\/wp\/v2\/media?parent=5270"}],"wp:term":[{"taxonomy":"product_cat","embeddable":true,"href":"https:\/\/saxsim.ee\/swp\/wp-json\/wp\/v2\/product_cat?post=5270"},{"taxonomy":"product_tag","embeddable":true,"href":"https:\/\/saxsim.ee\/swp\/wp-json\/wp\/v2\/product_tag?post=5270"}],"curies":[{"name":"wp","href":"https:\/\/api.w.org\/{rel}","templated":true}]}}