{"id":5261,"date":"2018-11-26T16:52:45","date_gmt":"2018-11-26T14:52:45","guid":{"rendered":"https:\/\/www.saxsim.ee\/?post_type=product&#038;p=5261"},"modified":"2024-03-22T18:17:21","modified_gmt":"2024-03-22T16:17:21","slug":"olivia-garden-idetangle-for-medium-hair-juuksehari","status":"publish","type":"product","link":"https:\/\/saxsim.ee\/swp\/product\/olivia-garden-idetangle-for-medium-hair-juuksehari\/","title":{"rendered":"Olivia Garden iDetangle For Medium Hair &#8211; juuksehari keskmistele juustele"},"content":{"rendered":"<p><span id=\"result_box\" class=\"\" lang=\"et\">Olivia Garden iDetangle keskmistele juustele. Harja kumer kuju v\u00f5imaldab \u00f5rnalt masseerida peanahka ja harjata nii kuivi, kui ka niiskeid juukseid. Juukseharjal on ergonoomiline k\u00e4epide ja f\u00f6\u00f6nitamiseks h\u00e4stiventileeritud \u00f5huavad. Harja elastsed piid sobivad erinevate juustet\u00fc\u00fcpida harjamiseks.<br \/>\n<\/span><\/p>\n<p>&nbsp;<\/p>\n<p>&nbsp;<\/p>\n<p>&nbsp;<\/p>\n","protected":false},"excerpt":{"rendered":"<p>Olivia Garden iDetangle keskmistele juustele. Harja kumer kuju v\u00f5imaldab \u00f5rnalt masseerida peanahka ja harjata nii kuivi, kui ka niiskeid juukseid. Juukseharjal on ergonoomiline k\u00e4epide ja f\u00f6\u00f6nitamiseks h\u00e4stiventileeritud \u00f5huavad. Harja elastsed piid sobivad erinevate juustet\u00fc\u00fcpida harjamiseks. &nbsp; &nbsp; &nbsp;<\/p>\n","protected":false},"featured_media":5262,"comment_status":"closed","ping_status":"closed","template":"","meta":[],"product_cat":[401,172,397],"product_tag":[],"class_list":{"0":"post-5261","1":"product","2":"type-product","3":"status-publish","4":"has-post-thumbnail","6":"product_cat-juuksuri-tarvikud","7":"product_cat-juukseharjad","8":"product_cat-lapikud-juukseharjad","10":"first","11":"instock","12":"taxable","13":"shipping-taxable","14":"purchasable","15":"product-type-simple"},"_links":{"self":[{"href":"https:\/\/saxsim.ee\/swp\/wp-json\/wp\/v2\/product\/5261"}],"collection":[{"href":"https:\/\/saxsim.ee\/swp\/wp-json\/wp\/v2\/product"}],"about":[{"href":"https:\/\/saxsim.ee\/swp\/wp-json\/wp\/v2\/types\/product"}],"replies":[{"embeddable":true,"href":"https:\/\/saxsim.ee\/swp\/wp-json\/wp\/v2\/comments?post=5261"}],"wp:featuredmedia":[{"embeddable":true,"href":"https:\/\/saxsim.ee\/swp\/wp-json\/wp\/v2\/media\/5262"}],"wp:attachment":[{"href":"https:\/\/saxsim.ee\/swp\/wp-json\/wp\/v2\/media?parent=5261"}],"wp:term":[{"taxonomy":"product_cat","embeddable":true,"href":"https:\/\/saxsim.ee\/swp\/wp-json\/wp\/v2\/product_cat?post=5261"},{"taxonomy":"product_tag","embeddable":true,"href":"https:\/\/saxsim.ee\/swp\/wp-json\/wp\/v2\/product_tag?post=5261"}],"curies":[{"name":"wp","href":"https:\/\/api.w.org\/{rel}","templated":true}]}}