{"id":5258,"date":"2018-11-26T16:16:36","date_gmt":"2018-11-26T14:16:36","guid":{"rendered":"https:\/\/www.saxsim.ee\/?post_type=product&#038;p=5258"},"modified":"2022-11-25T10:13:59","modified_gmt":"2022-11-25T08:13:59","slug":"olivia-garden-idetangle-for-fine-hair-juuksehari","status":"publish","type":"product","link":"https:\/\/saxsim.ee\/swp\/product\/olivia-garden-idetangle-for-fine-hair-juuksehari\/","title":{"rendered":"Olivia Garden iDetangle For Fine Hair &#8211; juuksehari peenikestele juustele"},"content":{"rendered":"<p><span id=\"result_box\" class=\"\" lang=\"et\">Olivia Garden iDetangle peenikestele juustele. Harja kumer kuju v\u00f5imaldab \u00f5rnalt masseerida peanahka ja harjata nii kuivi, kui ka niiskeid juukseid. Juukseharjal on ergonoomiline k\u00e4epide ja f\u00f6\u00f6nitamiseks h\u00e4stiventileeritud \u00f5huavad. Harja elastsed piid sobivad erinevate juustet\u00fc\u00fcpida harjamiseks.<br \/>\n<\/span><\/p>\n<p>&nbsp;<\/p>\n<p>&nbsp;<\/p>\n<p>&nbsp;<\/p>\n","protected":false},"excerpt":{"rendered":"<p>Olivia Garden iDetangle peenikestele juustele. Harja kumer kuju v\u00f5imaldab \u00f5rnalt masseerida peanahka ja harjata nii kuivi, kui ka niiskeid juukseid. Juukseharjal on ergonoomiline k\u00e4epide ja f\u00f6\u00f6nitamiseks h\u00e4stiventileeritud \u00f5huavad. Harja elastsed piid sobivad erinevate juustet\u00fc\u00fcpida harjamiseks. &nbsp; &nbsp; &nbsp;<\/p>\n","protected":false},"featured_media":5260,"comment_status":"closed","ping_status":"closed","template":"","meta":[],"product_cat":[401,172,397],"product_tag":[],"class_list":{"0":"post-5258","1":"product","2":"type-product","3":"status-publish","4":"has-post-thumbnail","6":"product_cat-juuksuri-tarvikud","7":"product_cat-juukseharjad","8":"product_cat-lapikud-juukseharjad","10":"first","11":"instock","12":"taxable","13":"shipping-taxable","14":"purchasable","15":"product-type-simple"},"_links":{"self":[{"href":"https:\/\/saxsim.ee\/swp\/wp-json\/wp\/v2\/product\/5258"}],"collection":[{"href":"https:\/\/saxsim.ee\/swp\/wp-json\/wp\/v2\/product"}],"about":[{"href":"https:\/\/saxsim.ee\/swp\/wp-json\/wp\/v2\/types\/product"}],"replies":[{"embeddable":true,"href":"https:\/\/saxsim.ee\/swp\/wp-json\/wp\/v2\/comments?post=5258"}],"wp:featuredmedia":[{"embeddable":true,"href":"https:\/\/saxsim.ee\/swp\/wp-json\/wp\/v2\/media\/5260"}],"wp:attachment":[{"href":"https:\/\/saxsim.ee\/swp\/wp-json\/wp\/v2\/media?parent=5258"}],"wp:term":[{"taxonomy":"product_cat","embeddable":true,"href":"https:\/\/saxsim.ee\/swp\/wp-json\/wp\/v2\/product_cat?post=5258"},{"taxonomy":"product_tag","embeddable":true,"href":"https:\/\/saxsim.ee\/swp\/wp-json\/wp\/v2\/product_tag?post=5258"}],"curies":[{"name":"wp","href":"https:\/\/api.w.org\/{rel}","templated":true}]}}