{"id":5204,"date":"2018-11-12T17:53:42","date_gmt":"2018-11-12T15:53:42","guid":{"rendered":"https:\/\/www.saxsim.ee\/?post_type=product&#038;p=5204"},"modified":"2018-11-12T18:05:31","modified_gmt":"2018-11-12T16:05:31","slug":"beauty-stool-anni-with-backrest-tootool","status":"publish","type":"product","link":"https:\/\/saxsim.ee\/swp\/product\/beauty-stool-anni-with-backrest-tootool\/","title":{"rendered":"Beauty Stool, Anni with backrest &#8211; t\u00f6\u00f6tool"},"content":{"rendered":"<p>Seljatoega t\u00f6\u00f6tool juuksurile v\u00f5i kosmeetikule.<\/p>\n<p>5-haruline alumiiniumjalg,\u00a0\u00f8 52 cm<\/p>\n<p>reguleeritava k\u00f5rgusega ( 50-70 cm. ) gaasipump<\/p>\n<p>l\u00e4bipaistvad rattad<\/p>\n","protected":false},"excerpt":{"rendered":"<p>Seljatoega t\u00f6\u00f6tool juuksurile v\u00f5i kosmeetikule. 5-haruline alumiiniumjalg,\u00a0\u00f8 52 cm reguleeritava k\u00f5rgusega ( 50-70 cm. ) gaasipump l\u00e4bipaistvad rattad<\/p>\n","protected":false},"featured_media":5206,"comment_status":"closed","ping_status":"closed","template":"","meta":[],"product_cat":[325,333,400,589,577,401],"product_tag":[],"class_list":{"0":"post-5204","1":"product","2":"type-product","3":"status-publish","4":"has-post-thumbnail","6":"product_cat-juuksuri-ja-ilusalongi-sisustus","7":"product_cat-tootoolid","8":"product_cat-ilusalongi-sisustus","9":"product_cat-tootoolid-ilusalongi-sisustus","10":"product_cat-iluteenindaja-tarvikud","11":"product_cat-juuksuri-tarvikud","13":"first","14":"instock","15":"taxable","16":"shipping-taxable","17":"purchasable","18":"product-type-simple"},"_links":{"self":[{"href":"https:\/\/saxsim.ee\/swp\/wp-json\/wp\/v2\/product\/5204"}],"collection":[{"href":"https:\/\/saxsim.ee\/swp\/wp-json\/wp\/v2\/product"}],"about":[{"href":"https:\/\/saxsim.ee\/swp\/wp-json\/wp\/v2\/types\/product"}],"replies":[{"embeddable":true,"href":"https:\/\/saxsim.ee\/swp\/wp-json\/wp\/v2\/comments?post=5204"}],"wp:featuredmedia":[{"embeddable":true,"href":"https:\/\/saxsim.ee\/swp\/wp-json\/wp\/v2\/media\/5206"}],"wp:attachment":[{"href":"https:\/\/saxsim.ee\/swp\/wp-json\/wp\/v2\/media?parent=5204"}],"wp:term":[{"taxonomy":"product_cat","embeddable":true,"href":"https:\/\/saxsim.ee\/swp\/wp-json\/wp\/v2\/product_cat?post=5204"},{"taxonomy":"product_tag","embeddable":true,"href":"https:\/\/saxsim.ee\/swp\/wp-json\/wp\/v2\/product_tag?post=5204"}],"curies":[{"name":"wp","href":"https:\/\/api.w.org\/{rel}","templated":true}]}}