{"id":5181,"date":"2018-11-06T11:53:49","date_gmt":"2018-11-06T09:53:49","guid":{"rendered":"https:\/\/www.saxsim.ee\/?post_type=product&#038;p=5181"},"modified":"2018-11-06T14:50:43","modified_gmt":"2018-11-06T12:50:43","slug":"sensido-trillion-tones-pastel-blue-250-ml-pastellne-sinine-otsevarvipigment","status":"publish","type":"product","link":"https:\/\/saxsim.ee\/swp\/product\/sensido-trillion-tones-pastel-blue-250-ml-pastellne-sinine-otsevarvipigment\/","title":{"rendered":"SensiDO Trillion Tones Pastel Blue 250 ml. &#8211; pastellne sinine otsev\u00e4rvipigment"},"content":{"rendered":"<p>L\u00f5hnavaba, pastellne sinine v\u00e4rvipigment.<\/p>\n<p><span id=\"result_box\" class=\"\" lang=\"et\"><span class=\"\">Segades omavahel SensiDO Trillion Tones otsev\u00e4rvipigmente on v\u00f5imalus luua triljoneid erinevaid v\u00e4rvitoone t\u00f6\u00f6deldud, t\u00f6\u00f6tlemata ja isegi hallide juuste v\u00e4rvimiseks. Segades omavahel pastellse sinise ja valge v\u00e4rvipigmendi, saad luua erinevate varjunditega t\u00fcrkiissiniseid toone. Pastellse sinise ja kollase v\u00e4rvipigmendi segamine annab ilusaid rohelisi toone. Pastellse sinise, punase ja musta segamisel, neutraliseerid juustest edukalt oran\u017ee toone.<\/span><\/span><span id=\"result_box\" class=\"\" lang=\"et\"> <\/span><span id=\"result_box\" class=\"\" lang=\"et\"><span class=\"\">Pastellv\u00e4rvi intensiivsus on 20% intensiivv\u00e4rvist.<br \/>\n<\/span><\/span><\/p>\n<p><span id=\"result_box\" class=\"\" lang=\"et\"><span title=\"HUOM! \"><strong>T\u00c4HELEPANU!<\/strong><br \/>\n<\/span><span title=\"Sininen muuttuu kemiallisen reaktion my\u00f6t\u00e4 vihre\u00e4ksi alkalin ja hapetteen lis\u00e4yksen j\u00e4lkeen.\">Sinine <span class=\"\">otsev\u00e4rvipigment<\/span> muutub p\u00e4rast keemilist reaktsiooni leelise ja vesinikuga roheliseks. Peale segamist, v\u00f5ib kohe alustada v<\/span><span title=\"V\u00e4rin levitt\u00e4misen voi aloittaa hiukseen heti sekoittamisen j\u00e4lkeen, sill\u00e4 vihre\u00e4 s\u00e4vy palautuu muutamassa minuutissa siniseksi.\">\u00e4rvisegu kandmist juustele, sest roheline toon muutub m\u00f5ne minutiga j\u00e4lle siniseks. V\u00e4rvitoon s\u00e4ilib siis sellisena, nagu olete selle <span class=\"\">otsev\u00e4rvipigmentidest kokku seganud.<\/span><\/span><\/span><\/p>\n<p><span id=\"result_box\" class=\"\" lang=\"et\"><span class=\"\">Otsev\u00e4rvipigmendid sisaldavad juukseid kaitsvaid koostisaineid, mis eemaldavad juustest elektrit, annavad ilusa l\u00e4ike ja muudavad juuksed pehmeteks.<br \/>\n<\/span><\/span><\/p>\n<p>Pastellseid <span id=\"result_box\" class=\"\" lang=\"et\"><span class=\"\">otsev\u00e4rvipigmente on<\/span><\/span> ka: punast, kollast, pruuni ja musta.<\/p>\n<p>SensiDO Trillion Tones by Rebecca Taylor tooted on taimsed.<\/p>\n<p><strong>pH:<\/strong> 4,5<\/p>\n<p>SensiDO Trillion Tones v\u00e4rviretseptide abivahend: app.trilliontones.com<\/p>\n","protected":false},"excerpt":{"rendered":"<p>L\u00f5hnavaba, pastellne sinine v\u00e4rvipigment. Segades omavahel SensiDO Trillion Tones otsev\u00e4rvipigmente on v\u00f5imalus luua triljoneid erinevaid v\u00e4rvitoone t\u00f6\u00f6deldud, t\u00f6\u00f6tlemata ja isegi hallide juuste v\u00e4rvimiseks. Segades omavahel pastellse sinise ja valge v\u00e4rvipigmendi, saad luua erinevate varjunditega t\u00fcrkiissiniseid toone. Pastellse sinise ja kollase v\u00e4rvipigmendi segamine annab ilusaid rohelisi toone. Pastellse sinise, punase ja musta segamisel, neutraliseerid juustest edukalt [&hellip;]<\/p>\n","protected":false},"featured_media":5182,"comment_status":"closed","ping_status":"closed","template":"","meta":[],"product_cat":[395,95,652],"product_tag":[637],"class_list":{"0":"post-5181","1":"product","2":"type-product","3":"status-publish","4":"has-post-thumbnail","6":"product_cat-juuksed","7":"product_cat-sensido-juuksevarvid","8":"product_cat-sensido-trillion-tones","9":"product_tag-profitoode","11":"first","12":"instock","13":"taxable","14":"shipping-taxable","15":"purchasable","16":"product-type-simple"},"_links":{"self":[{"href":"https:\/\/saxsim.ee\/swp\/wp-json\/wp\/v2\/product\/5181"}],"collection":[{"href":"https:\/\/saxsim.ee\/swp\/wp-json\/wp\/v2\/product"}],"about":[{"href":"https:\/\/saxsim.ee\/swp\/wp-json\/wp\/v2\/types\/product"}],"replies":[{"embeddable":true,"href":"https:\/\/saxsim.ee\/swp\/wp-json\/wp\/v2\/comments?post=5181"}],"wp:featuredmedia":[{"embeddable":true,"href":"https:\/\/saxsim.ee\/swp\/wp-json\/wp\/v2\/media\/5182"}],"wp:attachment":[{"href":"https:\/\/saxsim.ee\/swp\/wp-json\/wp\/v2\/media?parent=5181"}],"wp:term":[{"taxonomy":"product_cat","embeddable":true,"href":"https:\/\/saxsim.ee\/swp\/wp-json\/wp\/v2\/product_cat?post=5181"},{"taxonomy":"product_tag","embeddable":true,"href":"https:\/\/saxsim.ee\/swp\/wp-json\/wp\/v2\/product_tag?post=5181"}],"curies":[{"name":"wp","href":"https:\/\/api.w.org\/{rel}","templated":true}]}}