{"id":5171,"date":"2018-11-03T10:52:54","date_gmt":"2018-11-03T08:52:54","guid":{"rendered":"https:\/\/www.saxsim.ee\/?post_type=product&#038;p=5171"},"modified":"2018-11-06T14:51:41","modified_gmt":"2018-11-06T12:51:41","slug":"sensido-trillion-tones-pastel-black-250-ml-pastellne-must-otsevarvipigment","status":"publish","type":"product","link":"https:\/\/saxsim.ee\/swp\/product\/sensido-trillion-tones-pastel-black-250-ml-pastellne-must-otsevarvipigment\/","title":{"rendered":"SensiDO Trillion Tones Pastel Black 250 ml. &#8211; pastellne must otsev\u00e4rvipigment"},"content":{"rendered":"<p>L\u00f5hnavaba, pastellne must v\u00e4rvipigment.<\/p>\n<p><span id=\"result_box\" class=\"\" lang=\"et\"><span class=\"\">Segades omavahel SensiDO Trillion Tones otsev\u00e4rvipigmente on v\u00f5imalus luua triljoneid erinevaid v\u00e4rvitoone t\u00f6\u00f6deldud, t\u00f6\u00f6tlemata ja isegi hallide juuste v\u00e4rvimiseks. Pastellse musta v\u00e4rvipigmendiga saad luua erinevaid halle toone ja segades punasega annab huvitavaid varjundeid. Musta ja pruuni segades saad heledaid loomulikke toone. Pastellv\u00e4rvi intensiivsus on 20% intensiivv\u00e4rvist.<br \/>\n<\/span><\/span><\/p>\n<p><span id=\"result_box\" class=\"\" lang=\"et\"><span class=\"\">Otsev\u00e4rvipigmendid sisaldavad juukseid kaitsvaid koostisaineid, mis eemaldavad juustest elektrit, annavad ilusa l\u00e4ike ja muudavad juuksed pehmeteks.<br \/>\n<\/span><\/span><\/p>\n<p>Pastellseid <span id=\"result_box\" class=\"\" lang=\"et\"><span class=\"\">otsev\u00e4rvipigmente on<\/span><\/span> ka: punast, sinist, pruuni ja kollast.<\/p>\n<p>SensiDO Trillion Tones by Rebecca Taylor tooted on taimsed.<\/p>\n<p><strong>pH:<\/strong> 4,5<\/p>\n<p>SensiDO Trillion Tones v\u00e4rviretseptide abivahend: app.trilliontones.com<\/p>\n","protected":false},"excerpt":{"rendered":"<p>L\u00f5hnavaba, pastellne must v\u00e4rvipigment. Segades omavahel SensiDO Trillion Tones otsev\u00e4rvipigmente on v\u00f5imalus luua triljoneid erinevaid v\u00e4rvitoone t\u00f6\u00f6deldud, t\u00f6\u00f6tlemata ja isegi hallide juuste v\u00e4rvimiseks. Pastellse musta v\u00e4rvipigmendiga saad luua erinevaid halle toone ja segades punasega annab huvitavaid varjundeid. Musta ja pruuni segades saad heledaid loomulikke toone. Pastellv\u00e4rvi intensiivsus on 20% intensiivv\u00e4rvist. Otsev\u00e4rvipigmendid sisaldavad juukseid kaitsvaid koostisaineid, [&hellip;]<\/p>\n","protected":false},"featured_media":5172,"comment_status":"closed","ping_status":"closed","template":"","meta":[],"product_cat":[395,95,652],"product_tag":[637],"class_list":{"0":"post-5171","1":"product","2":"type-product","3":"status-publish","4":"has-post-thumbnail","6":"product_cat-juuksed","7":"product_cat-sensido-juuksevarvid","8":"product_cat-sensido-trillion-tones","9":"product_tag-profitoode","11":"first","12":"instock","13":"taxable","14":"shipping-taxable","15":"purchasable","16":"product-type-simple"},"_links":{"self":[{"href":"https:\/\/saxsim.ee\/swp\/wp-json\/wp\/v2\/product\/5171"}],"collection":[{"href":"https:\/\/saxsim.ee\/swp\/wp-json\/wp\/v2\/product"}],"about":[{"href":"https:\/\/saxsim.ee\/swp\/wp-json\/wp\/v2\/types\/product"}],"replies":[{"embeddable":true,"href":"https:\/\/saxsim.ee\/swp\/wp-json\/wp\/v2\/comments?post=5171"}],"wp:featuredmedia":[{"embeddable":true,"href":"https:\/\/saxsim.ee\/swp\/wp-json\/wp\/v2\/media\/5172"}],"wp:attachment":[{"href":"https:\/\/saxsim.ee\/swp\/wp-json\/wp\/v2\/media?parent=5171"}],"wp:term":[{"taxonomy":"product_cat","embeddable":true,"href":"https:\/\/saxsim.ee\/swp\/wp-json\/wp\/v2\/product_cat?post=5171"},{"taxonomy":"product_tag","embeddable":true,"href":"https:\/\/saxsim.ee\/swp\/wp-json\/wp\/v2\/product_tag?post=5171"}],"curies":[{"name":"wp","href":"https:\/\/api.w.org\/{rel}","templated":true}]}}