{"id":5164,"date":"2018-11-02T22:01:33","date_gmt":"2018-11-02T20:01:33","guid":{"rendered":"https:\/\/www.saxsim.ee\/?post_type=product&#038;p=5164"},"modified":"2018-11-06T14:53:30","modified_gmt":"2018-11-06T12:53:30","slug":"sensido-trillion-tones-alkaline-0-1000-ml-leelis","status":"publish","type":"product","link":"https:\/\/saxsim.ee\/swp\/product\/sensido-trillion-tones-alkaline-0-1000-ml-leelis\/","title":{"rendered":"SensiDO Trillion Tones Alkaline \/0 1000 ml. &#8211; leelis"},"content":{"rendered":"<p><span id=\"result_box\" class=\"\" lang=\"et\"><span class=\"\">L\u00f5hnavaba leelis SensiDO Trillion Tones v\u00e4rvidele.<\/span><\/span><span id=\"result_box\" class=\"\" lang=\"et\"><\/span><\/p>\n<p><span id=\"result_box\" class=\"\" lang=\"et\"><span class=\"\">Leelis aitab v\u00e4rvipigmentidel tungida s\u00fcgavamale juuste sisse.<\/span> <span class=\"\">Leelises sisalduv ammoniaak soodustab valgendamisprotsessi, t\u00f6\u00f6tades katal\u00fcsaatorina koos vesinikperoksiidiga (oks\u00fcdandiga). <\/span><span class=\"\">\/0 leelis sobib k\u00f5ikideks p\u00f5hilisteks v\u00e4rvimisteks.<\/span><\/span><\/p>\n<p><span class=\"\">Leelis sisaldab v\u00e4rviparandajat, mis pikendab juuksev\u00e4rvi kestvust ja muudab juuksev\u00e4rvi intensiivsemaks. <\/span><span class=\"\">See kaitseb ka juukseid v\u00e4rvimise ajal ja annab juustele ilusa l\u00e4ike.<\/span><\/p>\n<p><span id=\"result_box\" class=\"\" lang=\"et\">M\u00fc\u00fcgis on ka SensiDO Trillion Tones Alkaline \/00, mis sobib raskemateks v\u00e4rvimisteks, nagu n\u00e4iteks valgendamiseks ja hallide juuste v\u00e4rvimiseks.<\/span><\/p>\n<p>SensiDO Trillion Tones by Rebecca Taylor tooted on taimsed.<\/p>\n<p><strong>pH:<\/strong> 10,5<\/p>\n<p>SensiDO Trillion Tones v\u00e4rviretseptide abivahend: app.trilliontones.com<\/p>\n","protected":false},"excerpt":{"rendered":"<p>L\u00f5hnavaba leelis SensiDO Trillion Tones v\u00e4rvidele. Leelis aitab v\u00e4rvipigmentidel tungida s\u00fcgavamale juuste sisse. Leelises sisalduv ammoniaak soodustab valgendamisprotsessi, t\u00f6\u00f6tades katal\u00fcsaatorina koos vesinikperoksiidiga (oks\u00fcdandiga). \/0 leelis sobib k\u00f5ikideks p\u00f5hilisteks v\u00e4rvimisteks. Leelis sisaldab v\u00e4rviparandajat, mis pikendab juuksev\u00e4rvi kestvust ja muudab juuksev\u00e4rvi intensiivsemaks. See kaitseb ka juukseid v\u00e4rvimise ajal ja annab juustele ilusa l\u00e4ike. M\u00fc\u00fcgis on ka SensiDO [&hellip;]<\/p>\n","protected":false},"featured_media":5165,"comment_status":"closed","ping_status":"closed","template":"","meta":[],"product_cat":[395,95,652],"product_tag":[637],"class_list":{"0":"post-5164","1":"product","2":"type-product","3":"status-publish","4":"has-post-thumbnail","6":"product_cat-juuksed","7":"product_cat-sensido-juuksevarvid","8":"product_cat-sensido-trillion-tones","9":"product_tag-profitoode","11":"first","12":"instock","13":"taxable","14":"shipping-taxable","15":"purchasable","16":"product-type-simple"},"_links":{"self":[{"href":"https:\/\/saxsim.ee\/swp\/wp-json\/wp\/v2\/product\/5164"}],"collection":[{"href":"https:\/\/saxsim.ee\/swp\/wp-json\/wp\/v2\/product"}],"about":[{"href":"https:\/\/saxsim.ee\/swp\/wp-json\/wp\/v2\/types\/product"}],"replies":[{"embeddable":true,"href":"https:\/\/saxsim.ee\/swp\/wp-json\/wp\/v2\/comments?post=5164"}],"wp:featuredmedia":[{"embeddable":true,"href":"https:\/\/saxsim.ee\/swp\/wp-json\/wp\/v2\/media\/5165"}],"wp:attachment":[{"href":"https:\/\/saxsim.ee\/swp\/wp-json\/wp\/v2\/media?parent=5164"}],"wp:term":[{"taxonomy":"product_cat","embeddable":true,"href":"https:\/\/saxsim.ee\/swp\/wp-json\/wp\/v2\/product_cat?post=5164"},{"taxonomy":"product_tag","embeddable":true,"href":"https:\/\/saxsim.ee\/swp\/wp-json\/wp\/v2\/product_tag?post=5164"}],"curies":[{"name":"wp","href":"https:\/\/api.w.org\/{rel}","templated":true}]}}