{"id":5162,"date":"2018-11-02T21:55:05","date_gmt":"2018-11-02T19:55:05","guid":{"rendered":"https:\/\/www.saxsim.ee\/?post_type=product&#038;p=5162"},"modified":"2018-11-06T14:54:07","modified_gmt":"2018-11-06T12:54:07","slug":"sensido-trillion-tones-75-developer-1000-ml-kreemvesinik","status":"publish","type":"product","link":"https:\/\/saxsim.ee\/swp\/product\/sensido-trillion-tones-75-developer-1000-ml-kreemvesinik\/","title":{"rendered":"SensiDO Trillion Tones 7,5% Developer 1000 ml. &#8211; kreemvesinik"},"content":{"rendered":"<p><span id=\"result_box\" class=\"\" lang=\"et\"><span class=\"\">7,5% l\u00f5hnavaba kreemvesinik SensiDO Trillion Tones v\u00e4rvidele.<\/span><\/span><\/p>\n<p><span id=\"result_box\" class=\"\" lang=\"et\">Vesiniku kreemjas koostis muudab v\u00e4rvimassi pehmeks, meeldivalt t\u00f6\u00f6deldavaks ja v\u00e4rvisegu on kerge kanda juustele. Kasutage ainult <span class=\"\">SensiDO Trillion Tones v\u00e4rvidega.<\/span><\/span><\/p>\n<p>M\u00fc\u00fcgis on ka SensiDO Trillion Tones 3% Developer, 1000 ml.<span id=\"result_box\" class=\"\" lang=\"et\"><br \/>\n<\/span>SensiDO Trillion Tones by Rebecca Taylor tooted on taimsed.<\/p>\n<p><strong>pH:<\/strong> 2,5-3<\/p>\n<p>SensiDO Trillion Tones v\u00e4rviretseptide abivahend: app.trilliontones.com<\/p>\n","protected":false},"excerpt":{"rendered":"<p>7,5% l\u00f5hnavaba kreemvesinik SensiDO Trillion Tones v\u00e4rvidele. Vesiniku kreemjas koostis muudab v\u00e4rvimassi pehmeks, meeldivalt t\u00f6\u00f6deldavaks ja v\u00e4rvisegu on kerge kanda juustele. Kasutage ainult SensiDO Trillion Tones v\u00e4rvidega. M\u00fc\u00fcgis on ka SensiDO Trillion Tones 3% Developer, 1000 ml. SensiDO Trillion Tones by Rebecca Taylor tooted on taimsed. pH: 2,5-3 SensiDO Trillion Tones v\u00e4rviretseptide abivahend: app.trilliontones.com<\/p>\n","protected":false},"featured_media":5163,"comment_status":"closed","ping_status":"closed","template":"","meta":[],"product_cat":[395,95,652],"product_tag":[637],"class_list":{"0":"post-5162","1":"product","2":"type-product","3":"status-publish","4":"has-post-thumbnail","6":"product_cat-juuksed","7":"product_cat-sensido-juuksevarvid","8":"product_cat-sensido-trillion-tones","9":"product_tag-profitoode","11":"first","12":"instock","13":"taxable","14":"shipping-taxable","15":"purchasable","16":"product-type-simple"},"_links":{"self":[{"href":"https:\/\/saxsim.ee\/swp\/wp-json\/wp\/v2\/product\/5162"}],"collection":[{"href":"https:\/\/saxsim.ee\/swp\/wp-json\/wp\/v2\/product"}],"about":[{"href":"https:\/\/saxsim.ee\/swp\/wp-json\/wp\/v2\/types\/product"}],"replies":[{"embeddable":true,"href":"https:\/\/saxsim.ee\/swp\/wp-json\/wp\/v2\/comments?post=5162"}],"wp:featuredmedia":[{"embeddable":true,"href":"https:\/\/saxsim.ee\/swp\/wp-json\/wp\/v2\/media\/5163"}],"wp:attachment":[{"href":"https:\/\/saxsim.ee\/swp\/wp-json\/wp\/v2\/media?parent=5162"}],"wp:term":[{"taxonomy":"product_cat","embeddable":true,"href":"https:\/\/saxsim.ee\/swp\/wp-json\/wp\/v2\/product_cat?post=5162"},{"taxonomy":"product_tag","embeddable":true,"href":"https:\/\/saxsim.ee\/swp\/wp-json\/wp\/v2\/product_tag?post=5162"}],"curies":[{"name":"wp","href":"https:\/\/api.w.org\/{rel}","templated":true}]}}