{"id":5158,"date":"2018-11-02T09:23:21","date_gmt":"2018-11-02T07:23:21","guid":{"rendered":"https:\/\/www.saxsim.ee\/?post_type=product&#038;p=5158"},"modified":"2018-11-06T14:55:07","modified_gmt":"2018-11-06T12:55:07","slug":"sensido-trillion-tones-white-250-ml-valge-otsevarvipigment","status":"publish","type":"product","link":"https:\/\/saxsim.ee\/swp\/product\/sensido-trillion-tones-white-250-ml-valge-otsevarvipigment\/","title":{"rendered":"SensiDO Trillion Tones White 250 ml. &#8211; valge otsev\u00e4rvipigment"},"content":{"rendered":"<p>L\u00f5hnavaba, valge v\u00e4rvipigment.<\/p>\n<p><span id=\"result_box\" class=\"\" lang=\"et\"><span class=\"\">Segades omavahel SensiDO Trillion Tones otsev\u00e4rvipigmente on v\u00f5imalus luua triljoneid erinevaid v\u00e4rvitoone t\u00f6\u00f6deldud, t\u00f6\u00f6tlemata ja isegi hallide juuste v\u00e4rvimiseks. Valge v\u00e4rvipigmendiga lood meelep\u00e4rase intensiivsusega pastell- ja intensiivv\u00e4rve.<br \/>\n<\/span><\/span><\/p>\n<p><span id=\"result_box\" class=\"\" lang=\"et\"><span class=\"\">Otsev\u00e4rvipigmendid sisaldavad juukseid kaitsvaid koostisaineid, mis eemaldavad juustest elektrit, annavad ilusa l\u00e4ike ja muudavad juuksed pehmeteks.<br \/>\n<\/span><\/span><\/p>\n<p>SensiDO Trillion Tones by Rebecca Taylor tooted on taimsed.<\/p>\n<p><strong>pH:<\/strong> 4,5<\/p>\n<p>SensiDO Trillion Tones v\u00e4rviretseptide abivahend: app.trilliontones.com<\/p>\n","protected":false},"excerpt":{"rendered":"<p>L\u00f5hnavaba, valge v\u00e4rvipigment. Segades omavahel SensiDO Trillion Tones otsev\u00e4rvipigmente on v\u00f5imalus luua triljoneid erinevaid v\u00e4rvitoone t\u00f6\u00f6deldud, t\u00f6\u00f6tlemata ja isegi hallide juuste v\u00e4rvimiseks. Valge v\u00e4rvipigmendiga lood meelep\u00e4rase intensiivsusega pastell- ja intensiivv\u00e4rve. Otsev\u00e4rvipigmendid sisaldavad juukseid kaitsvaid koostisaineid, mis eemaldavad juustest elektrit, annavad ilusa l\u00e4ike ja muudavad juuksed pehmeteks. SensiDO Trillion Tones by Rebecca Taylor tooted on taimsed. [&hellip;]<\/p>\n","protected":false},"featured_media":5159,"comment_status":"closed","ping_status":"closed","template":"","meta":[],"product_cat":[395,95,652],"product_tag":[637],"class_list":{"0":"post-5158","1":"product","2":"type-product","3":"status-publish","4":"has-post-thumbnail","6":"product_cat-juuksed","7":"product_cat-sensido-juuksevarvid","8":"product_cat-sensido-trillion-tones","9":"product_tag-profitoode","11":"first","12":"instock","13":"taxable","14":"shipping-taxable","15":"purchasable","16":"product-type-simple"},"_links":{"self":[{"href":"https:\/\/saxsim.ee\/swp\/wp-json\/wp\/v2\/product\/5158"}],"collection":[{"href":"https:\/\/saxsim.ee\/swp\/wp-json\/wp\/v2\/product"}],"about":[{"href":"https:\/\/saxsim.ee\/swp\/wp-json\/wp\/v2\/types\/product"}],"replies":[{"embeddable":true,"href":"https:\/\/saxsim.ee\/swp\/wp-json\/wp\/v2\/comments?post=5158"}],"wp:featuredmedia":[{"embeddable":true,"href":"https:\/\/saxsim.ee\/swp\/wp-json\/wp\/v2\/media\/5159"}],"wp:attachment":[{"href":"https:\/\/saxsim.ee\/swp\/wp-json\/wp\/v2\/media?parent=5158"}],"wp:term":[{"taxonomy":"product_cat","embeddable":true,"href":"https:\/\/saxsim.ee\/swp\/wp-json\/wp\/v2\/product_cat?post=5158"},{"taxonomy":"product_tag","embeddable":true,"href":"https:\/\/saxsim.ee\/swp\/wp-json\/wp\/v2\/product_tag?post=5158"}],"curies":[{"name":"wp","href":"https:\/\/api.w.org\/{rel}","templated":true}]}}