{"id":5137,"date":"2019-06-04T10:09:30","date_gmt":"2019-06-04T07:09:30","guid":{"rendered":"https:\/\/www.saxsim.ee\/?post_type=product&#038;p=5137"},"modified":"2024-01-05T11:16:08","modified_gmt":"2024-01-05T09:16:08","slug":"sensido-simplex-bonder-500-ml","status":"publish","type":"product","link":"https:\/\/saxsim.ee\/swp\/product\/sensido-simplex-bonder-500-ml\/","title":{"rendered":"SensiDO Simplex Bonder 500 ml. &#8211; juuste intensiivravi"},"content":{"rendered":"<p><span id=\"result_box\" class=\"\" lang=\"et\"><span title=\"Hajusteeton SensiDO Simplex Bonder on vaalennuksen, v\u00e4rj\u00e4yksen ja rakennek\u00e4sittelyiden yhteydess\u00e4 k\u00e4ytett\u00e4v\u00e4 tuote, joka suojaa hiusta eritt\u00e4in tehokkaasti teknisenk\u00e4sittelyn aikana.\">L\u00f5hnastamata SensiDO Simplex Bonderit kasutatakse juuste kaitsmiseks valgendamisel, v\u00e4rvimisel ja juuksestruktuuri t\u00f6\u00f6tlemisel.\u00a0<\/span><span title=\"SensiDO Simplex Bonder on t\u00e4ysin uudella tavalla toimiva korjaava ja vahvistava tehohoitotuote, joka elvytt\u00e4\u00e4 kaikkein huonokuntoisimmatkin hiukset upeiksi, kiilt\u00e4viksi ja vahvoiksi.\">SensiDO Simplex Bonder on t\u00e4iesti uuel moel, juukseid efektiivselt parandav ja tugevdav intensiivravi toode.\u00a0 Taastab ka k\u00f5ige halvemas olukorras olevad juuksed suurep\u00e4raselt l\u00e4ikivateks ja tugevateks. Sobib k\u00f5ikidele juukset\u00fc\u00fcpidele, nii t\u00f6\u00f6deldud kui ka t\u00f6\u00f6tlemata juustele.<\/span><\/span><\/p>\n<p><span title=\"Uusi innovatiivinen teknologia suojaa hiuksen rikkisidoksia ja rakennepaikkaa jo katkenneet sidokset ennenn\u00e4kem\u00e4tt\u00f6m\u00e4ll\u00e4 tavalla vahvistaen samalla hiusta.\">Uus\u00a0innovaatiline\u00a0tehnoloogia hoiab \u00e4ra juuste v\u00e4\u00e4vel- ehk\u00a0disulfiidsildade \u00a0purunemise, parandab eelnevalt purustatud sillad ja tugevdab juukseid. Parandab juuste v\u00e4rvi vastupidavust ja kaitseb juukseid mehaanilise stressi tekitatud kahjustuste eest.\u00a0<span title=\"Tuotteen toimivuus perustuu hiusten yht\u00e4aikaiseen suojaamiseen, korjaamiseen ja vahvistamiseen.\">Toote funktsionaalsus p\u00f5hineb juuste samaaegsel kaitsmisel, parandamisel ja tugevdamisel.\u00a0<\/span><span title=\"T\u00e4m\u00e4n ansiosta tuotetta voidaan k\u00e4ytt\u00e4\u00e4 monipuolisesti v\u00e4ri- ja vaalennusk\u00e4sittelyiden lis\u00e4ksi permanentti-, suoristus- ja keratiinik\u00e4sittelyjen yhteydess\u00e4 sek\u00e4 tehohoitona.\">See v\u00f5imaldab toodet kasutada v\u00e4ga mitmek\u00fclgselt: v\u00e4rvimisel, valgendamisel, keemilise loki tegemisel, sirgendamisel ja keratiinihooldusel ning ka intensiivravina.\u00a0<\/span><\/span><span id=\"result_box\" class=\"\" lang=\"et\"><\/span><\/p>\n<p><span title=\"Tuote on vegaaninen.\">Toode on looduslik.<\/span><\/p>\n<p>pH: 9-10<\/p>\n<p><strong><u>KASUTAMISJUHEND<\/u><\/strong><\/p>\n<p><strong><u>Valgendamine + SensiDO Simplex Bonder<\/u><\/strong><\/p>\n<p>Blondeerimispulber: 1 osa<br \/>\nVesinik: 2 v\u00f5i 3 osa<br \/>\nSensiDO Simplex Bonder: 25% blondeerimispulbri kogusest<\/p>\n<p><strong>M\u00e4rkus:\u00a0<\/strong>Kui kasutate SensiDO Simplex Bonderit koos valgendusainega, \u00e4rge suurendage vesiniku % ega m\u00f5juaega!<\/p>\n<p>Vesiniku kogus ei m\u00f5juta SensiDO Simplex Bonderi kogust. J\u00e4rgige kasutatava valgendusaine kasutamisjuhiseid ja segage neid vastavalt. Esmalt segage omavahel valgendusaine ja vesinik, seej\u00e4rel lisage SensiDO Simplex Bonder. Valgendage oma juukseid vastavalt kasutatava valgendusaine juhistele. P\u00e4rast m\u00f5juaja l\u00f5ppu, loputa juuksed hoolikalt, pese ja hoolda oma juukseid valitud toodetega.<\/p>\n<p><strong>Lisasoojuse kasutamine valgendamisel<\/strong><br \/>\nSensiDO Simplex Bonderiga v\u00f5ib kasutada ka lisasoojust, kuid j\u00e4lgige protsessi arengut iga 3-5 minuti j\u00e4rel. Kui juuksed valgendamise ajal kuumenevad, v\u00f5ib see olla tingitud nt.veest juustesse kogunenud mineraalidest, mitte \u00a0SensiDO Simplex Bonderist. Loputage valgendusaine koheselt juustest. Temperatuur ei tohiks \u00fcletada 40 kraadi ja m\u00f5juaeg 20 minutit.<\/p>\n<p><strong><u>V\u00e4rvimine + SensiDO Simplex Bonder<\/u><\/strong><\/p>\n<p>V\u00e4rv: 1 osa<br \/>\nVesinik: 1, 2 v\u00f5i 3 osa<br \/>\nSensiDO Simplex Bonder: 10% v\u00e4rvi kogusest<\/p>\n<p><strong>M\u00e4rkus:<\/strong> \u00c4rge suurendage vesiniku %.<\/p>\n<p>M\u00f5\u00f5tke vastav kogus SensiDO Simplex Bonderit, mida vajate v\u00e4rvi kasutamisel. Vesiniku kogus ei m\u00f5juta SensiDO Simplex Bonderi kogust! Tehke segu vastavalt kasutatava v\u00e4rvi \u00f5petusele. Esmalt segage v\u00e4rv ja vesinik, seej\u00e4rel lisage SensiDO Simplex Bonder. Valige vesiniku tugevus vastavalt kasutatava v\u00e4rvi \u00f5petusele. P\u00e4rast m\u00f5juaja l\u00f5ppu, loputa juuksed hoolikalt, pese ja hoolda oma juukseid valitud toodetega.<\/p>\n<p><strong><u>SensiDO Simplex Bonder intensiivravi<\/u><\/strong><\/p>\n<p>SensiDO Simplex Bonder on t\u00e4iesti uudsel moel toimiv efektiivne parandav ja tugevdav intensiivravi toode, mis parandab ka k\u00f5ige halvemas olukorras olevad juuksed glamuurselt l\u00e4ikivateks ja tugevateks. SensiDO Simplex Bonderit saab kasutada samal viisil nagu regulaarset intensiivravi teenust v\u00f5i v\u00f5imaldada kliendile v\u00e4rvimis- v\u00f5i valgendamisteenust isegi k\u00f5ige keerulisemas seisukorras juuste puhul. Kui teie kliendi juuksed on t\u00f5esti kehvad, siis kasutage SensiDO Simplex Bonderi intensiivset hooldust 1-3 p\u00e4eva enne v\u00e4rvimist v\u00f5i valgendamist.<\/p>\n<p><strong>Intensiivravi segamise suhe:<\/strong><br \/>\nVesi: 70%<br \/>\nSensiDO Simplex Bonder: 30%<\/p>\n<p>Segage 70% vett ja 30% SensiDO Simplex Bonderit aplikaatorpudelisse. Kanna segu kuivadesse juustesse alustades juustejuurtest kuni \u2013otsteni ja kammi \u00fcks kord l\u00e4bi. Lase m\u00f5juda 15 minutit v\u00f5i kauem. \u00c4rge loputage, vaid kande juuksemask ( nt. DS Intensive Moisture Mask ) juustesse, alustades juustejuurtest kuni \u2013otsteni. Lase m\u00f5juda 15 minutit v\u00f5i kauem.<\/p>\n<p><strong>M\u00e4rkus:<\/strong> V\u00f5ite pikendada toote m\u00f5juaega, mida kauem toode m\u00f5jub, seda efektiivsem on ravitulemus, kuid toode tuleb alati juustest v\u00e4lja pesta. P\u00e4rast m\u00f5juaja l\u00f5ppu, loputa juuksed hoolikalt, pese ja hoolda oma juukseid valitud toodetega.<\/p>\n<p><strong><u>Keemiline lokk + SensiDO Simplex Bonder<\/u><\/strong><\/p>\n<p>Tehke keemilist lokki vastavalt juhistele. Kuivata juuksed r\u00e4tikuga. Segage omavahel 70% vett ja 30% SensiDO Simplex Bonderit aplikaatorpudelisse. Kanna segu juustesse ja lase m\u00f5juda 15 minutit. P\u00e4rast m\u00f5juaja l\u00f5ppu, loputa juuksed hoolikalt, pese ja hoolda oma juukseid valitud toodetega.<br \/>\n<strong><u>Keratiinihooldused + SensiDO Simplex Bonder<\/u><\/strong><\/p>\n<p>SensiDO Simplex Bonderit v\u00f5ib kasutada kas enne v\u00f5i p\u00e4rast keratiinihooldust. Tehke tavaline ravi ( vt. SensiDO Simplex Bonder intensiivravi ). Tee keratiinihooldus vastavalt \u00f5petusele.<\/p>\n<p><strong><u>Keemiline sirgendamine + SensiDO Simplex Bonder<\/u><\/strong><\/p>\n<p>Peale kinniti loputamist, kuivata juuksed r\u00e4tikuga . Segage omavahel 70% vett ja 30% SensiDO Simplex Bonderit aplikaatorpudelisse. Kanna segu juustesse ja lase m\u00f5juda 15 minutit. P\u00e4rast m\u00f5juaja l\u00f5ppu, loputa juuksed hoolikalt, pese ja hoolda oma juukseid valitud toodetega.<br \/>\n<strong><u>Pikendused + SensiDO Simplex Bonder<\/u><\/strong><\/p>\n<p>SensiDO Simplex Bonderit v\u00f5ib kasutada ka juustepikendustega. J\u00e4rgige tootja juhiseid ja ettevaatusabin\u00f5usid pikenduste kinnituspunktides.<\/p>\n<p>&nbsp;<\/p>\n<p>&nbsp;<\/p>\n","protected":false},"excerpt":{"rendered":"<p>L\u00f5hnastamata SensiDO Simplex Bonderit kasutatakse juuste kaitsmiseks valgendamisel, v\u00e4rvimisel ja juuksestruktuuri t\u00f6\u00f6tlemisel.\u00a0SensiDO Simplex Bonder on t\u00e4iesti uuel moel, juukseid efektiivselt parandav ja tugevdav intensiivravi toode.\u00a0 Taastab ka k\u00f5ige halvemas olukorras olevad juuksed suurep\u00e4raselt l\u00e4ikivateks ja tugevateks. Sobib k\u00f5ikidele juukset\u00fc\u00fcpidele, nii t\u00f6\u00f6deldud kui ka t\u00f6\u00f6tlemata juustele. Uus\u00a0innovaatiline\u00a0tehnoloogia hoiab \u00e4ra juuste v\u00e4\u00e4vel- ehk\u00a0disulfiidsildade \u00a0purunemise, parandab eelnevalt purustatud [&hellip;]<\/p>\n","protected":false},"featured_media":5139,"comment_status":"closed","ping_status":"closed","template":"","meta":[],"product_cat":[395,666,246],"product_tag":[637],"class_list":{"0":"post-5137","1":"product","2":"type-product","3":"status-publish","4":"has-post-thumbnail","6":"product_cat-juuksed","7":"product_cat-professionaalseks-kasutamiseks","8":"product_cat-sensido-lisatooted","9":"product_tag-profitoode","11":"first","12":"instock","13":"featured","14":"taxable","15":"shipping-taxable","16":"purchasable","17":"product-type-simple"},"_links":{"self":[{"href":"https:\/\/saxsim.ee\/swp\/wp-json\/wp\/v2\/product\/5137"}],"collection":[{"href":"https:\/\/saxsim.ee\/swp\/wp-json\/wp\/v2\/product"}],"about":[{"href":"https:\/\/saxsim.ee\/swp\/wp-json\/wp\/v2\/types\/product"}],"replies":[{"embeddable":true,"href":"https:\/\/saxsim.ee\/swp\/wp-json\/wp\/v2\/comments?post=5137"}],"wp:featuredmedia":[{"embeddable":true,"href":"https:\/\/saxsim.ee\/swp\/wp-json\/wp\/v2\/media\/5139"}],"wp:attachment":[{"href":"https:\/\/saxsim.ee\/swp\/wp-json\/wp\/v2\/media?parent=5137"}],"wp:term":[{"taxonomy":"product_cat","embeddable":true,"href":"https:\/\/saxsim.ee\/swp\/wp-json\/wp\/v2\/product_cat?post=5137"},{"taxonomy":"product_tag","embeddable":true,"href":"https:\/\/saxsim.ee\/swp\/wp-json\/wp\/v2\/product_tag?post=5137"}],"curies":[{"name":"wp","href":"https:\/\/api.w.org\/{rel}","templated":true}]}}