{"id":5111,"date":"2018-10-29T13:08:43","date_gmt":"2018-10-29T11:08:43","guid":{"rendered":"https:\/\/www.saxsim.ee\/?post_type=product&#038;p=5111"},"modified":"2025-07-11T10:37:09","modified_gmt":"2025-07-11T07:37:09","slug":"sensido-match-caramel-copper-125-ml-otsevarv","status":"publish","type":"product","link":"https:\/\/saxsim.ee\/swp\/product\/sensido-match-caramel-copper-125-ml-otsevarv\/","title":{"rendered":"SensiDO Match Caramel Copper 125 ml. &#8211; otsev\u00e4rv"},"content":{"rendered":"<p>Looduslikult pehme vase toon, millega on v\u00f5imalik v\u00e4rvida keskmiselt heledatest kuni heledate juusteni. V\u00e4rv v\u00f5ib p\u00fcsida juustes isegi \u00fcle 20 pesu, olenevalt juuste t\u00fc\u00fcbist, seisukorrast ja <span id=\"result_box\" class=\"\" lang=\"et\"><span title=\"S\u00e4vy kest\u00e4\u00e4 hiuksissa jopa yli 20 pesua, riippuen hiuslaadusta, hiusten kunnosta ja k\u00e4ytetyst\u00e4 s\u00e4vyst\u00e4.\">kasutatavast toonist.\u00a0SensiDO Match otsev\u00e4rv ravib, niisutab ja taastab efektiivselt juukseid v\u00e4rvimise ajal.\u00a0<\/span><\/span><\/p>\n<p>K\u00f5iki SensiDO Match otsev\u00e4rve v\u00f5ib omavahel segada. SensiDO Match Clear&#8217;i abil saate intensiivsetest otsev\u00e4rvidest luua ilusaid pastelltoone v\u00f5i muuta v\u00e4rvi tooni heledamaks. SensiDO Match otsev\u00e4rvide kasutamine on lihtne. T\u00e4nu nende kreemjale koostisele on neid kerge kanda \u00fchtlaselt juustesse. Sobivad k\u00f5ikidele juukset\u00fc\u00fcpidele. Sisaldavad kuuma- ja UV-kaitset.<\/p>\n<p>SensiDO Match otsev\u00e4rv on l\u00f5hnatu ja taimne toode.<\/p>\n<p><strong>Kasutamine:<\/strong> Kanna v\u00e4rv kuivadesse v\u00f5i niisketesse juustesse. Lase m\u00f5juda 10-20 min. ja loputa hoolikalt. Looge pastellseid toone, lisades SensiDO Match otsev\u00e4rvi v\u00e4hesel m\u00e4\u00e4ral SensiDO Match Clear-i hulka.<\/p>\n<p><span id=\"result_box\" class=\"\" lang=\"et\"><strong><span title=\"Huom!\">NB! <\/span><\/strong><span title=\"K\u00e4yt\u00e4 suojak\u00e4sineit\u00e4, suojaa vaatteet ja v\u00e4lt\u00e4 v\u00e4rin levi\u00e4minen iholle.\">Kasutage kaitsekindaid, kaitske oma riideid ja v\u00e4ltige v\u00e4rvi sattumist nahale. Niiskena v\u00f5ib m\u00e4\u00e4rida r\u00e4tiku\/padja.<\/span><\/span><\/p>\n<p><strong>pH:<\/strong> 4.5<\/p>\n<p><span id=\"result_box\" class=\"\" lang=\"et\"><span title=\"Saattaa p\u00e4\u00e4st\u00e4\u00e4 m\u00e4rk\u00e4n\u00e4 v\u00e4ri\u00e4 pyyhkeeseen \/ lakanoihin.\"><strong>Kasulik nipp juuksuritele<\/strong><\/span><\/span><\/p>\n<p><span id=\"result_box\" class=\"\" lang=\"et\">Segades omavahel Caramel Copper ja Classy Red otsev\u00e4rve, on v\u00f5imalus luua ilusaid tumedaid oran\u017ee toone. <span class=\"\">Sooja pruuni tooni saamiseks, segage omavahel Caramel Copper ja Coffee otsev\u00e4rvid.<\/span><span class=\"\"><br \/>\n<\/span><\/span><\/p>\n","protected":false},"excerpt":{"rendered":"<p>Looduslikult pehme vase toon, millega on v\u00f5imalik v\u00e4rvida keskmiselt heledatest kuni heledate juusteni. V\u00e4rv v\u00f5ib p\u00fcsida juustes isegi \u00fcle 20 pesu, olenevalt juuste t\u00fc\u00fcbist, seisukorrast ja kasutatavast toonist.\u00a0SensiDO Match otsev\u00e4rv ravib, niisutab ja taastab efektiivselt juukseid v\u00e4rvimise ajal.\u00a0 K\u00f5iki SensiDO Match otsev\u00e4rve v\u00f5ib omavahel segada. SensiDO Match Clear&#8217;i abil saate intensiivsetest otsev\u00e4rvidest luua ilusaid pastelltoone [&hellip;]<\/p>\n","protected":false},"featured_media":5112,"comment_status":"closed","ping_status":"closed","template":"","meta":[],"product_cat":[251,673,395,95,651,665],"product_tag":[],"class_list":{"0":"post-5111","1":"product","2":"type-product","3":"status-publish","4":"has-post-thumbnail","6":"product_cat-lopumuuk","7":"product_cat-sensido","8":"product_cat-juuksed","9":"product_cat-sensido-juuksevarvid","10":"product_cat-sensido-match","11":"product_cat-juuksevarvid-kodukasutajale","13":"first","14":"instock","15":"sale","16":"taxable","17":"shipping-taxable","18":"purchasable","19":"product-type-simple"},"_links":{"self":[{"href":"https:\/\/saxsim.ee\/swp\/wp-json\/wp\/v2\/product\/5111"}],"collection":[{"href":"https:\/\/saxsim.ee\/swp\/wp-json\/wp\/v2\/product"}],"about":[{"href":"https:\/\/saxsim.ee\/swp\/wp-json\/wp\/v2\/types\/product"}],"replies":[{"embeddable":true,"href":"https:\/\/saxsim.ee\/swp\/wp-json\/wp\/v2\/comments?post=5111"}],"wp:featuredmedia":[{"embeddable":true,"href":"https:\/\/saxsim.ee\/swp\/wp-json\/wp\/v2\/media\/5112"}],"wp:attachment":[{"href":"https:\/\/saxsim.ee\/swp\/wp-json\/wp\/v2\/media?parent=5111"}],"wp:term":[{"taxonomy":"product_cat","embeddable":true,"href":"https:\/\/saxsim.ee\/swp\/wp-json\/wp\/v2\/product_cat?post=5111"},{"taxonomy":"product_tag","embeddable":true,"href":"https:\/\/saxsim.ee\/swp\/wp-json\/wp\/v2\/product_tag?post=5111"}],"curies":[{"name":"wp","href":"https:\/\/api.w.org\/{rel}","templated":true}]}}