{"id":5062,"date":"2018-10-12T13:09:14","date_gmt":"2018-10-12T10:09:14","guid":{"rendered":"https:\/\/www.saxsim.ee\/?post_type=product&#038;p=5062"},"modified":"2025-07-06T10:28:53","modified_gmt":"2025-07-06T07:28:53","slug":"ds-dry-shampoo-300-ml-kuivsampoon","status":"publish","type":"product","link":"https:\/\/saxsim.ee\/swp\/product\/ds-dry-shampoo-300-ml-kuivsampoon\/","title":{"rendered":"DS Dry Shampoo 300 ml. &#8211; kuiv\u0161ampoon"},"content":{"rendered":"<p>L\u00f5hnavaba kuiv\u0161ampoon v\u00e4rskendab koheselt juukseid ja peanahka.\u00a0 Kuiv\u0161ampoon seob mustuse ja eemaldab juustest rasvasuse tunde, muutes juuksed kohevamateks. Kuiv\u0161ampooni kerge matt koostis annab juustele vol\u00fc\u00fcmi ja struktuuri. Juuksed tunduvad kohe v\u00e4rskematena ja kohevamatena. Sisaldab\u00a0UV-kaitset.<\/p>\n<p><strong><u>Kasutamine:<\/u> <\/strong>Enne kasutamist raputada pudelit tugevalt, kuni pudelis olev kuul hakkab liikuma. Pihusta 25 &#8211; 30 cm kauguselt juustele, kammi ja kujunda vastavalt oma soovile.<\/p>\n<p><span id=\"result_box\" class=\"\" lang=\"et\"><span class=\"\"><strong>N\u00e4pun\u00e4ide:<\/strong> Pihustage kuiv\u0161ampooni niisketele juustele ja f\u00f6\u00f6nitage. Nii saate juustele lisavol\u00fc\u00fcmi ja juuksed n\u00e4evad v\u00e4lja eriti kohevatena!<\/span><\/span><\/p>\n<p>&nbsp;<\/p>\n","protected":false},"excerpt":{"rendered":"<p>L\u00f5hnavaba kuiv\u0161ampoon v\u00e4rskendab koheselt juukseid ja peanahka.\u00a0 Kuiv\u0161ampoon seob mustuse ja eemaldab juustest rasvasuse tunde, muutes juuksed kohevamateks. Kuiv\u0161ampooni kerge matt koostis annab juustele vol\u00fc\u00fcmi ja struktuuri. Juuksed tunduvad kohe v\u00e4rskematena ja kohevamatena. Sisaldab\u00a0UV-kaitset. Kasutamine: Enne kasutamist raputada pudelit tugevalt, kuni pudelis olev kuul hakkab liikuma. Pihusta 25 &#8211; 30 cm kauguselt juustele, kammi ja [&hellip;]<\/p>\n","protected":false},"featured_media":5064,"comment_status":"closed","ping_status":"closed","template":"","meta":[],"product_cat":[728,395,659,692],"product_tag":[],"class_list":{"0":"post-5062","1":"product","2":"type-product","3":"status-publish","4":"has-post-thumbnail","6":"product_cat-ds","7":"product_cat-juuksed","8":"product_cat-sampoonid","9":"product_cat-kuivsampoonid","11":"first","12":"instock","13":"taxable","14":"shipping-taxable","15":"purchasable","16":"product-type-simple"},"_links":{"self":[{"href":"https:\/\/saxsim.ee\/swp\/wp-json\/wp\/v2\/product\/5062"}],"collection":[{"href":"https:\/\/saxsim.ee\/swp\/wp-json\/wp\/v2\/product"}],"about":[{"href":"https:\/\/saxsim.ee\/swp\/wp-json\/wp\/v2\/types\/product"}],"replies":[{"embeddable":true,"href":"https:\/\/saxsim.ee\/swp\/wp-json\/wp\/v2\/comments?post=5062"}],"wp:featuredmedia":[{"embeddable":true,"href":"https:\/\/saxsim.ee\/swp\/wp-json\/wp\/v2\/media\/5064"}],"wp:attachment":[{"href":"https:\/\/saxsim.ee\/swp\/wp-json\/wp\/v2\/media?parent=5062"}],"wp:term":[{"taxonomy":"product_cat","embeddable":true,"href":"https:\/\/saxsim.ee\/swp\/wp-json\/wp\/v2\/product_cat?post=5062"},{"taxonomy":"product_tag","embeddable":true,"href":"https:\/\/saxsim.ee\/swp\/wp-json\/wp\/v2\/product_tag?post=5062"}],"curies":[{"name":"wp","href":"https:\/\/api.w.org\/{rel}","templated":true}]}}