{"id":5034,"date":"2018-09-26T19:36:42","date_gmt":"2018-09-26T16:36:42","guid":{"rendered":"https:\/\/www.saxsim.ee\/?post_type=product&#038;p=5034"},"modified":"2025-09-08T16:58:14","modified_gmt":"2025-09-08T13:58:14","slug":"panasonic-er154-nimh-battery-rechargeable-laetav-aku","status":"publish","type":"product","link":"https:\/\/saxsim.ee\/swp\/product\/panasonic-er154-nimh-battery-rechargeable-laetav-aku\/","title":{"rendered":"PANASONIC NiMH Battery (Rechargeable) &#8211; laetav aku"},"content":{"rendered":"<p class=\"a-size-large a-spacing-none\"><span id=\"result_box\" class=\"\" lang=\"et\">Sobib j\u00e4rgmistele mudelitele: Panasonicu ER-154\/1510\/1511\/1512 <\/span><\/p>\n<p id=\"title\" class=\"a-size-large a-spacing-none\"><span id=\"productTitle\" class=\"a-size-large\"><span id=\"result_box\" class=\"\" lang=\"et\"><span class=\"\">Suurep\u00e4rane tootekvaliteet tagab pika kasutusea.<\/span><\/span><\/span><\/p>\n<p class=\"a-size-large a-spacing-none\"><span id=\"result_box\" class=\"\" lang=\"et\"><span class=\"\">T\u00fc\u00fcp: WER154L2504<\/span><\/span><\/p>\n<p class=\"a-size-large a-spacing-none\"><span id=\"productTitle\" class=\"a-size-large\">1100\u00a0mAh<br \/>\n<\/span><\/p>\n<p><span id=\"productTitle\" class=\"a-size-large\">Komplektis: 1 tk.<br \/>\n<\/span><\/p>\n<p>&nbsp;<\/p>\n<p>&nbsp;<\/p>\n","protected":false},"excerpt":{"rendered":"<p>Sobib j\u00e4rgmistele mudelitele: Panasonicu ER-154\/1510\/1511\/1512 Suurep\u00e4rane tootekvaliteet tagab pika kasutusea. T\u00fc\u00fcp: WER154L2504 1100\u00a0mAh Komplektis: 1 tk. &nbsp; &nbsp;<\/p>\n","protected":false},"featured_media":5039,"comment_status":"closed","ping_status":"closed","template":"","meta":[],"product_cat":[401,278],"product_tag":[],"class_list":{"0":"post-5034","1":"product","2":"type-product","3":"status-publish","4":"has-post-thumbnail","6":"product_cat-juuksuri-tarvikud","7":"product_cat-varuosad","9":"first","10":"instock","11":"taxable","12":"shipping-taxable","13":"purchasable","14":"product-type-simple"},"_links":{"self":[{"href":"https:\/\/saxsim.ee\/swp\/wp-json\/wp\/v2\/product\/5034"}],"collection":[{"href":"https:\/\/saxsim.ee\/swp\/wp-json\/wp\/v2\/product"}],"about":[{"href":"https:\/\/saxsim.ee\/swp\/wp-json\/wp\/v2\/types\/product"}],"replies":[{"embeddable":true,"href":"https:\/\/saxsim.ee\/swp\/wp-json\/wp\/v2\/comments?post=5034"}],"wp:featuredmedia":[{"embeddable":true,"href":"https:\/\/saxsim.ee\/swp\/wp-json\/wp\/v2\/media\/5039"}],"wp:attachment":[{"href":"https:\/\/saxsim.ee\/swp\/wp-json\/wp\/v2\/media?parent=5034"}],"wp:term":[{"taxonomy":"product_cat","embeddable":true,"href":"https:\/\/saxsim.ee\/swp\/wp-json\/wp\/v2\/product_cat?post=5034"},{"taxonomy":"product_tag","embeddable":true,"href":"https:\/\/saxsim.ee\/swp\/wp-json\/wp\/v2\/product_tag?post=5034"}],"curies":[{"name":"wp","href":"https:\/\/api.w.org\/{rel}","templated":true}]}}