{"id":5002,"date":"2018-09-08T18:11:08","date_gmt":"2018-09-08T15:11:08","guid":{"rendered":"https:\/\/www.saxsim.ee\/?post_type=product&#038;p=5002"},"modified":"2024-02-04T10:48:20","modified_gmt":"2024-02-04T08:48:20","slug":"jaguar-shaving-knife-r1-m-juukseloikusnuga","status":"publish","type":"product","link":"https:\/\/saxsim.ee\/swp\/product\/jaguar-shaving-knife-r1-m-juukseloikusnuga\/","title":{"rendered":"Jaguar Shaving Knife R1 M &#8211;  juuksel\u00f5ikusnuga"},"content":{"rendered":"<p>Metallist k\u00e4epidemega, lahtik\u00e4iv juuksel\u00f5ikusnuga <span id=\"result_box\" class=\"\" lang=\"et\"><span class=\"\">raseerimiseks, l\u00f5ikamiseks v\u00f5i modelleerimiseks<\/span><\/span>.<\/p>\n<p>\u017diletiterad tuleb murda pooleks.<\/p>\n<p>\u017diletiterad on eraldi m\u00fc\u00fcgis.<\/p>\n<p>&nbsp;<\/p>\n","protected":false},"excerpt":{"rendered":"<p>Metallist k\u00e4epidemega, lahtik\u00e4iv juuksel\u00f5ikusnuga raseerimiseks, l\u00f5ikamiseks v\u00f5i modelleerimiseks. \u017diletiterad tuleb murda pooleks. \u017diletiterad on eraldi m\u00fc\u00fcgis. &nbsp;<\/p>\n","protected":false},"featured_media":5001,"comment_status":"closed","ping_status":"closed","template":"","meta":[],"product_cat":[401,337],"product_tag":[],"class_list":{"0":"post-5002","1":"product","2":"type-product","3":"status-publish","4":"has-post-thumbnail","6":"product_cat-juuksuri-tarvikud","7":"product_cat-loikusnoad-ja-noaterad","9":"first","10":"instock","11":"taxable","12":"shipping-taxable","13":"purchasable","14":"product-type-simple"},"_links":{"self":[{"href":"https:\/\/saxsim.ee\/swp\/wp-json\/wp\/v2\/product\/5002"}],"collection":[{"href":"https:\/\/saxsim.ee\/swp\/wp-json\/wp\/v2\/product"}],"about":[{"href":"https:\/\/saxsim.ee\/swp\/wp-json\/wp\/v2\/types\/product"}],"replies":[{"embeddable":true,"href":"https:\/\/saxsim.ee\/swp\/wp-json\/wp\/v2\/comments?post=5002"}],"wp:featuredmedia":[{"embeddable":true,"href":"https:\/\/saxsim.ee\/swp\/wp-json\/wp\/v2\/media\/5001"}],"wp:attachment":[{"href":"https:\/\/saxsim.ee\/swp\/wp-json\/wp\/v2\/media?parent=5002"}],"wp:term":[{"taxonomy":"product_cat","embeddable":true,"href":"https:\/\/saxsim.ee\/swp\/wp-json\/wp\/v2\/product_cat?post=5002"},{"taxonomy":"product_tag","embeddable":true,"href":"https:\/\/saxsim.ee\/swp\/wp-json\/wp\/v2\/product_tag?post=5002"}],"curies":[{"name":"wp","href":"https:\/\/api.w.org\/{rel}","templated":true}]}}