{"id":5000,"date":"2018-09-08T17:58:57","date_gmt":"2018-09-08T14:58:57","guid":{"rendered":"https:\/\/www.saxsim.ee\/?post_type=product&#038;p=5000"},"modified":"2025-07-31T11:55:38","modified_gmt":"2025-07-31T08:55:38","slug":"jaguar-shaving-knife-r1-juukseloikusnuga","status":"publish","type":"product","link":"https:\/\/saxsim.ee\/swp\/product\/jaguar-shaving-knife-r1-juukseloikusnuga\/","title":{"rendered":"Jaguar Shaving Knife R1 &#8211;  juuksel\u00f5ikusnuga"},"content":{"rendered":"<p>Plastikust k\u00e4epidemega, lahtik\u00e4iv juuksel\u00f5ikusnuga <span id=\"result_box\" class=\"\" lang=\"et\"><span class=\"\">raseerimiseks, l\u00f5ikamiseks v\u00f5i modelleerimiseks<\/span><\/span>.<\/p>\n<p>\u017diletiterad tuleb murda pooleks.<\/p>\n<p>\u017diletiterad on eraldi m\u00fc\u00fcgis.<\/p>\n<p>&nbsp;<\/p>\n","protected":false},"excerpt":{"rendered":"<p>Plastikust k\u00e4epidemega, lahtik\u00e4iv juuksel\u00f5ikusnuga raseerimiseks, l\u00f5ikamiseks v\u00f5i modelleerimiseks. \u017diletiterad tuleb murda pooleks. \u017diletiterad on eraldi m\u00fc\u00fcgis. &nbsp;<\/p>\n","protected":false},"featured_media":5001,"comment_status":"closed","ping_status":"closed","template":"","meta":[],"product_cat":[401,337],"product_tag":[],"class_list":{"0":"post-5000","1":"product","2":"type-product","3":"status-publish","4":"has-post-thumbnail","6":"product_cat-juuksuri-tarvikud","7":"product_cat-loikusnoad-ja-noaterad","9":"first","10":"instock","11":"taxable","12":"shipping-taxable","13":"purchasable","14":"product-type-simple"},"_links":{"self":[{"href":"https:\/\/saxsim.ee\/swp\/wp-json\/wp\/v2\/product\/5000"}],"collection":[{"href":"https:\/\/saxsim.ee\/swp\/wp-json\/wp\/v2\/product"}],"about":[{"href":"https:\/\/saxsim.ee\/swp\/wp-json\/wp\/v2\/types\/product"}],"replies":[{"embeddable":true,"href":"https:\/\/saxsim.ee\/swp\/wp-json\/wp\/v2\/comments?post=5000"}],"wp:featuredmedia":[{"embeddable":true,"href":"https:\/\/saxsim.ee\/swp\/wp-json\/wp\/v2\/media\/5001"}],"wp:attachment":[{"href":"https:\/\/saxsim.ee\/swp\/wp-json\/wp\/v2\/media?parent=5000"}],"wp:term":[{"taxonomy":"product_cat","embeddable":true,"href":"https:\/\/saxsim.ee\/swp\/wp-json\/wp\/v2\/product_cat?post=5000"},{"taxonomy":"product_tag","embeddable":true,"href":"https:\/\/saxsim.ee\/swp\/wp-json\/wp\/v2\/product_tag?post=5000"}],"curies":[{"name":"wp","href":"https:\/\/api.w.org\/{rel}","templated":true}]}}