{"id":4922,"date":"2018-08-01T11:02:19","date_gmt":"2018-08-01T08:02:19","guid":{"rendered":"https:\/\/www.saxsim.ee\/?post_type=product&#038;p=4922"},"modified":"2025-09-16T12:09:52","modified_gmt":"2025-09-16T09:09:52","slug":"hi-lite-cap-silicon-large-salgumuts-2","status":"publish","type":"product","link":"https:\/\/saxsim.ee\/swp\/product\/hi-lite-cap-silicon-large-salgumuts-2\/","title":{"rendered":"Hi Lite Cap Silicon, Large &#8211; salgum\u00fcts"},"content":{"rendered":"<p>Professionaalne, normaalsest suurema suurusega, silikoonist\u00a0salgum\u00fcts. Kliend mugavuse huvides on soovitav salke t\u00f5mmata 45 kraadise, MITTE 90 kraadise nurga all. Ei ole soovitav t\u00f5mmata salke l\u00e4bi k\u00f5ikidest aukudest, kuna see raskendab hiljem salgum\u00fctsi eemaldamist. Salgum\u00fctsil on u. 1800 avaust, mis v\u00f5imaldavad stilistil\u00a0maksimaalset paindlikkust.<\/p>\n<p>Lisasoojuse kasutamisel on soovitav kasutada keskmist kuumust. M\u00fctsi puuderdatakse valmistamise\u00a0protsessis. Peale igat 6 kasutamiskorda on soovitav m\u00fctsi uuesti puuderdada! Puuderdamiseks:<\/p>\n<p>p\u00f6\u00f6ra m\u00fcts pahempidi<\/p>\n<p>puista v\u00e4ike kogus beebipulbrit kuivale r\u00e4tikule<\/p>\n<p>kanna pulber \u00fchtlaselt m\u00fctsile<\/p>\n<p>h\u00f5\u00f5ru kuni pulber muutub n\u00e4htamatuks ( u. 2 min. )<\/p>\n<p>Regulaarne m\u00fctsi puuderdamine, pikendab tema kasutamist.<\/p>\n<p>&nbsp;<\/p>\n","protected":false},"excerpt":{"rendered":"<p>Professionaalne, normaalsest suurema suurusega, silikoonist\u00a0salgum\u00fcts. Kliend mugavuse huvides on soovitav salke t\u00f5mmata 45 kraadise, MITTE 90 kraadise nurga all. Ei ole soovitav t\u00f5mmata salke l\u00e4bi k\u00f5ikidest aukudest, kuna see raskendab hiljem salgum\u00fctsi eemaldamist. Salgum\u00fctsil on u. 1800 avaust, mis v\u00f5imaldavad stilistil\u00a0maksimaalset paindlikkust. Lisasoojuse kasutamisel on soovitav kasutada keskmist kuumust. M\u00fctsi puuderdatakse valmistamise\u00a0protsessis. Peale igat 6 [&hellip;]<\/p>\n","protected":false},"featured_media":1982,"comment_status":"closed","ping_status":"closed","template":"","meta":[],"product_cat":[401,290,176],"product_tag":[],"class_list":{"0":"post-4922","1":"product","2":"type-product","3":"status-publish","4":"has-post-thumbnail","6":"product_cat-juuksuri-tarvikud","7":"product_cat-salgumutsid","8":"product_cat-varvitarvikud","10":"first","11":"instock","12":"taxable","13":"shipping-taxable","14":"purchasable","15":"product-type-simple"},"_links":{"self":[{"href":"https:\/\/saxsim.ee\/swp\/wp-json\/wp\/v2\/product\/4922"}],"collection":[{"href":"https:\/\/saxsim.ee\/swp\/wp-json\/wp\/v2\/product"}],"about":[{"href":"https:\/\/saxsim.ee\/swp\/wp-json\/wp\/v2\/types\/product"}],"replies":[{"embeddable":true,"href":"https:\/\/saxsim.ee\/swp\/wp-json\/wp\/v2\/comments?post=4922"}],"wp:featuredmedia":[{"embeddable":true,"href":"https:\/\/saxsim.ee\/swp\/wp-json\/wp\/v2\/media\/1982"}],"wp:attachment":[{"href":"https:\/\/saxsim.ee\/swp\/wp-json\/wp\/v2\/media?parent=4922"}],"wp:term":[{"taxonomy":"product_cat","embeddable":true,"href":"https:\/\/saxsim.ee\/swp\/wp-json\/wp\/v2\/product_cat?post=4922"},{"taxonomy":"product_tag","embeddable":true,"href":"https:\/\/saxsim.ee\/swp\/wp-json\/wp\/v2\/product_tag?post=4922"}],"curies":[{"name":"wp","href":"https:\/\/api.w.org\/{rel}","templated":true}]}}