{"id":4902,"date":"2018-07-23T12:48:08","date_gmt":"2018-07-23T09:48:08","guid":{"rendered":"https:\/\/www.saxsim.ee\/?post_type=product&#038;p=4902"},"modified":"2024-01-07T17:20:28","modified_gmt":"2024-01-07T15:20:28","slug":"hairways-11-sun-protection-spray-spf-30-100-ml-paikesekaitsesprei","status":"publish","type":"product","link":"https:\/\/saxsim.ee\/swp\/product\/hairways-11-sun-protection-spray-spf-30-100-ml-paikesekaitsesprei\/","title":{"rendered":"Hairways 11 Sun Protection Spray SPF 30 100 ml &#8211; p\u00e4ikesekaitsesprei"},"content":{"rendered":"<p><span id=\"result_box\" class=\"\" lang=\"et\">P\u00e4ikesekaitsesprei n\u00e4ole ja kehale. Tagab t\u00f5husa kaitse UVA \/ UVB kiirte vastu. Kerge koostis, imendub kiiresti ja niisutab nahka. P\u00e4ikesekaitsefaktor 30.<\/span><\/p>\n<p><span id=\"result_box\" class=\"\" lang=\"et\"><span class=\"\"><strong>Kasutamine:<\/strong><\/span> enne p\u00e4ikese k\u00e4tte minemist, pihustage \u00fchtlaselt kuivale nahale. <\/span><span id=\"result_box\" class=\"\" lang=\"et\">Parema kaitsetulemuse saamiseks, laske tootel u. 3 minutit kuivada ja korrake protseduuri. T<span class=\"\">oote kaitsvate omaduste s\u00e4ilitamiseks, lisage toodet regulaarselt, eriti p\u00e4rast ujumist ja r\u00e4tikuga kuivatamist.<\/span><\/span><\/p>\n<p>Toode on vegan.<\/p>\n<p>&nbsp;<\/p>\n<p>&nbsp;<\/p>\n<p>&nbsp;<\/p>\n<p>&nbsp;<\/p>\n<p>&nbsp;<\/p>\n<p>&nbsp;<\/p>\n<p>&nbsp;<\/p>\n<p>&nbsp;<\/p>\n<p>&nbsp;<\/p>\n","protected":false},"excerpt":{"rendered":"<p>P\u00e4ikesekaitsesprei n\u00e4ole ja kehale. Tagab t\u00f5husa kaitse UVA \/ UVB kiirte vastu. Kerge koostis, imendub kiiresti ja niisutab nahka. P\u00e4ikesekaitsefaktor 30. Kasutamine: enne p\u00e4ikese k\u00e4tte minemist, pihustage \u00fchtlaselt kuivale nahale. Parema kaitsetulemuse saamiseks, laske tootel u. 3 minutit kuivada ja korrake protseduuri. Toote kaitsvate omaduste s\u00e4ilitamiseks, lisage toodet regulaarselt, eriti p\u00e4rast ujumist ja r\u00e4tikuga kuivatamist. [&hellip;]<\/p>\n","protected":false},"featured_media":4903,"comment_status":"closed","ping_status":"closed","template":"","meta":[],"product_cat":[642,395,284],"product_tag":[],"class_list":{"0":"post-4902","1":"product","2":"type-product","3":"status-publish","4":"has-post-thumbnail","6":"product_cat-hairways","7":"product_cat-juuksed","8":"product_cat-reisimiseks","10":"first","11":"instock","12":"taxable","13":"shipping-taxable","14":"purchasable","15":"product-type-simple"},"_links":{"self":[{"href":"https:\/\/saxsim.ee\/swp\/wp-json\/wp\/v2\/product\/4902"}],"collection":[{"href":"https:\/\/saxsim.ee\/swp\/wp-json\/wp\/v2\/product"}],"about":[{"href":"https:\/\/saxsim.ee\/swp\/wp-json\/wp\/v2\/types\/product"}],"replies":[{"embeddable":true,"href":"https:\/\/saxsim.ee\/swp\/wp-json\/wp\/v2\/comments?post=4902"}],"wp:featuredmedia":[{"embeddable":true,"href":"https:\/\/saxsim.ee\/swp\/wp-json\/wp\/v2\/media\/4903"}],"wp:attachment":[{"href":"https:\/\/saxsim.ee\/swp\/wp-json\/wp\/v2\/media?parent=4902"}],"wp:term":[{"taxonomy":"product_cat","embeddable":true,"href":"https:\/\/saxsim.ee\/swp\/wp-json\/wp\/v2\/product_cat?post=4902"},{"taxonomy":"product_tag","embeddable":true,"href":"https:\/\/saxsim.ee\/swp\/wp-json\/wp\/v2\/product_tag?post=4902"}],"curies":[{"name":"wp","href":"https:\/\/api.w.org\/{rel}","templated":true}]}}