{"id":4900,"date":"2018-07-23T12:27:28","date_gmt":"2018-07-23T09:27:28","guid":{"rendered":"https:\/\/www.saxsim.ee\/?post_type=product&#038;p=4900"},"modified":"2024-01-07T17:21:10","modified_gmt":"2024-01-07T15:21:10","slug":"hairways-10-intimate-moisturizer-100-ml-niisutav-libesti-ja-massaazi-geel","status":"publish","type":"product","link":"https:\/\/saxsim.ee\/swp\/product\/hairways-10-intimate-moisturizer-100-ml-niisutav-libesti-ja-massaazi-geel\/","title":{"rendered":"Hairways 10 Intimate Moisturizer 100 ml &#8211; niisutav libesti ja massaa\u017ei geel"},"content":{"rendered":"<p><span id=\"result_box\" class=\"\" lang=\"et\"><span class=\"\">Kvaliteetne, l\u00f5hnastamata, veep\u00f5hine libesti, mis sobib kasutamiseks kondoomide ja seksim\u00e4nguasjadega.<\/span> <span class=\"\">Sobib suurep\u00e4raselt ka massaa\u017eiks.<\/span> Tootel on pikaajaline libestamistoime. Pestes eemaldub kergesti nahalt.<\/span><\/p>\n<p>pH: 4,4<\/p>\n<p>&nbsp;<\/p>\n<p>&nbsp;<\/p>\n<p>&nbsp;<\/p>\n<p>&nbsp;<\/p>\n<p>&nbsp;<\/p>\n<p>&nbsp;<\/p>\n<p>&nbsp;<\/p>\n<p>&nbsp;<\/p>\n<p>&nbsp;<\/p>\n","protected":false},"excerpt":{"rendered":"<p>Kvaliteetne, l\u00f5hnastamata, veep\u00f5hine libesti, mis sobib kasutamiseks kondoomide ja seksim\u00e4nguasjadega. Sobib suurep\u00e4raselt ka massaa\u017eiks. Tootel on pikaajaline libestamistoime. Pestes eemaldub kergesti nahalt. pH: 4,4 &nbsp; &nbsp; &nbsp; &nbsp; &nbsp; &nbsp; &nbsp; &nbsp; &nbsp;<\/p>\n","protected":false},"featured_media":4901,"comment_status":"closed","ping_status":"closed","template":"","meta":[],"product_cat":[642,395,284],"product_tag":[],"class_list":{"0":"post-4900","1":"product","2":"type-product","3":"status-publish","4":"has-post-thumbnail","6":"product_cat-hairways","7":"product_cat-juuksed","8":"product_cat-reisimiseks","10":"first","11":"instock","12":"taxable","13":"shipping-taxable","14":"purchasable","15":"product-type-simple"},"_links":{"self":[{"href":"https:\/\/saxsim.ee\/swp\/wp-json\/wp\/v2\/product\/4900"}],"collection":[{"href":"https:\/\/saxsim.ee\/swp\/wp-json\/wp\/v2\/product"}],"about":[{"href":"https:\/\/saxsim.ee\/swp\/wp-json\/wp\/v2\/types\/product"}],"replies":[{"embeddable":true,"href":"https:\/\/saxsim.ee\/swp\/wp-json\/wp\/v2\/comments?post=4900"}],"wp:featuredmedia":[{"embeddable":true,"href":"https:\/\/saxsim.ee\/swp\/wp-json\/wp\/v2\/media\/4901"}],"wp:attachment":[{"href":"https:\/\/saxsim.ee\/swp\/wp-json\/wp\/v2\/media?parent=4900"}],"wp:term":[{"taxonomy":"product_cat","embeddable":true,"href":"https:\/\/saxsim.ee\/swp\/wp-json\/wp\/v2\/product_cat?post=4900"},{"taxonomy":"product_tag","embeddable":true,"href":"https:\/\/saxsim.ee\/swp\/wp-json\/wp\/v2\/product_tag?post=4900"}],"curies":[{"name":"wp","href":"https:\/\/api.w.org\/{rel}","templated":true}]}}