{"id":4898,"date":"2018-07-23T12:03:37","date_gmt":"2018-07-23T09:03:37","guid":{"rendered":"https:\/\/www.saxsim.ee\/?post_type=product&#038;p=4898"},"modified":"2024-01-07T17:22:46","modified_gmt":"2024-01-07T15:22:46","slug":"hairways-08-beard-after-shave-lotion-100-ml-habeme-ja-raseerimisjargne-kreem","status":"publish","type":"product","link":"https:\/\/saxsim.ee\/swp\/product\/hairways-08-beard-after-shave-lotion-100-ml-habeme-ja-raseerimisjargne-kreem\/","title":{"rendered":"Hairways 08 Beard &amp; After Shave Lotion 100 ml &#8211; habeme- ja raseerimisj\u00e4rgne kreem"},"content":{"rendered":"<p><span id=\"result_box\" class=\"\" lang=\"et\">Niisutav habeme- ja raseerimisj\u00e4rgne kreem. Peale raseerimist rahustab ja niisutab nahka efektiivselt. Aitab s\u00e4ilitada ka habeme niiskustasakaalu. <span class=\"\">T\u00e4nu oma kergele koostisele imendub kiiresti, muutes naha ja habeme pehmeks.<\/span> <span class=\"\">Sobib k\u00f5ikidele nahat\u00fc\u00fcpidele.<\/span><\/span><\/p>\n<p><span id=\"result_box\" class=\"\" lang=\"et\"><span class=\"\"><strong>Kasutamine:<\/strong> Peale raseerimist lisage toodet habemesse ja n\u00e4onahale.<\/span><\/span><\/p>\n<p><strong>pH:<\/strong> 4,6<\/p>\n<p>&nbsp;<\/p>\n<p>&nbsp;<\/p>\n<p>&nbsp;<\/p>\n<p>&nbsp;<\/p>\n<p>&nbsp;<\/p>\n<p>&nbsp;<\/p>\n<p>&nbsp;<\/p>\n<p>&nbsp;<\/p>\n","protected":false},"excerpt":{"rendered":"<p>Niisutav habeme- ja raseerimisj\u00e4rgne kreem. Peale raseerimist rahustab ja niisutab nahka efektiivselt. Aitab s\u00e4ilitada ka habeme niiskustasakaalu. T\u00e4nu oma kergele koostisele imendub kiiresti, muutes naha ja habeme pehmeks. Sobib k\u00f5ikidele nahat\u00fc\u00fcpidele. Kasutamine: Peale raseerimist lisage toodet habemesse ja n\u00e4onahale. pH: 4,6 &nbsp; &nbsp; &nbsp; &nbsp; &nbsp; &nbsp; &nbsp; &nbsp;<\/p>\n","protected":false},"featured_media":4899,"comment_status":"closed","ping_status":"closed","template":"","meta":[],"product_cat":[642,395,89,104,284],"product_tag":[],"class_list":{"0":"post-4898","1":"product","2":"type-product","3":"status-publish","4":"has-post-thumbnail","6":"product_cat-hairways","7":"product_cat-juuksed","8":"product_cat-meestele","9":"product_cat-raseerimine","10":"product_cat-reisimiseks","12":"first","13":"instock","14":"taxable","15":"shipping-taxable","16":"purchasable","17":"product-type-simple"},"_links":{"self":[{"href":"https:\/\/saxsim.ee\/swp\/wp-json\/wp\/v2\/product\/4898"}],"collection":[{"href":"https:\/\/saxsim.ee\/swp\/wp-json\/wp\/v2\/product"}],"about":[{"href":"https:\/\/saxsim.ee\/swp\/wp-json\/wp\/v2\/types\/product"}],"replies":[{"embeddable":true,"href":"https:\/\/saxsim.ee\/swp\/wp-json\/wp\/v2\/comments?post=4898"}],"wp:featuredmedia":[{"embeddable":true,"href":"https:\/\/saxsim.ee\/swp\/wp-json\/wp\/v2\/media\/4899"}],"wp:attachment":[{"href":"https:\/\/saxsim.ee\/swp\/wp-json\/wp\/v2\/media?parent=4898"}],"wp:term":[{"taxonomy":"product_cat","embeddable":true,"href":"https:\/\/saxsim.ee\/swp\/wp-json\/wp\/v2\/product_cat?post=4898"},{"taxonomy":"product_tag","embeddable":true,"href":"https:\/\/saxsim.ee\/swp\/wp-json\/wp\/v2\/product_tag?post=4898"}],"curies":[{"name":"wp","href":"https:\/\/api.w.org\/{rel}","templated":true}]}}