{"id":4895,"date":"2018-07-23T11:45:54","date_gmt":"2018-07-23T08:45:54","guid":{"rendered":"https:\/\/www.saxsim.ee\/?post_type=product&#038;p=4895"},"modified":"2025-10-01T10:03:51","modified_gmt":"2025-10-01T07:03:51","slug":"panasonic-er1611-blade-juukseloikusmasina-tera","status":"publish","type":"product","link":"https:\/\/saxsim.ee\/swp\/product\/panasonic-er1611-blade-juukseloikusmasina-tera\/","title":{"rendered":"Panasonic ER1611 Blade &#8211; juuksel\u00f5ikusmasina tera"},"content":{"rendered":"<p>Keraamiline l\u00f5ikustera, mis sobib juuksel\u00f5ikusmasinatele: Panasonic ER-1611 \/ ER-1610 \/ ER-1511 \/ ER-1510 \/ ER-1512 \/ ER-GP80 \/ ER-DGP72 \/ ER-DGP82<\/p>\n<p>Tera laius &#8211;\u00a0 mm.<\/p>\n<p>Reguleeritav tera k\u00f5rgus &#8211; 0,8\u20132,0 mm.<\/p>\n","protected":false},"excerpt":{"rendered":"<h4><\/h4>\n","protected":false},"featured_media":4896,"comment_status":"closed","ping_status":"closed","template":"","meta":[],"product_cat":[401,278],"product_tag":[],"class_list":{"0":"post-4895","1":"product","2":"type-product","3":"status-publish","4":"has-post-thumbnail","6":"product_cat-juuksuri-tarvikud","7":"product_cat-varuosad","9":"first","10":"instock","11":"taxable","12":"shipping-taxable","13":"purchasable","14":"product-type-simple"},"_links":{"self":[{"href":"https:\/\/saxsim.ee\/swp\/wp-json\/wp\/v2\/product\/4895"}],"collection":[{"href":"https:\/\/saxsim.ee\/swp\/wp-json\/wp\/v2\/product"}],"about":[{"href":"https:\/\/saxsim.ee\/swp\/wp-json\/wp\/v2\/types\/product"}],"replies":[{"embeddable":true,"href":"https:\/\/saxsim.ee\/swp\/wp-json\/wp\/v2\/comments?post=4895"}],"wp:featuredmedia":[{"embeddable":true,"href":"https:\/\/saxsim.ee\/swp\/wp-json\/wp\/v2\/media\/4896"}],"wp:attachment":[{"href":"https:\/\/saxsim.ee\/swp\/wp-json\/wp\/v2\/media?parent=4895"}],"wp:term":[{"taxonomy":"product_cat","embeddable":true,"href":"https:\/\/saxsim.ee\/swp\/wp-json\/wp\/v2\/product_cat?post=4895"},{"taxonomy":"product_tag","embeddable":true,"href":"https:\/\/saxsim.ee\/swp\/wp-json\/wp\/v2\/product_tag?post=4895"}],"curies":[{"name":"wp","href":"https:\/\/api.w.org\/{rel}","templated":true}]}}