{"id":4893,"date":"2018-07-23T11:08:04","date_gmt":"2018-07-23T08:08:04","guid":{"rendered":"https:\/\/www.saxsim.ee\/?post_type=product&#038;p=4893"},"modified":"2024-01-07T17:23:33","modified_gmt":"2024-01-07T15:23:33","slug":"hairways-07-cleansing-spray-deo-100-ml-puhastav-ja-higilohna-neutraliseeriv-sprei","status":"publish","type":"product","link":"https:\/\/saxsim.ee\/swp\/product\/hairways-07-cleansing-spray-deo-100-ml-puhastav-ja-higilohna-neutraliseeriv-sprei\/","title":{"rendered":"Hairways 07 Cleansing Spray &amp; Deo 100 ml &#8211; puhastav ja higil\u00f5hna neutraliseeriv sprei"},"content":{"rendered":"<p><span class=\"\">V\u00e4ga t\u00f5hus, l\u00f5hnastamata, veep\u00f5hine sprei higil\u00f5hna neutraliseerimiseks ja k\u00e4te desinfitseerimiseks.<\/span> <span class=\"\">T\u00f5hus koostis neutraliseerib bakteritest p\u00f5hjustatud higil\u00f5hna.<\/span> <span class=\"\">H\u00f5beoksiid ja provitamiin B5 moodustavad nahale pikaajalise kaitse.<\/span><\/p>\n<p><span class=\"\"><strong>Kasutamine:<\/strong> pihusta puhtale nahale ja lase kuivada.<\/span><\/p>\n<p><span id=\"result_box\" class=\"\" lang=\"et\"><br \/>\n<span class=\"\"><strong>K\u00e4te desinfitseerimine:<\/strong> pihusta ( 2-3 vajutust ) kuivadele k\u00e4tele ja h\u00f5\u00f5ru \u00fchtlaselt nahale, kuni k\u00e4ed on kuivanud.<\/span><\/span><\/p>\n<p><strong>pH:<\/strong> 8,7<\/p>\n<p>&nbsp;<\/p>\n<p>&nbsp;<\/p>\n<p>&nbsp;<\/p>\n<p>&nbsp;<\/p>\n<p>&nbsp;<\/p>\n<p>&nbsp;<\/p>\n<p>&nbsp;<\/p>\n<p>&nbsp;<\/p>\n","protected":false},"excerpt":{"rendered":"<p>V\u00e4ga t\u00f5hus, l\u00f5hnastamata, veep\u00f5hine sprei higil\u00f5hna neutraliseerimiseks ja k\u00e4te desinfitseerimiseks. T\u00f5hus koostis neutraliseerib bakteritest p\u00f5hjustatud higil\u00f5hna. H\u00f5beoksiid ja provitamiin B5 moodustavad nahale pikaajalise kaitse. Kasutamine: pihusta puhtale nahale ja lase kuivada. K\u00e4te desinfitseerimine: pihusta ( 2-3 vajutust ) kuivadele k\u00e4tele ja h\u00f5\u00f5ru \u00fchtlaselt nahale, kuni k\u00e4ed on kuivanud. pH: 8,7 &nbsp; &nbsp; &nbsp; &nbsp; &nbsp; [&hellip;]<\/p>\n","protected":false},"featured_media":4894,"comment_status":"closed","ping_status":"closed","template":"","meta":[],"product_cat":[642,395,284],"product_tag":[],"class_list":{"0":"post-4893","1":"product","2":"type-product","3":"status-publish","4":"has-post-thumbnail","6":"product_cat-hairways","7":"product_cat-juuksed","8":"product_cat-reisimiseks","10":"first","11":"instock","12":"taxable","13":"shipping-taxable","14":"purchasable","15":"product-type-simple"},"_links":{"self":[{"href":"https:\/\/saxsim.ee\/swp\/wp-json\/wp\/v2\/product\/4893"}],"collection":[{"href":"https:\/\/saxsim.ee\/swp\/wp-json\/wp\/v2\/product"}],"about":[{"href":"https:\/\/saxsim.ee\/swp\/wp-json\/wp\/v2\/types\/product"}],"replies":[{"embeddable":true,"href":"https:\/\/saxsim.ee\/swp\/wp-json\/wp\/v2\/comments?post=4893"}],"wp:featuredmedia":[{"embeddable":true,"href":"https:\/\/saxsim.ee\/swp\/wp-json\/wp\/v2\/media\/4894"}],"wp:attachment":[{"href":"https:\/\/saxsim.ee\/swp\/wp-json\/wp\/v2\/media?parent=4893"}],"wp:term":[{"taxonomy":"product_cat","embeddable":true,"href":"https:\/\/saxsim.ee\/swp\/wp-json\/wp\/v2\/product_cat?post=4893"},{"taxonomy":"product_tag","embeddable":true,"href":"https:\/\/saxsim.ee\/swp\/wp-json\/wp\/v2\/product_tag?post=4893"}],"curies":[{"name":"wp","href":"https:\/\/api.w.org\/{rel}","templated":true}]}}