{"id":4888,"date":"2018-07-23T09:47:38","date_gmt":"2018-07-23T06:47:38","guid":{"rendered":"https:\/\/www.saxsim.ee\/?post_type=product&#038;p=4888"},"modified":"2024-01-07T17:25:24","modified_gmt":"2024-01-07T15:25:24","slug":"hairways-05-moisturizer-after-sun-100-ml-niisutav-kehakreem","status":"publish","type":"product","link":"https:\/\/saxsim.ee\/swp\/product\/hairways-05-moisturizer-after-sun-100-ml-niisutav-kehakreem\/","title":{"rendered":"Hairways 05 Moisturizer &amp; After Sun 100 ml &#8211; niisutav kehakreem"},"content":{"rendered":"<p><span id=\"result_box\" class=\"\" lang=\"et\">Nahka niisutav ja toitev kehakreem, igap\u00e4evaseks kasutamiseks ja peale p\u00e4evitamist. Kreem sisaldab pikatoimeliselt niisutavate argaani\u00f5li ja <span id=\"result_box\" class=\"short_text\" lang=\"et\"><span class=\"\">Shea v\u00f5i<\/span><\/span>de lisaks, veel jahutavat mentooli ja nahka rahustavat aloe verat. Sobib k\u00f5ikidele nahat\u00fc\u00fcpidele.<\/span><\/p>\n<p><span class=\"\"><strong>Kasutamine:<\/strong> kandke puhtale nahale.<\/span><\/p>\n<p><strong>pH:<\/strong> 5,5<\/p>\n<p>&nbsp;<\/p>\n<p>&nbsp;<\/p>\n<p>&nbsp;<\/p>\n<p>&nbsp;<\/p>\n<p>&nbsp;<\/p>\n<p>&nbsp;<\/p>\n<p>&nbsp;<\/p>\n<p>&nbsp;<\/p>\n","protected":false},"excerpt":{"rendered":"<p>Nahka niisutav ja toitev kehakreem, igap\u00e4evaseks kasutamiseks ja peale p\u00e4evitamist. Kreem sisaldab pikatoimeliselt niisutavate argaani\u00f5li ja Shea v\u00f5ide lisaks, veel jahutavat mentooli ja nahka rahustavat aloe verat. Sobib k\u00f5ikidele nahat\u00fc\u00fcpidele. Kasutamine: kandke puhtale nahale. pH: 5,5 &nbsp; &nbsp; &nbsp; &nbsp; &nbsp; &nbsp; &nbsp; &nbsp;<\/p>\n","protected":false},"featured_media":4890,"comment_status":"closed","ping_status":"closed","template":"","meta":[],"product_cat":[642,395,284],"product_tag":[],"class_list":{"0":"post-4888","1":"product","2":"type-product","3":"status-publish","4":"has-post-thumbnail","6":"product_cat-hairways","7":"product_cat-juuksed","8":"product_cat-reisimiseks","10":"first","11":"instock","12":"taxable","13":"shipping-taxable","14":"purchasable","15":"product-type-simple"},"_links":{"self":[{"href":"https:\/\/saxsim.ee\/swp\/wp-json\/wp\/v2\/product\/4888"}],"collection":[{"href":"https:\/\/saxsim.ee\/swp\/wp-json\/wp\/v2\/product"}],"about":[{"href":"https:\/\/saxsim.ee\/swp\/wp-json\/wp\/v2\/types\/product"}],"replies":[{"embeddable":true,"href":"https:\/\/saxsim.ee\/swp\/wp-json\/wp\/v2\/comments?post=4888"}],"wp:featuredmedia":[{"embeddable":true,"href":"https:\/\/saxsim.ee\/swp\/wp-json\/wp\/v2\/media\/4890"}],"wp:attachment":[{"href":"https:\/\/saxsim.ee\/swp\/wp-json\/wp\/v2\/media?parent=4888"}],"wp:term":[{"taxonomy":"product_cat","embeddable":true,"href":"https:\/\/saxsim.ee\/swp\/wp-json\/wp\/v2\/product_cat?post=4888"},{"taxonomy":"product_tag","embeddable":true,"href":"https:\/\/saxsim.ee\/swp\/wp-json\/wp\/v2\/product_tag?post=4888"}],"curies":[{"name":"wp","href":"https:\/\/api.w.org\/{rel}","templated":true}]}}