{"id":4886,"date":"2018-07-23T09:26:40","date_gmt":"2018-07-23T06:26:40","guid":{"rendered":"https:\/\/www.saxsim.ee\/?post_type=product&#038;p=4886"},"modified":"2024-01-07T17:26:11","modified_gmt":"2024-01-07T15:26:11","slug":"hairways-04-hair-styling-cream-2-in-1-100-ml-soengukreem","status":"publish","type":"product","link":"https:\/\/saxsim.ee\/swp\/product\/hairways-04-hair-styling-cream-2-in-1-100-ml-soengukreem\/","title":{"rendered":"Hairways 04 Hair Styling Cream 2 in 1 100 ml  &#8211; soengukreem"},"content":{"rendered":"<p><span id=\"result_box\" class=\"\" lang=\"et\">2 in 1\u00a0 soengukreem piiramatuks juuste modelleerimiseks. <span class=\"\">Mitmek\u00fclgne kreem, annab juustele tekstuuri ja tugeva, paindliku toe, mis v\u00f5imaldab juukseid h\u00f5lpsasti uuesti kujundada. <\/span>Sobib k\u00f5ikidele juukset\u00fc\u00fcpidele.<\/span><\/p>\n<p><span id=\"result_box\" class=\"\" lang=\"et\"><span class=\"\"><strong>Kasutamine:<\/strong> kandke k\u00e4te abil niisketesse v\u00f5i kuivadesse juustesse ja modelleerige omal soovil.<\/span><\/span><\/p>\n<p><strong>pH:<\/strong> 6,0<\/p>\n<p>&nbsp;<\/p>\n<p>&nbsp;<\/p>\n<p>&nbsp;<\/p>\n<p>&nbsp;<\/p>\n<p>&nbsp;<\/p>\n<p>&nbsp;<\/p>\n<p>&nbsp;<\/p>\n<p>&nbsp;<\/p>\n","protected":false},"excerpt":{"rendered":"<p>2 in 1\u00a0 soengukreem piiramatuks juuste modelleerimiseks. Mitmek\u00fclgne kreem, annab juustele tekstuuri ja tugeva, paindliku toe, mis v\u00f5imaldab juukseid h\u00f5lpsasti uuesti kujundada. Sobib k\u00f5ikidele juukset\u00fc\u00fcpidele. Kasutamine: kandke k\u00e4te abil niisketesse v\u00f5i kuivadesse juustesse ja modelleerige omal soovil. pH: 6,0 &nbsp; &nbsp; &nbsp; &nbsp; &nbsp; &nbsp; &nbsp; &nbsp;<\/p>\n","protected":false},"featured_media":4887,"comment_status":"closed","ping_status":"closed","template":"","meta":[],"product_cat":[642,395,284],"product_tag":[],"class_list":{"0":"post-4886","1":"product","2":"type-product","3":"status-publish","4":"has-post-thumbnail","6":"product_cat-hairways","7":"product_cat-juuksed","8":"product_cat-reisimiseks","10":"first","11":"instock","12":"taxable","13":"shipping-taxable","14":"purchasable","15":"product-type-simple"},"_links":{"self":[{"href":"https:\/\/saxsim.ee\/swp\/wp-json\/wp\/v2\/product\/4886"}],"collection":[{"href":"https:\/\/saxsim.ee\/swp\/wp-json\/wp\/v2\/product"}],"about":[{"href":"https:\/\/saxsim.ee\/swp\/wp-json\/wp\/v2\/types\/product"}],"replies":[{"embeddable":true,"href":"https:\/\/saxsim.ee\/swp\/wp-json\/wp\/v2\/comments?post=4886"}],"wp:featuredmedia":[{"embeddable":true,"href":"https:\/\/saxsim.ee\/swp\/wp-json\/wp\/v2\/media\/4887"}],"wp:attachment":[{"href":"https:\/\/saxsim.ee\/swp\/wp-json\/wp\/v2\/media?parent=4886"}],"wp:term":[{"taxonomy":"product_cat","embeddable":true,"href":"https:\/\/saxsim.ee\/swp\/wp-json\/wp\/v2\/product_cat?post=4886"},{"taxonomy":"product_tag","embeddable":true,"href":"https:\/\/saxsim.ee\/swp\/wp-json\/wp\/v2\/product_tag?post=4886"}],"curies":[{"name":"wp","href":"https:\/\/api.w.org\/{rel}","templated":true}]}}