{"id":4879,"date":"2018-07-22T11:29:39","date_gmt":"2018-07-22T08:29:39","guid":{"rendered":"https:\/\/www.saxsim.ee\/?post_type=product&#038;p=4879"},"modified":"2024-01-07T17:21:50","modified_gmt":"2024-01-07T15:21:50","slug":"hairways-09-micellar-water-100-ml-lohnastamata-puhastusvesi","status":"publish","type":"product","link":"https:\/\/saxsim.ee\/swp\/product\/hairways-09-micellar-water-100-ml-lohnastamata-puhastusvesi\/","title":{"rendered":"Hairways 09 Micellar Water 100 ml  &#8211; l\u00f5hnastamata puhastusvesi"},"content":{"rendered":"<p><span id=\"result_box\" class=\"\" lang=\"et\"><span class=\"\">Kolmetoimeline puhastusvesi igap\u00e4evaseks kasutamiseks.<\/span> <span class=\"\">Eemaldab meigi, puhastab nahka \u00f5rnalt, kuid t\u00f5husalt ja rahustab nahka.<\/span> <span class=\"\">Pro Vitamiin B5 ja Argan ekstrakt niisutavad nahka, muutes selle sametiselt pehmeks.<\/span> <span class=\"\">Sobib k\u00f5ikidele nahat\u00fc\u00fcpidele.<\/span><\/span><\/p>\n<p><span class=\"\"><strong>Kasutamine:<\/strong> kanda vatipadjakesele ning seej\u00e4rel puhastada n\u00e4gu ja kaela.<\/span> Loputada pole vaja.<\/p>\n<p><strong>pH:<\/strong> 5,2<\/p>\n<p>&nbsp;<\/p>\n<p>&nbsp;<\/p>\n<p>&nbsp;<\/p>\n<p>&nbsp;<\/p>\n<p>&nbsp;<\/p>\n<p>&nbsp;<\/p>\n<p>&nbsp;<\/p>\n<p>&nbsp;<\/p>\n","protected":false},"excerpt":{"rendered":"<p>Kolmetoimeline puhastusvesi igap\u00e4evaseks kasutamiseks. Eemaldab meigi, puhastab nahka \u00f5rnalt, kuid t\u00f5husalt ja rahustab nahka. Pro Vitamiin B5 ja Argan ekstrakt niisutavad nahka, muutes selle sametiselt pehmeks. Sobib k\u00f5ikidele nahat\u00fc\u00fcpidele. Kasutamine: kanda vatipadjakesele ning seej\u00e4rel puhastada n\u00e4gu ja kaela. Loputada pole vaja. pH: 5,2 &nbsp; &nbsp; &nbsp; &nbsp; &nbsp; &nbsp; &nbsp; &nbsp;<\/p>\n","protected":false},"featured_media":4880,"comment_status":"closed","ping_status":"closed","template":"","meta":[],"product_cat":[642,395,284],"product_tag":[],"class_list":{"0":"post-4879","1":"product","2":"type-product","3":"status-publish","4":"has-post-thumbnail","6":"product_cat-hairways","7":"product_cat-juuksed","8":"product_cat-reisimiseks","10":"first","11":"instock","12":"taxable","13":"shipping-taxable","14":"purchasable","15":"product-type-simple"},"_links":{"self":[{"href":"https:\/\/saxsim.ee\/swp\/wp-json\/wp\/v2\/product\/4879"}],"collection":[{"href":"https:\/\/saxsim.ee\/swp\/wp-json\/wp\/v2\/product"}],"about":[{"href":"https:\/\/saxsim.ee\/swp\/wp-json\/wp\/v2\/types\/product"}],"replies":[{"embeddable":true,"href":"https:\/\/saxsim.ee\/swp\/wp-json\/wp\/v2\/comments?post=4879"}],"wp:featuredmedia":[{"embeddable":true,"href":"https:\/\/saxsim.ee\/swp\/wp-json\/wp\/v2\/media\/4880"}],"wp:attachment":[{"href":"https:\/\/saxsim.ee\/swp\/wp-json\/wp\/v2\/media?parent=4879"}],"wp:term":[{"taxonomy":"product_cat","embeddable":true,"href":"https:\/\/saxsim.ee\/swp\/wp-json\/wp\/v2\/product_cat?post=4879"},{"taxonomy":"product_tag","embeddable":true,"href":"https:\/\/saxsim.ee\/swp\/wp-json\/wp\/v2\/product_tag?post=4879"}],"curies":[{"name":"wp","href":"https:\/\/api.w.org\/{rel}","templated":true}]}}