{"id":4858,"date":"2018-07-11T11:09:30","date_gmt":"2018-07-11T08:09:30","guid":{"rendered":"https:\/\/www.saxsim.ee\/?post_type=product&#038;p=4858"},"modified":"2025-08-05T08:59:12","modified_gmt":"2025-08-05T05:59:12","slug":"ultron-long-life-500-ml-maardeaine","status":"publish","type":"product","link":"https:\/\/saxsim.ee\/swp\/product\/ultron-long-life-500-ml-maardeaine\/","title":{"rendered":"Ultron Long Life 500 ml. &#8211; m\u00e4\u00e4rdeaine"},"content":{"rendered":"<p>Professionaalseks kasutamiseks. See juuksel\u00f5ikusmasinate m\u00e4\u00e4rdeaine pikendab nende eeldatavat t\u00f6\u00f6iga. Raputage enne kasutamist. Alati eemaldage t\u00f6\u00f6vahend vooluv\u00f5rgust. <u>Eriti tuleohtlik aerosoolpakend!<\/u> Kuumenedes v\u00f5ib l\u00f5hkeda. V\u00f5ib p\u00f5hjustada t\u00f5sist silmade \u00e4rritust. Kahjulik veeorganismidele, \u00a0pikaajalisete m\u00f5judega. Hoidke ballooni eemal kuumusest, kuumenevatest pindadest, s\u00e4demetest, lahtisest leegist ja teistest s\u00fcttivatest ainetest. Mitte suitsetada. \u00c4rge pihustage lahtisesse tulle v\u00f5i teistesse s\u00fc\u00fcteallikatesse. Peale kasutamist \u00e4rge p\u00f5letage ega l\u00f5hkuge ballooni. Silma sattudes p\u00f6\u00f6rduge meditsiinilisse abisse. Hoida p\u00e4ikesepaiste ja \u00fcle +50\u00b0C \/ 122\u00b0F kuumuse eest! Utiliseerige sisu ja pakend vastavalt kohalikele eeskirjadele. Kasutage toodet ainult sihip\u00e4raselt. Sisaldab (R)-P-MENTHA-1,8-DIENE ja CITRAL. V\u00f5ib p\u00f5hjustada allergilisi reaktsioone.<\/p>\n<p>&nbsp;<\/p>\n","protected":false},"excerpt":{"rendered":"<p>Professionaalseks kasutamiseks. See juuksel\u00f5ikusmasinate m\u00e4\u00e4rdeaine pikendab nende eeldatavat t\u00f6\u00f6iga. Raputage enne kasutamist. Alati eemaldage t\u00f6\u00f6vahend vooluv\u00f5rgust. Eriti tuleohtlik aerosoolpakend! Kuumenedes v\u00f5ib l\u00f5hkeda. V\u00f5ib p\u00f5hjustada t\u00f5sist silmade \u00e4rritust. Kahjulik veeorganismidele, \u00a0pikaajalisete m\u00f5judega. Hoidke ballooni eemal kuumusest, kuumenevatest pindadest, s\u00e4demetest, lahtisest leegist ja teistest s\u00fcttivatest ainetest. Mitte suitsetada. \u00c4rge pihustage lahtisesse tulle v\u00f5i teistesse s\u00fc\u00fcteallikatesse. Peale kasutamist [&hellip;]<\/p>\n","protected":false},"featured_media":4859,"comment_status":"closed","ping_status":"closed","template":"","meta":[],"product_cat":[733,401,174,276,277,599,286],"product_tag":[],"class_list":{"0":"post-4858","1":"product","2":"type-product","3":"status-publish","4":"has-post-thumbnail","6":"product_cat-ultron","7":"product_cat-juuksuri-tarvikud","8":"product_cat-kaarid","9":"product_cat-loikuskaarid","10":"product_cat-fileerkaarid","11":"product_cat-puhastus-ja-desinfektsioonivahendid","12":"product_cat-loikusmasinad-ja-trimmerid","14":"first","15":"instock","16":"taxable","17":"shipping-taxable","18":"purchasable","19":"product-type-simple"},"_links":{"self":[{"href":"https:\/\/saxsim.ee\/swp\/wp-json\/wp\/v2\/product\/4858"}],"collection":[{"href":"https:\/\/saxsim.ee\/swp\/wp-json\/wp\/v2\/product"}],"about":[{"href":"https:\/\/saxsim.ee\/swp\/wp-json\/wp\/v2\/types\/product"}],"replies":[{"embeddable":true,"href":"https:\/\/saxsim.ee\/swp\/wp-json\/wp\/v2\/comments?post=4858"}],"wp:featuredmedia":[{"embeddable":true,"href":"https:\/\/saxsim.ee\/swp\/wp-json\/wp\/v2\/media\/4859"}],"wp:attachment":[{"href":"https:\/\/saxsim.ee\/swp\/wp-json\/wp\/v2\/media?parent=4858"}],"wp:term":[{"taxonomy":"product_cat","embeddable":true,"href":"https:\/\/saxsim.ee\/swp\/wp-json\/wp\/v2\/product_cat?post=4858"},{"taxonomy":"product_tag","embeddable":true,"href":"https:\/\/saxsim.ee\/swp\/wp-json\/wp\/v2\/product_tag?post=4858"}],"curies":[{"name":"wp","href":"https:\/\/api.w.org\/{rel}","templated":true}]}}