{"id":4830,"date":"2018-06-17T23:13:35","date_gmt":"2018-06-17T20:13:35","guid":{"rendered":"https:\/\/www.saxsim.ee\/?post_type=product&#038;p=4830"},"modified":"2025-08-24T11:26:14","modified_gmt":"2025-08-24T08:26:14","slug":"disposable-haidresser-towel-smooth-basic-extra-70x40-paberratikud","status":"publish","type":"product","link":"https:\/\/saxsim.ee\/swp\/product\/disposable-haidresser-towel-smooth-basic-extra-70x40-paberratikud\/","title":{"rendered":"Disposable Haidresser Towel Smooth BASIC EXTRA 70&#215;40 &#8211; paberr\u00e4tikud"},"content":{"rendered":"<p><span id=\"result_box\" class=\"\" lang=\"et\"><span class=\"\">Materjal &#8211; 70% viskoos+30% pol\u00fcester. Sile.<br \/>\n<\/span><\/span><\/p>\n<p>M\u00f5\u00f5dud &#8211; 40*70 cm.<\/p>\n<p><span id=\"result_box\" class=\"\" lang=\"et\"><span class=\"\">V\u00e4rv &#8211; valge.<\/span><\/span><\/p>\n<p><span id=\"result_box\" class=\"\" lang=\"et\"><span class=\"\">Kaal &#8211; 50 gsm.<\/span><\/span><\/p>\n<p>Pakis &#8211; 100 tk.<\/p>\n<p>Valmistatud &#8211; Poolas<\/p>\n","protected":false},"excerpt":{"rendered":"<p>Materjal &#8211; 70% viskoos+30% pol\u00fcester. Sile. M\u00f5\u00f5dud &#8211; 40*70 cm. V\u00e4rv &#8211; valge. Kaal &#8211; 50 gsm. Pakis &#8211; 100 tk. Valmistatud &#8211; Poolas<\/p>\n","protected":false},"featured_media":4831,"comment_status":"closed","ping_status":"closed","template":"","meta":[],"product_cat":[577,583,401,291,346],"product_tag":[],"class_list":{"0":"post-4830","1":"product","2":"type-product","3":"status-publish","4":"has-post-thumbnail","6":"product_cat-iluteenindaja-tarvikud","7":"product_cat-uhekordsed-tooted-iluteenindaja-tarvikud","8":"product_cat-juuksuri-tarvikud","9":"product_cat-uhekordsed-tooted","10":"product_cat-uhekordsed-ratikud","12":"first","13":"outofstock","14":"taxable","15":"shipping-taxable","16":"purchasable","17":"product-type-simple"},"_links":{"self":[{"href":"https:\/\/saxsim.ee\/swp\/wp-json\/wp\/v2\/product\/4830"}],"collection":[{"href":"https:\/\/saxsim.ee\/swp\/wp-json\/wp\/v2\/product"}],"about":[{"href":"https:\/\/saxsim.ee\/swp\/wp-json\/wp\/v2\/types\/product"}],"replies":[{"embeddable":true,"href":"https:\/\/saxsim.ee\/swp\/wp-json\/wp\/v2\/comments?post=4830"}],"wp:featuredmedia":[{"embeddable":true,"href":"https:\/\/saxsim.ee\/swp\/wp-json\/wp\/v2\/media\/4831"}],"wp:attachment":[{"href":"https:\/\/saxsim.ee\/swp\/wp-json\/wp\/v2\/media?parent=4830"}],"wp:term":[{"taxonomy":"product_cat","embeddable":true,"href":"https:\/\/saxsim.ee\/swp\/wp-json\/wp\/v2\/product_cat?post=4830"},{"taxonomy":"product_tag","embeddable":true,"href":"https:\/\/saxsim.ee\/swp\/wp-json\/wp\/v2\/product_tag?post=4830"}],"curies":[{"name":"wp","href":"https:\/\/api.w.org\/{rel}","templated":true}]}}