{"id":4767,"date":"2018-06-04T09:59:24","date_gmt":"2018-06-04T06:59:24","guid":{"rendered":"https:\/\/www.saxsim.ee\/?post_type=product&#038;p=4767"},"modified":"2020-02-12T21:02:11","modified_gmt":"2020-02-12T19:02:11","slug":"magic-mirror-kasipeegel","status":"publish","type":"product","link":"https:\/\/saxsim.ee\/swp\/product\/magic-mirror-kasipeegel\/","title":{"rendered":"Magic Mirror &#8211; k\u00e4sipeegel"},"content":{"rendered":"<p>Peeglil on kummist \u00e4\u00e4r, mis v\u00f5imaldab asetada teda tasapinnale, seda kriimustamatta.<\/p>\n<p>K\u00e4sipeegel &#8211; must.<\/p>\n<p>Diameeter 22 cm.<\/p>\n<p>V\u00f5imalik juurde osta seinakinnitus.<\/p>\n<p>&nbsp;<\/p>\n","protected":false},"excerpt":{"rendered":"<p>Peeglil on kummist \u00e4\u00e4r, mis v\u00f5imaldab asetada teda tasapinnale, seda kriimustamatta. K\u00e4sipeegel &#8211; must. Diameeter 22 cm. V\u00f5imalik juurde osta seinakinnitus. &nbsp;<\/p>\n","protected":false},"featured_media":4768,"comment_status":"closed","ping_status":"closed","template":"","meta":[],"product_cat":[325,182,401],"product_tag":[],"class_list":{"0":"post-4767","1":"product","2":"type-product","3":"status-publish","4":"has-post-thumbnail","6":"product_cat-juuksuri-ja-ilusalongi-sisustus","7":"product_cat-kasipeeglid","8":"product_cat-juuksuri-tarvikud","10":"first","11":"instock","12":"taxable","13":"shipping-taxable","14":"purchasable","15":"product-type-simple"},"_links":{"self":[{"href":"https:\/\/saxsim.ee\/swp\/wp-json\/wp\/v2\/product\/4767"}],"collection":[{"href":"https:\/\/saxsim.ee\/swp\/wp-json\/wp\/v2\/product"}],"about":[{"href":"https:\/\/saxsim.ee\/swp\/wp-json\/wp\/v2\/types\/product"}],"replies":[{"embeddable":true,"href":"https:\/\/saxsim.ee\/swp\/wp-json\/wp\/v2\/comments?post=4767"}],"wp:featuredmedia":[{"embeddable":true,"href":"https:\/\/saxsim.ee\/swp\/wp-json\/wp\/v2\/media\/4768"}],"wp:attachment":[{"href":"https:\/\/saxsim.ee\/swp\/wp-json\/wp\/v2\/media?parent=4767"}],"wp:term":[{"taxonomy":"product_cat","embeddable":true,"href":"https:\/\/saxsim.ee\/swp\/wp-json\/wp\/v2\/product_cat?post=4767"},{"taxonomy":"product_tag","embeddable":true,"href":"https:\/\/saxsim.ee\/swp\/wp-json\/wp\/v2\/product_tag?post=4767"}],"curies":[{"name":"wp","href":"https:\/\/api.w.org\/{rel}","templated":true}]}}