{"id":4732,"date":"2018-05-09T16:14:50","date_gmt":"2018-05-09T13:14:50","guid":{"rendered":"https:\/\/www.saxsim.ee\/?post_type=product&#038;p=4732"},"modified":"2026-04-11T15:13:52","modified_gmt":"2026-04-11T12:13:52","slug":"joewell-new-cobalt-offset-60f-60","status":"publish","type":"product","link":"https:\/\/saxsim.ee\/swp\/product\/joewell-new-cobalt-offset-60f-60\/","title":{"rendered":"Joewell New Cobalt Offset 60F ( 6,0&#8243; ) &#8211; l\u00f5ikusk\u00e4\u00e4rid"},"content":{"rendered":"<p>Joewell New Cobalt Offset l\u00f5ikusk\u00e4\u00e4rid on valmistatud spetsiaalsest, koobaltit sisaldavast sulamist, mis\u00a0teeb materjali oluliselt tugevamaks. K\u00e4\u00e4rid p\u00fcsivad teravatena tunduvalt kauem. K\u00e4\u00e4rid on m\u00f5eldud kuivl\u00f5ikuseks, kuid neid on v\u00f5imalik kasutada ka teiste l\u00f5ikustehnikate puhul.<\/p>\n<p><strong>Eelised:<\/strong>\u00a0pikk eluiga, vajavad harvemini teritamist, ergonoomilised<br \/>\n<strong>Materjal:<\/strong>\u00a0koobaltit sisaldav\u00a0sulam, mis sisaldab v\u00e4hem niklit (alla 0,6%)<\/p>\n<p><strong>Disainielemendid:<\/strong><br \/>\nergonoomilise kujuga<br \/>\nlame, s\u00fcvistatud reguleerimiskruvi<br \/>\nfikseeritud\u00a0s\u00f5rmetugi<br \/>\nv\u00e4iksema suurusega s\u00f5rmeaugud<\/p>\n<p><strong>lisatud:<\/strong><br \/>\nJoewell k\u00e4\u00e4ri\u00f5li &#8211; 1 tk.<br \/>\nJoewell New Cobalt Offset k\u00e4\u00e4re on saadaval 2 erinevas suuruses ( 5,5&#8243; ja 6,0&#8243; ).<\/p>\n<p>Tootja &#8211; TOKOSHA CO., LTD, Japan<\/p>\n<p>&nbsp;<\/p>\n","protected":false},"excerpt":{"rendered":"<p>Joewell New Cobalt Offset l\u00f5ikusk\u00e4\u00e4rid on valmistatud spetsiaalsest, koobaltit sisaldavast sulamist, mis\u00a0teeb materjali oluliselt tugevamaks. K\u00e4\u00e4rid p\u00fcsivad teravatena tunduvalt kauem. K\u00e4\u00e4rid on m\u00f5eldud kuivl\u00f5ikuseks, kuid neid on v\u00f5imalik kasutada ka teiste l\u00f5ikustehnikate puhul. Eelised:\u00a0pikk eluiga, vajavad harvemini teritamist, ergonoomilised Materjal:\u00a0koobaltit sisaldav\u00a0sulam, mis sisaldab v\u00e4hem niklit (alla 0,6%) Disainielemendid: ergonoomilise kujuga lame, s\u00fcvistatud reguleerimiskruvi fikseeritud\u00a0s\u00f5rmetugi v\u00e4iksema [&hellip;]<\/p>\n","protected":false},"featured_media":4733,"comment_status":"closed","ping_status":"closed","template":"","meta":[],"product_cat":[703,401,174,276],"product_tag":[],"class_list":{"0":"post-4732","1":"product","2":"type-product","3":"status-publish","4":"has-post-thumbnail","6":"product_cat-joewell","7":"product_cat-juuksuri-tarvikud","8":"product_cat-kaarid","9":"product_cat-loikuskaarid","11":"first","12":"instock","13":"taxable","14":"shipping-taxable","15":"purchasable","16":"product-type-simple"},"_links":{"self":[{"href":"https:\/\/saxsim.ee\/swp\/wp-json\/wp\/v2\/product\/4732"}],"collection":[{"href":"https:\/\/saxsim.ee\/swp\/wp-json\/wp\/v2\/product"}],"about":[{"href":"https:\/\/saxsim.ee\/swp\/wp-json\/wp\/v2\/types\/product"}],"replies":[{"embeddable":true,"href":"https:\/\/saxsim.ee\/swp\/wp-json\/wp\/v2\/comments?post=4732"}],"wp:featuredmedia":[{"embeddable":true,"href":"https:\/\/saxsim.ee\/swp\/wp-json\/wp\/v2\/media\/4733"}],"wp:attachment":[{"href":"https:\/\/saxsim.ee\/swp\/wp-json\/wp\/v2\/media?parent=4732"}],"wp:term":[{"taxonomy":"product_cat","embeddable":true,"href":"https:\/\/saxsim.ee\/swp\/wp-json\/wp\/v2\/product_cat?post=4732"},{"taxonomy":"product_tag","embeddable":true,"href":"https:\/\/saxsim.ee\/swp\/wp-json\/wp\/v2\/product_tag?post=4732"}],"curies":[{"name":"wp","href":"https:\/\/api.w.org\/{rel}","templated":true}]}}