{"id":4712,"date":"2018-07-01T11:15:00","date_gmt":"2018-07-01T08:15:00","guid":{"rendered":"https:\/\/www.saxsim.ee\/?post_type=product&#038;p=4712"},"modified":"2025-07-06T10:30:12","modified_gmt":"2025-07-06T07:30:12","slug":"ds-leave-in-conditioner-200-ml","status":"publish","type":"product","link":"https:\/\/saxsim.ee\/swp\/product\/ds-leave-in-conditioner-200-ml\/","title":{"rendered":"DS Leave-in Conditioner 200 ml. &#8211; p\u00e4hej\u00e4etav hooldusaine"},"content":{"rendered":"<p>L\u00f5hnastamata hooldusaine k\u00f5ikidele juukset\u00fc\u00fcpidele. Koostiselt kerge hooldusaine niisutab juukseid t\u00f5husalt, muutes nad kergesti k\u00e4sitletavateks ja pehmeteks. V\u00e4hendab juustes staatilist elektrit, annab l\u00e4iget ja hoiab \u00e4ra juuksev\u00e4rvi tuhmumise. Sisaldab UV-kaitset.<\/p>\n<p><strong><u>Kasutamine:<\/u><\/strong>\u00a0pihusta u. 20 cm kauguselt kuivadesse v\u00f5i niisketesse juustesse. \u00c4ra loputa.<\/p>\n<p>pH: 3,8<\/p>\n<p><span id=\"result_box\" class=\"\" lang=\"et\"><strong>Koolitajate n\u00e4pun\u00e4ide:<\/strong><br \/>\nEnne magamaminekut pihusta hooldusainet juustesse ja \u00e4rgates on juuksed siidiselt pehmed ja niisutatud.<\/span><\/p>\n","protected":false},"excerpt":{"rendered":"<p>L\u00f5hnastamata hooldusaine k\u00f5ikidele juukset\u00fc\u00fcpidele. Koostiselt kerge hooldusaine niisutab juukseid t\u00f5husalt, muutes nad kergesti k\u00e4sitletavateks ja pehmeteks. V\u00e4hendab juustes staatilist elektrit, annab l\u00e4iget ja hoiab \u00e4ra juuksev\u00e4rvi tuhmumise. Sisaldab UV-kaitset. Kasutamine:\u00a0pihusta u. 20 cm kauguselt kuivadesse v\u00f5i niisketesse juustesse. \u00c4ra loputa. pH: 3,8 Koolitajate n\u00e4pun\u00e4ide: Enne magamaminekut pihusta hooldusainet juustesse ja \u00e4rgates on juuksed siidiselt pehmed [&hellip;]<\/p>\n","protected":false},"featured_media":4713,"comment_status":"closed","ping_status":"closed","template":"","meta":[],"product_cat":[728,395,661],"product_tag":[],"class_list":{"0":"post-4712","1":"product","2":"type-product","3":"status-publish","4":"has-post-thumbnail","6":"product_cat-ds","7":"product_cat-juuksed","8":"product_cat-pahejaetavad-hooldusained","10":"first","11":"instock","12":"taxable","13":"shipping-taxable","14":"purchasable","15":"product-type-simple"},"_links":{"self":[{"href":"https:\/\/saxsim.ee\/swp\/wp-json\/wp\/v2\/product\/4712"}],"collection":[{"href":"https:\/\/saxsim.ee\/swp\/wp-json\/wp\/v2\/product"}],"about":[{"href":"https:\/\/saxsim.ee\/swp\/wp-json\/wp\/v2\/types\/product"}],"replies":[{"embeddable":true,"href":"https:\/\/saxsim.ee\/swp\/wp-json\/wp\/v2\/comments?post=4712"}],"wp:featuredmedia":[{"embeddable":true,"href":"https:\/\/saxsim.ee\/swp\/wp-json\/wp\/v2\/media\/4713"}],"wp:attachment":[{"href":"https:\/\/saxsim.ee\/swp\/wp-json\/wp\/v2\/media?parent=4712"}],"wp:term":[{"taxonomy":"product_cat","embeddable":true,"href":"https:\/\/saxsim.ee\/swp\/wp-json\/wp\/v2\/product_cat?post=4712"},{"taxonomy":"product_tag","embeddable":true,"href":"https:\/\/saxsim.ee\/swp\/wp-json\/wp\/v2\/product_tag?post=4712"}],"curies":[{"name":"wp","href":"https:\/\/api.w.org\/{rel}","templated":true}]}}