{"id":4700,"date":"2018-04-26T08:51:12","date_gmt":"2018-04-26T05:51:12","guid":{"rendered":"https:\/\/www.saxsim.ee\/?post_type=product&#038;p=4700"},"modified":"2024-01-11T11:54:36","modified_gmt":"2024-01-11T09:54:36","slug":"joewell-thinning-fx-pro-e40","status":"publish","type":"product","link":"https:\/\/saxsim.ee\/swp\/product\/joewell-thinning-fx-pro-e40\/","title":{"rendered":"Joewell Thinning FX PRO E40 &#8211; fileerk\u00e4\u00e4rid"},"content":{"rendered":"<p>T\u00e4iuslik kombinatsioon kahest populaarsest Joewell`i mudelist, FX PRO ja E40. K\u00e4\u00e4rid on ideaalselt tasakaalustatud ja erakordselt vastupidavad.<\/p>\n<p><strong>Materjal:<\/strong>\u00a0 Supreme roostevaba sulam, mis sisaldab v\u00e4hem niklit (alla 0,6%)<\/p>\n<p><strong>Disainielemendid:<\/strong><br \/>\noffset 3D k\u00e4epide<br \/>\n40 hammast, \u00fche k\u00e4\u00e4rivajutusega l\u00f5ikab 35% juukseid<br \/>\nkuiv laagris\u00fcsteem<br \/>\neemaldatavat s\u00f5rmetugi<br \/>\nregulaarse suurusega s\u00f5rmeaugud<\/p>\n<p><strong>lisatud:<\/strong><br \/>\nJoewell k\u00e4\u00e4ri\u00f5li &#8211; 1 tk.<br \/>\ns\u00f5rmer\u00f5ngad &#8211; 2 tk.<\/p>\n<p>Tootja &#8211; TOKOSHA CO., LTD, Japan<\/p>\n<p>&nbsp;<\/p>\n","protected":false},"excerpt":{"rendered":"<p>T\u00e4iuslik kombinatsioon kahest populaarsest Joewell`i mudelist, FX PRO ja E40. K\u00e4\u00e4rid on ideaalselt tasakaalustatud ja erakordselt vastupidavad. Materjal:\u00a0 Supreme roostevaba sulam, mis sisaldab v\u00e4hem niklit (alla 0,6%) Disainielemendid: offset 3D k\u00e4epide 40 hammast, \u00fche k\u00e4\u00e4rivajutusega l\u00f5ikab 35% juukseid kuiv laagris\u00fcsteem eemaldatavat s\u00f5rmetugi regulaarse suurusega s\u00f5rmeaugud lisatud: Joewell k\u00e4\u00e4ri\u00f5li &#8211; 1 tk. s\u00f5rmer\u00f5ngad &#8211; 2 tk. [&hellip;]<\/p>\n","protected":false},"featured_media":4701,"comment_status":"closed","ping_status":"closed","template":"","meta":[],"product_cat":[703,401,174,277],"product_tag":[],"class_list":{"0":"post-4700","1":"product","2":"type-product","3":"status-publish","4":"has-post-thumbnail","6":"product_cat-joewell","7":"product_cat-juuksuri-tarvikud","8":"product_cat-kaarid","9":"product_cat-fileerkaarid","11":"first","12":"instock","13":"taxable","14":"shipping-taxable","15":"purchasable","16":"product-type-simple"},"_links":{"self":[{"href":"https:\/\/saxsim.ee\/swp\/wp-json\/wp\/v2\/product\/4700"}],"collection":[{"href":"https:\/\/saxsim.ee\/swp\/wp-json\/wp\/v2\/product"}],"about":[{"href":"https:\/\/saxsim.ee\/swp\/wp-json\/wp\/v2\/types\/product"}],"replies":[{"embeddable":true,"href":"https:\/\/saxsim.ee\/swp\/wp-json\/wp\/v2\/comments?post=4700"}],"wp:featuredmedia":[{"embeddable":true,"href":"https:\/\/saxsim.ee\/swp\/wp-json\/wp\/v2\/media\/4701"}],"wp:attachment":[{"href":"https:\/\/saxsim.ee\/swp\/wp-json\/wp\/v2\/media?parent=4700"}],"wp:term":[{"taxonomy":"product_cat","embeddable":true,"href":"https:\/\/saxsim.ee\/swp\/wp-json\/wp\/v2\/product_cat?post=4700"},{"taxonomy":"product_tag","embeddable":true,"href":"https:\/\/saxsim.ee\/swp\/wp-json\/wp\/v2\/product_tag?post=4700"}],"curies":[{"name":"wp","href":"https:\/\/api.w.org\/{rel}","templated":true}]}}