{"id":4684,"date":"2018-04-24T08:10:35","date_gmt":"2018-04-24T05:10:35","guid":{"rendered":"https:\/\/www.saxsim.ee\/?post_type=product&#038;p=4684"},"modified":"2026-02-02T09:10:30","modified_gmt":"2026-02-02T07:10:30","slug":"the-carecut-jaguar-tcc-6-kuumad-kaarid","status":"publish","type":"product","link":"https:\/\/saxsim.ee\/swp\/product\/the-carecut-jaguar-tcc-6-kuumad-kaarid\/","title":{"rendered":"The Carecut Jaguar TCC 6&#8243; &#8211; kuumad k\u00e4\u00e4rid"},"content":{"rendered":"<p>Jaguar TCC teraapilised juuksel\u00f5ikusk\u00e4\u00e4rid.<\/p>\n<p>T\u00e4nu The Carecut Jaguar TCC s\u00fcsteemi pidevalt kuumadele l\u00f5ikusteradele, suletakse juukseotsad l\u00f5ikuse k\u00e4igus. Tervemad juuksed s\u00e4ilitavad looduslikku niiskustasakaalu ja on kaitstud keskonnam\u00f5jude eest. Tulemuseks s\u00e4ravad ja elastsed juuksed, ilma katkiste juukseotsteta. Temperatuuri saab reguleerida ( 100 &#8211; 140\u00b0C ) vastavalt juustet\u00fc\u00fcbile.<\/p>\n<p>Pikkus &#8211; 15 cm.<\/p>\n<p>Komplekt sisaldab: \u00f5li, termoalust, harja, v\u00f5tit reguleerimiseks ja puhastuslappi.<\/p>\n","protected":false},"excerpt":{"rendered":"<p>Jaguar TCC teraapilised juuksel\u00f5ikusk\u00e4\u00e4rid. T\u00e4nu The Carecut Jaguar TCC s\u00fcsteemi pidevalt kuumadele l\u00f5ikusteradele, suletakse juukseotsad l\u00f5ikuse k\u00e4igus. Tervemad juuksed s\u00e4ilitavad looduslikku niiskustasakaalu ja on kaitstud keskonnam\u00f5jude eest. Tulemuseks s\u00e4ravad ja elastsed juuksed, ilma katkiste juukseotsteta. Temperatuuri saab reguleerida ( 100 &#8211; 140\u00b0C ) vastavalt juustet\u00fc\u00fcbile. Pikkus &#8211; 15 cm. Komplekt sisaldab: \u00f5li, termoalust, harja, v\u00f5tit [&hellip;]<\/p>\n","protected":false},"featured_media":4686,"comment_status":"closed","ping_status":"closed","template":"","meta":[],"product_cat":[736,401,174,276,640],"product_tag":[],"class_list":{"0":"post-4684","1":"product","2":"type-product","3":"status-publish","4":"has-post-thumbnail","6":"product_cat-jaguar","7":"product_cat-juuksuri-tarvikud","8":"product_cat-kaarid","9":"product_cat-loikuskaarid","10":"product_cat-kuumad-kaarid","12":"first","13":"instock","14":"taxable","15":"shipping-taxable","16":"purchasable","17":"product-type-simple"},"_links":{"self":[{"href":"https:\/\/saxsim.ee\/swp\/wp-json\/wp\/v2\/product\/4684"}],"collection":[{"href":"https:\/\/saxsim.ee\/swp\/wp-json\/wp\/v2\/product"}],"about":[{"href":"https:\/\/saxsim.ee\/swp\/wp-json\/wp\/v2\/types\/product"}],"replies":[{"embeddable":true,"href":"https:\/\/saxsim.ee\/swp\/wp-json\/wp\/v2\/comments?post=4684"}],"wp:featuredmedia":[{"embeddable":true,"href":"https:\/\/saxsim.ee\/swp\/wp-json\/wp\/v2\/media\/4686"}],"wp:attachment":[{"href":"https:\/\/saxsim.ee\/swp\/wp-json\/wp\/v2\/media?parent=4684"}],"wp:term":[{"taxonomy":"product_cat","embeddable":true,"href":"https:\/\/saxsim.ee\/swp\/wp-json\/wp\/v2\/product_cat?post=4684"},{"taxonomy":"product_tag","embeddable":true,"href":"https:\/\/saxsim.ee\/swp\/wp-json\/wp\/v2\/product_tag?post=4684"}],"curies":[{"name":"wp","href":"https:\/\/api.w.org\/{rel}","templated":true}]}}