{"id":4678,"date":"2018-04-12T20:45:56","date_gmt":"2018-04-12T17:45:56","guid":{"rendered":"https:\/\/www.saxsim.ee\/?post_type=product&#038;p=4678"},"modified":"2020-01-17T12:02:33","modified_gmt":"2020-01-17T10:02:33","slug":"barber-pole-texas-valgusreklaam","status":"publish","type":"product","link":"https:\/\/saxsim.ee\/swp\/product\/barber-pole-texas-valgusreklaam\/","title":{"rendered":"Barber Pole, Texas &#8211; valgusreklaam"},"content":{"rendered":"<p>Traditsioonilne p\u00f6\u00f6rlev juuksurisalongi valgusreklaam. Valgusreklaami v\u00f5ib paigutada \u00f5ue, kuid pistikupesa ja l\u00fcliti peavad paiknema siseruumides.<\/p>\n<p>V\u00f5imsus &#8211; 22 w.<\/p>\n<p>K\u00f5rgus &#8211; 106,0 cm.<\/p>\n<p>L\u00e4bim\u00f5\u00f5t &#8211; 23,0 cm.<\/p>\n<p>Saadaval ka:<\/p>\n<p>77 cm. \/ 14 w.<\/p>\n<p>136 cm. \/ 38 w.<\/p>\n<p>166 cm. \/ 44 w.<\/p>\n","protected":false},"excerpt":{"rendered":"<p>Traditsioonilne p\u00f6\u00f6rlev juuksurisalongi valgusreklaam. Valgusreklaami v\u00f5ib paigutada \u00f5ue, kuid pistikupesa ja l\u00fcliti peavad paiknema siseruumides. V\u00f5imsus &#8211; 22 w. K\u00f5rgus &#8211; 106,0 cm. L\u00e4bim\u00f5\u00f5t &#8211; 23,0 cm. Saadaval ka: 77 cm. \/ 14 w. 136 cm. \/ 38 w. 166 cm. \/ 44 w.<\/p>\n","protected":false},"featured_media":4679,"comment_status":"closed","ping_status":"closed","template":"","meta":[],"product_cat":[325,639,401],"product_tag":[],"class_list":{"0":"post-4678","1":"product","2":"type-product","3":"status-publish","4":"has-post-thumbnail","6":"product_cat-juuksuri-ja-ilusalongi-sisustus","7":"product_cat-muud-tooted","8":"product_cat-juuksuri-tarvikud","10":"first","11":"instock","12":"taxable","13":"shipping-taxable","14":"purchasable","15":"product-type-simple"},"_links":{"self":[{"href":"https:\/\/saxsim.ee\/swp\/wp-json\/wp\/v2\/product\/4678"}],"collection":[{"href":"https:\/\/saxsim.ee\/swp\/wp-json\/wp\/v2\/product"}],"about":[{"href":"https:\/\/saxsim.ee\/swp\/wp-json\/wp\/v2\/types\/product"}],"replies":[{"embeddable":true,"href":"https:\/\/saxsim.ee\/swp\/wp-json\/wp\/v2\/comments?post=4678"}],"wp:featuredmedia":[{"embeddable":true,"href":"https:\/\/saxsim.ee\/swp\/wp-json\/wp\/v2\/media\/4679"}],"wp:attachment":[{"href":"https:\/\/saxsim.ee\/swp\/wp-json\/wp\/v2\/media?parent=4678"}],"wp:term":[{"taxonomy":"product_cat","embeddable":true,"href":"https:\/\/saxsim.ee\/swp\/wp-json\/wp\/v2\/product_cat?post=4678"},{"taxonomy":"product_tag","embeddable":true,"href":"https:\/\/saxsim.ee\/swp\/wp-json\/wp\/v2\/product_tag?post=4678"}],"curies":[{"name":"wp","href":"https:\/\/api.w.org\/{rel}","templated":true}]}}