{"id":4668,"date":"2018-04-11T20:55:59","date_gmt":"2018-04-11T17:55:59","guid":{"rendered":"https:\/\/www.saxsim.ee\/?post_type=product&#038;p=4668"},"modified":"2023-03-12T10:47:50","modified_gmt":"2023-03-12T08:47:50","slug":"barber-scissors-sky-6","status":"publish","type":"product","link":"https:\/\/saxsim.ee\/swp\/product\/barber-scissors-sky-6\/","title":{"rendered":"Barber Scissors Sky 6&#8243; &#8211; l\u00f5ikusk\u00e4\u00e4rid"},"content":{"rendered":"<p>Suurep\u00e4rased juuksuri k\u00e4\u00e4rid on valmistatud Jaapani 440C roostevabast terasest. K\u00e4\u00e4ridel on musta v\u00e4rvi, matt viimistlus ja lame, s\u00fcvistatud reguleerimiskruvi. Teravate otstega l\u00f5ikusterad ja v\u00f5rdsel kaugusel asetsevad s\u00f5rmeavad tagavad k\u00e4\u00e4ride mugava kasutamise igap\u00e4evasel t\u00f6\u00f6l.<\/p>\n<p><strong>Disainielemendid:<\/strong><br \/>\nklassikalise kujuga<\/p>\n<p>eemaldatava s\u00f5rmetoega<\/p>\n<p>lame, s\u00fcvistatud reguleerimiskruvi<\/p>\n<p>matt viimistlus<\/p>\n<p class=\"fn\">Sky k\u00e4\u00e4re on saadaval 3 erinevas suuruses ( 5\u2033, 6\u2033 ja 7&#8243;).<\/p>\n<p>&nbsp;<\/p>\n<p>&nbsp;<\/p>\n","protected":false},"excerpt":{"rendered":"<p>Suurep\u00e4rased juuksuri k\u00e4\u00e4rid on valmistatud Jaapani 440C roostevabast terasest. K\u00e4\u00e4ridel on musta v\u00e4rvi, matt viimistlus ja lame, s\u00fcvistatud reguleerimiskruvi. Teravate otstega l\u00f5ikusterad ja v\u00f5rdsel kaugusel asetsevad s\u00f5rmeavad tagavad k\u00e4\u00e4ride mugava kasutamise igap\u00e4evasel t\u00f6\u00f6l. Disainielemendid: klassikalise kujuga eemaldatava s\u00f5rmetoega lame, s\u00fcvistatud reguleerimiskruvi matt viimistlus Sky k\u00e4\u00e4re on saadaval 3 erinevas suuruses ( 5\u2033, 6\u2033 ja 7&#8243;). [&hellip;]<\/p>\n","protected":false},"featured_media":4669,"comment_status":"closed","ping_status":"closed","template":"","meta":[],"product_cat":[401,174,276],"product_tag":[],"class_list":{"0":"post-4668","1":"product","2":"type-product","3":"status-publish","4":"has-post-thumbnail","6":"product_cat-juuksuri-tarvikud","7":"product_cat-kaarid","8":"product_cat-loikuskaarid","10":"first","11":"instock","12":"taxable","13":"shipping-taxable","14":"purchasable","15":"product-type-simple"},"_links":{"self":[{"href":"https:\/\/saxsim.ee\/swp\/wp-json\/wp\/v2\/product\/4668"}],"collection":[{"href":"https:\/\/saxsim.ee\/swp\/wp-json\/wp\/v2\/product"}],"about":[{"href":"https:\/\/saxsim.ee\/swp\/wp-json\/wp\/v2\/types\/product"}],"replies":[{"embeddable":true,"href":"https:\/\/saxsim.ee\/swp\/wp-json\/wp\/v2\/comments?post=4668"}],"wp:featuredmedia":[{"embeddable":true,"href":"https:\/\/saxsim.ee\/swp\/wp-json\/wp\/v2\/media\/4669"}],"wp:attachment":[{"href":"https:\/\/saxsim.ee\/swp\/wp-json\/wp\/v2\/media?parent=4668"}],"wp:term":[{"taxonomy":"product_cat","embeddable":true,"href":"https:\/\/saxsim.ee\/swp\/wp-json\/wp\/v2\/product_cat?post=4668"},{"taxonomy":"product_tag","embeddable":true,"href":"https:\/\/saxsim.ee\/swp\/wp-json\/wp\/v2\/product_tag?post=4668"}],"curies":[{"name":"wp","href":"https:\/\/api.w.org\/{rel}","templated":true}]}}