{"id":4600,"date":"2018-03-19T23:23:42","date_gmt":"2018-03-19T21:23:42","guid":{"rendered":"https:\/\/www.saxsim.ee\/?post_type=product&#038;p=4600"},"modified":"2018-03-19T23:32:19","modified_gmt":"2018-03-19T21:32:19","slug":"balayage-paddle-salgutamise-abivahend","status":"publish","type":"product","link":"https:\/\/saxsim.ee\/swp\/product\/balayage-paddle-salgutamise-abivahend\/","title":{"rendered":"Balayage Paddle &#8211; salgutamise abivahend"},"content":{"rendered":"<p>Spetsiaalne abivahend, mida kasutatakse Balayage v\u00e4rvitehnikaga.<\/p>\n<p>M\u00f5\u00f5dud: 23,3*11 cm.<\/p>\n<p>&nbsp;<\/p>\n<p>&nbsp;<\/p>\n","protected":false},"excerpt":{"rendered":"<p>Spetsiaalne abivahend, mida kasutatakse Balayage v\u00e4rvitehnikaga. M\u00f5\u00f5dud: 23,3*11 cm. &nbsp; &nbsp;<\/p>\n","protected":false},"featured_media":4601,"comment_status":"closed","ping_status":"closed","template":"","meta":[],"product_cat":[401,176],"product_tag":[],"class_list":{"0":"post-4600","1":"product","2":"type-product","3":"status-publish","4":"has-post-thumbnail","6":"product_cat-juuksuri-tarvikud","7":"product_cat-varvitarvikud","9":"first","10":"instock","11":"taxable","12":"shipping-taxable","13":"purchasable","14":"product-type-simple"},"_links":{"self":[{"href":"https:\/\/saxsim.ee\/swp\/wp-json\/wp\/v2\/product\/4600"}],"collection":[{"href":"https:\/\/saxsim.ee\/swp\/wp-json\/wp\/v2\/product"}],"about":[{"href":"https:\/\/saxsim.ee\/swp\/wp-json\/wp\/v2\/types\/product"}],"replies":[{"embeddable":true,"href":"https:\/\/saxsim.ee\/swp\/wp-json\/wp\/v2\/comments?post=4600"}],"wp:featuredmedia":[{"embeddable":true,"href":"https:\/\/saxsim.ee\/swp\/wp-json\/wp\/v2\/media\/4601"}],"wp:attachment":[{"href":"https:\/\/saxsim.ee\/swp\/wp-json\/wp\/v2\/media?parent=4600"}],"wp:term":[{"taxonomy":"product_cat","embeddable":true,"href":"https:\/\/saxsim.ee\/swp\/wp-json\/wp\/v2\/product_cat?post=4600"},{"taxonomy":"product_tag","embeddable":true,"href":"https:\/\/saxsim.ee\/swp\/wp-json\/wp\/v2\/product_tag?post=4600"}],"curies":[{"name":"wp","href":"https:\/\/api.w.org\/{rel}","templated":true}]}}