{"id":4587,"date":"2018-03-19T22:53:49","date_gmt":"2018-03-19T20:53:49","guid":{"rendered":"https:\/\/www.saxsim.ee\/?post_type=product&#038;p=4587"},"modified":"2019-10-18T14:56:41","modified_gmt":"2019-10-18T11:56:41","slug":"stylist-case-toovahendite-kott","status":"publish","type":"product","link":"https:\/\/saxsim.ee\/swp\/product\/stylist-case-toovahendite-kott\/","title":{"rendered":"Stylist Case \u2013 t\u00f6\u00f6vahendite kott"},"content":{"rendered":"<p>Funktsionaalne t\u00f6\u00f6vahendite kott on valmistatud pehmest PU nahast. Kotis on ruumi erinevatele t\u00f6\u00f6riistadele, 3 kummist aasa k\u00e4\u00e4ridele ja taskud kammidele ja juukseklambritele.<\/p>\n<p>V\u00e4rv &#8211; pruun.<\/p>\n<p>*Tarvikud ei kuulu toote juurde!<\/p>\n<p>&nbsp;<\/p>\n<p>&nbsp;<\/p>\n","protected":false},"excerpt":{"rendered":"<p>Funktsionaalne t\u00f6\u00f6vahendite kott on valmistatud pehmest PU nahast. Kotis on ruumi erinevatele t\u00f6\u00f6riistadele, 3 kummist aasa k\u00e4\u00e4ridele ja taskud kammidele ja juukseklambritele. V\u00e4rv &#8211; pruun. *Tarvikud ei kuulu toote juurde! &nbsp; &nbsp;<\/p>\n","protected":false},"featured_media":4596,"comment_status":"closed","ping_status":"closed","template":"","meta":[],"product_cat":[401,313],"product_tag":[],"class_list":{"0":"post-4587","1":"product","2":"type-product","3":"status-publish","4":"has-post-thumbnail","6":"product_cat-juuksuri-tarvikud","7":"product_cat-kohvrid-ja-kotid","9":"first","10":"instock","11":"taxable","12":"shipping-taxable","13":"purchasable","14":"product-type-simple"},"_links":{"self":[{"href":"https:\/\/saxsim.ee\/swp\/wp-json\/wp\/v2\/product\/4587"}],"collection":[{"href":"https:\/\/saxsim.ee\/swp\/wp-json\/wp\/v2\/product"}],"about":[{"href":"https:\/\/saxsim.ee\/swp\/wp-json\/wp\/v2\/types\/product"}],"replies":[{"embeddable":true,"href":"https:\/\/saxsim.ee\/swp\/wp-json\/wp\/v2\/comments?post=4587"}],"wp:featuredmedia":[{"embeddable":true,"href":"https:\/\/saxsim.ee\/swp\/wp-json\/wp\/v2\/media\/4596"}],"wp:attachment":[{"href":"https:\/\/saxsim.ee\/swp\/wp-json\/wp\/v2\/media?parent=4587"}],"wp:term":[{"taxonomy":"product_cat","embeddable":true,"href":"https:\/\/saxsim.ee\/swp\/wp-json\/wp\/v2\/product_cat?post=4587"},{"taxonomy":"product_tag","embeddable":true,"href":"https:\/\/saxsim.ee\/swp\/wp-json\/wp\/v2\/product_tag?post=4587"}],"curies":[{"name":"wp","href":"https:\/\/api.w.org\/{rel}","templated":true}]}}