{"id":4554,"date":"2018-03-08T00:11:25","date_gmt":"2018-03-07T22:11:25","guid":{"rendered":"https:\/\/www.saxsim.ee\/?post_type=product&#038;p=4554"},"modified":"2018-03-08T00:56:43","modified_gmt":"2018-03-07T22:56:43","slug":"barber-jacket-l-tooroivas","status":"publish","type":"product","link":"https:\/\/saxsim.ee\/swp\/product\/barber-jacket-l-tooroivas\/","title":{"rendered":"Barber Jacket, L &#8211; t\u00f6\u00f6r\u00f5ivas"},"content":{"rendered":"<p>Vastupidavast materjalist, traditsiooniline parduri\u00a0t\u00f6\u00f6r\u00f5ivas.<\/p>\n<p>V\u00e4rv &#8211; valge<\/p>\n<p>Suurus &#8211; 57W x 78L (cm)<\/p>\n<p>Materjal &#8211;\u00a065% pol\u00fcester ja 35% puuvillane riie<\/p>\n<p>Barber Jacket on saadaval ka suurustes M ja XL<\/p>\n","protected":false},"excerpt":{"rendered":"<p>Vastupidavast materjalist, traditsiooniline parduri\u00a0t\u00f6\u00f6r\u00f5ivas. V\u00e4rv &#8211; valge Suurus &#8211; 57W x 78L (cm) Materjal &#8211;\u00a065% pol\u00fcester ja 35% puuvillane riie Barber Jacket on saadaval ka suurustes M ja XL<\/p>\n","protected":false},"featured_media":4555,"comment_status":"closed","ping_status":"closed","template":"","meta":[],"product_cat":[577,401,297],"product_tag":[],"class_list":{"0":"post-4554","1":"product","2":"type-product","3":"status-publish","4":"has-post-thumbnail","6":"product_cat-iluteenindaja-tarvikud","7":"product_cat-juuksuri-tarvikud","8":"product_cat-polled-ja-tooroivad","10":"first","11":"instock","12":"taxable","13":"shipping-taxable","14":"purchasable","15":"product-type-simple"},"_links":{"self":[{"href":"https:\/\/saxsim.ee\/swp\/wp-json\/wp\/v2\/product\/4554"}],"collection":[{"href":"https:\/\/saxsim.ee\/swp\/wp-json\/wp\/v2\/product"}],"about":[{"href":"https:\/\/saxsim.ee\/swp\/wp-json\/wp\/v2\/types\/product"}],"replies":[{"embeddable":true,"href":"https:\/\/saxsim.ee\/swp\/wp-json\/wp\/v2\/comments?post=4554"}],"wp:featuredmedia":[{"embeddable":true,"href":"https:\/\/saxsim.ee\/swp\/wp-json\/wp\/v2\/media\/4555"}],"wp:attachment":[{"href":"https:\/\/saxsim.ee\/swp\/wp-json\/wp\/v2\/media?parent=4554"}],"wp:term":[{"taxonomy":"product_cat","embeddable":true,"href":"https:\/\/saxsim.ee\/swp\/wp-json\/wp\/v2\/product_cat?post=4554"},{"taxonomy":"product_tag","embeddable":true,"href":"https:\/\/saxsim.ee\/swp\/wp-json\/wp\/v2\/product_tag?post=4554"}],"curies":[{"name":"wp","href":"https:\/\/api.w.org\/{rel}","templated":true}]}}