{"id":4549,"date":"2018-03-06T13:42:20","date_gmt":"2018-03-06T11:42:20","guid":{"rendered":"https:\/\/www.saxsim.ee\/?post_type=product&#038;p=4549"},"modified":"2025-07-30T10:15:54","modified_gmt":"2025-07-30T07:15:54","slug":"cera-microcurler-lokitangid-mm","status":"publish","type":"product","link":"https:\/\/saxsim.ee\/swp\/product\/cera-microcurler-lokitangid-mm\/","title":{"rendered":"Cera Microcurler &#8211; lokitangid  7*10 mm"},"content":{"rendered":"<p>Cera Microcurler muudab lihtsaks erinevate lokkide loomise. Tangide ots on valmistatud mittekuumenevast materjalist. Nagu k\u00f5ikide teiste Cera t\u00f6\u00f6riistade puhul on kuumenev pind valmistatud keraamilisest materjalist, mis levitab soojust \u00fchtlaselt ja v\u00e4hendab kulumist.<\/p>\n<p><strong>Tehnilised andmed:<\/strong><\/p>\n<p>ION tehnoloogia<\/p>\n<p>automaatne v\u00e4ljal\u00fclitus u. 60 min. m\u00f6\u00f6dumisel<\/p>\n<p>t\u00f6\u00f6temperatuur \u2013 80\u00b0C &#8211; 210\u00b0C, reguleeritav<\/p>\n<p>kuumenev pind &#8211;\u00a0keraamiline\u00a0+ turmaliin<\/p>\n<p>mittekuumenev ots<\/p>\n<p>kaal \u2013 170 g<\/p>\n<p>p\u00f6\u00f6rlev juhe \u2013 3 m<\/p>\n<p>&nbsp;<\/p>\n<p>&nbsp;<\/p>\n<p>&nbsp;<\/p>\n","protected":false},"excerpt":{"rendered":"<p>Cera Microcurler muudab lihtsaks erinevate lokkide loomise. Tangide ots on valmistatud mittekuumenevast materjalist. Nagu k\u00f5ikide teiste Cera t\u00f6\u00f6riistade puhul on kuumenev pind valmistatud keraamilisest materjalist, mis levitab soojust \u00fchtlaselt ja v\u00e4hendab kulumist. Tehnilised andmed: ION tehnoloogia automaatne v\u00e4ljal\u00fclitus u. 60 min. m\u00f6\u00f6dumisel t\u00f6\u00f6temperatuur \u2013 80\u00b0C &#8211; 210\u00b0C, reguleeritav kuumenev pind &#8211;\u00a0keraamiline\u00a0+ turmaliin mittekuumenev ots kaal [&hellip;]<\/p>\n","protected":false},"featured_media":4551,"comment_status":"closed","ping_status":"closed","template":"","meta":[],"product_cat":[401,280,281],"product_tag":[],"class_list":{"0":"post-4549","1":"product","2":"type-product","3":"status-publish","4":"has-post-thumbnail","6":"product_cat-juuksuri-tarvikud","7":"product_cat-elektrilised-toovahendid","8":"product_cat-lokitangid","10":"first","11":"instock","12":"taxable","13":"shipping-taxable","14":"purchasable","15":"product-type-simple"},"_links":{"self":[{"href":"https:\/\/saxsim.ee\/swp\/wp-json\/wp\/v2\/product\/4549"}],"collection":[{"href":"https:\/\/saxsim.ee\/swp\/wp-json\/wp\/v2\/product"}],"about":[{"href":"https:\/\/saxsim.ee\/swp\/wp-json\/wp\/v2\/types\/product"}],"replies":[{"embeddable":true,"href":"https:\/\/saxsim.ee\/swp\/wp-json\/wp\/v2\/comments?post=4549"}],"wp:featuredmedia":[{"embeddable":true,"href":"https:\/\/saxsim.ee\/swp\/wp-json\/wp\/v2\/media\/4551"}],"wp:attachment":[{"href":"https:\/\/saxsim.ee\/swp\/wp-json\/wp\/v2\/media?parent=4549"}],"wp:term":[{"taxonomy":"product_cat","embeddable":true,"href":"https:\/\/saxsim.ee\/swp\/wp-json\/wp\/v2\/product_cat?post=4549"},{"taxonomy":"product_tag","embeddable":true,"href":"https:\/\/saxsim.ee\/swp\/wp-json\/wp\/v2\/product_tag?post=4549"}],"curies":[{"name":"wp","href":"https:\/\/api.w.org\/{rel}","templated":true}]}}