{"id":4531,"date":"2018-03-04T12:18:46","date_gmt":"2018-03-04T10:18:46","guid":{"rendered":"https:\/\/www.saxsim.ee\/?post_type=product&#038;p=4531"},"modified":"2018-03-04T13:45:05","modified_gmt":"2018-03-04T11:45:05","slug":"reamin-30-ml-katekreem","status":"publish","type":"product","link":"https:\/\/saxsim.ee\/swp\/product\/reamin-30-ml-katekreem\/","title":{"rendered":"Reamin Hand Protection Cream 30 ml &#8211; k\u00e4tekreem"},"content":{"rendered":"<p>Reamin on\u00a0spetsiaalselt juuksuritele v\u00e4lja t\u00f6\u00f6tatud ja dermatoloogide poolt soovitatud k\u00e4te kaitse- ja hooldusvahend. Sisaldab mesilasvaha, mille t\u00f5husus on teaduslikult t\u00f5estatud. Reamin imendub kiiresti, kaitstes k\u00e4si ja k\u00fc\u00fcsi. L\u00f5hnastamatta.<br \/>\nPakend &#8211; 30 ml.<\/p>\n","protected":false},"excerpt":{"rendered":"<p>Reamin on\u00a0spetsiaalselt juuksuritele v\u00e4lja t\u00f6\u00f6tatud ja dermatoloogide poolt soovitatud k\u00e4te kaitse- ja hooldusvahend. Sisaldab mesilasvaha, mille t\u00f5husus on teaduslikult t\u00f5estatud. Reamin imendub kiiresti, kaitstes k\u00e4si ja k\u00fc\u00fcsi. L\u00f5hnastamatta. Pakend &#8211; 30 ml.<\/p>\n","protected":false},"featured_media":4532,"comment_status":"closed","ping_status":"closed","template":"","meta":[],"product_cat":[97,638],"product_tag":[],"class_list":{"0":"post-4531","1":"product","2":"type-product","3":"status-publish","4":"has-post-thumbnail","6":"product_cat-nagu-ja-keha","7":"product_cat-katekreemid","9":"first","10":"instock","11":"taxable","12":"shipping-taxable","13":"purchasable","14":"product-type-simple"},"_links":{"self":[{"href":"https:\/\/saxsim.ee\/swp\/wp-json\/wp\/v2\/product\/4531"}],"collection":[{"href":"https:\/\/saxsim.ee\/swp\/wp-json\/wp\/v2\/product"}],"about":[{"href":"https:\/\/saxsim.ee\/swp\/wp-json\/wp\/v2\/types\/product"}],"replies":[{"embeddable":true,"href":"https:\/\/saxsim.ee\/swp\/wp-json\/wp\/v2\/comments?post=4531"}],"wp:featuredmedia":[{"embeddable":true,"href":"https:\/\/saxsim.ee\/swp\/wp-json\/wp\/v2\/media\/4532"}],"wp:attachment":[{"href":"https:\/\/saxsim.ee\/swp\/wp-json\/wp\/v2\/media?parent=4531"}],"wp:term":[{"taxonomy":"product_cat","embeddable":true,"href":"https:\/\/saxsim.ee\/swp\/wp-json\/wp\/v2\/product_cat?post=4531"},{"taxonomy":"product_tag","embeddable":true,"href":"https:\/\/saxsim.ee\/swp\/wp-json\/wp\/v2\/product_tag?post=4531"}],"curies":[{"name":"wp","href":"https:\/\/api.w.org\/{rel}","templated":true}]}}