{"id":4527,"date":"2018-03-04T11:27:52","date_gmt":"2018-03-04T09:27:52","guid":{"rendered":"https:\/\/www.saxsim.ee\/?post_type=product&#038;p=4527"},"modified":"2018-03-04T12:14:49","modified_gmt":"2018-03-04T10:14:49","slug":"y-s-park-lap-brush-juuksehari","status":"publish","type":"product","link":"https:\/\/saxsim.ee\/swp\/product\/y-s-park-lap-brush-juuksehari\/","title":{"rendered":"Y.S. Park Lap Brush &#8211; juuksehari"},"content":{"rendered":"<p>\u00dclikergel LAP harjal on pehme padi, mis paindub surve all ja muudab selle peanahale meeldivalt pehmeks.<\/p>\n<p>Harjal\u00a0on \u00fcmardatud otstega pehmed piid,\u00a0mis ei\u00a0kraabi peanahka.<\/p>\n<p>Sobib ideaalselt soengute tegemiseks, kuivatamiseks, juuste hooldusprotseduurideks ja \u0161ampoonipesu massaa\u017eiks.<\/p>\n<p>Harjal on 76\u00a0\u00f5huava + 31 kanalit juuste kiireks kuivatamiseks, mis v\u00e4hendavad kuumakahjustusi ja s\u00e4\u00e4stavad energiat.<\/p>\n<p>Ergonoomiliselt disainitud k\u00e4epidemel on\u00a0sisseehitatud \u00f5huavad, mis tagavad kindla haarde, hoiavad \u00e4ra juukseharja &#8220;kleepumise&#8221; k\u00e4te k\u00fclge, andes stilistile uskumatu kontrolli igaks t\u00f6\u00f6v\u00f5tteks.<\/p>\n<p>Hari on antistaatilise toimega ja kuumuskindel.<\/p>\n<p>M\u00f5\u00f5dud &#8211; 70*50*230 mm.<\/p>\n<p>&nbsp;<\/p>\n","protected":false},"excerpt":{"rendered":"<p>\u00dclikergel LAP harjal on pehme padi, mis paindub surve all ja muudab selle peanahale meeldivalt pehmeks. Harjal\u00a0on \u00fcmardatud otstega pehmed piid,\u00a0mis ei\u00a0kraabi peanahka. Sobib ideaalselt soengute tegemiseks, kuivatamiseks, juuste hooldusprotseduurideks ja \u0161ampoonipesu massaa\u017eiks. Harjal on 76\u00a0\u00f5huava + 31 kanalit juuste kiireks kuivatamiseks, mis v\u00e4hendavad kuumakahjustusi ja s\u00e4\u00e4stavad energiat. Ergonoomiliselt disainitud k\u00e4epidemel on\u00a0sisseehitatud \u00f5huavad, mis tagavad [&hellip;]<\/p>\n","protected":false},"featured_media":4528,"comment_status":"closed","ping_status":"closed","template":"","meta":[],"product_cat":[401,172,384],"product_tag":[],"class_list":{"0":"post-4527","1":"product","2":"type-product","3":"status-publish","4":"has-post-thumbnail","6":"product_cat-juuksuri-tarvikud","7":"product_cat-juukseharjad","8":"product_cat-y-s-park-juukseharjad","10":"first","11":"instock","12":"taxable","13":"shipping-taxable","14":"purchasable","15":"product-type-simple"},"_links":{"self":[{"href":"https:\/\/saxsim.ee\/swp\/wp-json\/wp\/v2\/product\/4527"}],"collection":[{"href":"https:\/\/saxsim.ee\/swp\/wp-json\/wp\/v2\/product"}],"about":[{"href":"https:\/\/saxsim.ee\/swp\/wp-json\/wp\/v2\/types\/product"}],"replies":[{"embeddable":true,"href":"https:\/\/saxsim.ee\/swp\/wp-json\/wp\/v2\/comments?post=4527"}],"wp:featuredmedia":[{"embeddable":true,"href":"https:\/\/saxsim.ee\/swp\/wp-json\/wp\/v2\/media\/4528"}],"wp:attachment":[{"href":"https:\/\/saxsim.ee\/swp\/wp-json\/wp\/v2\/media?parent=4527"}],"wp:term":[{"taxonomy":"product_cat","embeddable":true,"href":"https:\/\/saxsim.ee\/swp\/wp-json\/wp\/v2\/product_cat?post=4527"},{"taxonomy":"product_tag","embeddable":true,"href":"https:\/\/saxsim.ee\/swp\/wp-json\/wp\/v2\/product_tag?post=4527"}],"curies":[{"name":"wp","href":"https:\/\/api.w.org\/{rel}","templated":true}]}}