{"id":4508,"date":"2018-02-27T11:29:36","date_gmt":"2018-02-27T09:29:36","guid":{"rendered":"https:\/\/www.saxsim.ee\/?post_type=product&#038;p=4508"},"modified":"2025-07-07T07:37:57","modified_gmt":"2025-07-07T04:37:57","slug":"ds-intensive-moisture-mask-250-ml","status":"publish","type":"product","link":"https:\/\/saxsim.ee\/swp\/product\/ds-intensive-moisture-mask-250-ml\/","title":{"rendered":"DS Intensive Moisture Mask 250 ml. &#8211; intensiivmask kuivadele ja kahjustatud juustele"},"content":{"rendered":"<p>L\u00f5hnavaba intensiivmask kuivadele ja kahjustatud juustele. Toidab ja niisutab kahjustatud juukseid intensiivselt, taastades nende loomuliku l\u00e4ike ja eluj\u00f5u. Teeb juuksed\u00a0kergesti k\u00e4sitletavateks, siledateks ja siidiselt pehmeteks. Sisaldab\u00a0UV-kaitset.<\/p>\n<p>Intensiivmask on v\u00e4lja t\u00f6\u00f6tatud kahjustatud, kuivade ja t\u00f6\u00f6deldud juuste hoolduseks, kuid sobib k\u00f5ikidele juukset\u00fc\u00fcpidele, ka v\u00e4rvimata juustele. Soovitav kasutada kord n\u00e4dalas. Lisakuumus t\u00f5hustab juuksemaski toimet.<\/p>\n<p><strong><u>Kasutamine:<\/u><\/strong>\u00a0Kanna \u00fchtlaselt pestud, niisketesse juustesse ja masseeri kergelt. Lase m\u00f5juda 5 &#8211; 15 minutit ja\u00a0 loputa hoolikalt.<\/p>\n<p>pH: 3,8<\/p>\n<p><strong>DS Intensive Moisture Mask on\u00a0dermatoloogiliselt\u00a0testitud tundlikul nahal.<\/strong><\/p>\n<p>&nbsp;<\/p>\n","protected":false},"excerpt":{"rendered":"<p>L\u00f5hnavaba intensiivmask kuivadele ja kahjustatud juustele. Toidab ja niisutab kahjustatud juukseid intensiivselt, taastades nende loomuliku l\u00e4ike ja eluj\u00f5u. Teeb juuksed\u00a0kergesti k\u00e4sitletavateks, siledateks ja siidiselt pehmeteks. Sisaldab\u00a0UV-kaitset. Intensiivmask on v\u00e4lja t\u00f6\u00f6tatud kahjustatud, kuivade ja t\u00f6\u00f6deldud juuste hoolduseks, kuid sobib k\u00f5ikidele juukset\u00fc\u00fcpidele, ka v\u00e4rvimata juustele. Soovitav kasutada kord n\u00e4dalas. Lisakuumus t\u00f5hustab juuksemaski toimet. Kasutamine:\u00a0Kanna \u00fchtlaselt pestud, niisketesse [&hellip;]<\/p>\n","protected":false},"featured_media":4509,"comment_status":"closed","ping_status":"closed","template":"","meta":[],"product_cat":[728,395,662],"product_tag":[],"class_list":{"0":"post-4508","1":"product","2":"type-product","3":"status-publish","4":"has-post-thumbnail","6":"product_cat-ds","7":"product_cat-juuksed","8":"product_cat-juuksemaskid-ja-taastavad-vahendid","10":"first","11":"instock","12":"taxable","13":"shipping-taxable","14":"purchasable","15":"product-type-simple"},"_links":{"self":[{"href":"https:\/\/saxsim.ee\/swp\/wp-json\/wp\/v2\/product\/4508"}],"collection":[{"href":"https:\/\/saxsim.ee\/swp\/wp-json\/wp\/v2\/product"}],"about":[{"href":"https:\/\/saxsim.ee\/swp\/wp-json\/wp\/v2\/types\/product"}],"replies":[{"embeddable":true,"href":"https:\/\/saxsim.ee\/swp\/wp-json\/wp\/v2\/comments?post=4508"}],"wp:featuredmedia":[{"embeddable":true,"href":"https:\/\/saxsim.ee\/swp\/wp-json\/wp\/v2\/media\/4509"}],"wp:attachment":[{"href":"https:\/\/saxsim.ee\/swp\/wp-json\/wp\/v2\/media?parent=4508"}],"wp:term":[{"taxonomy":"product_cat","embeddable":true,"href":"https:\/\/saxsim.ee\/swp\/wp-json\/wp\/v2\/product_cat?post=4508"},{"taxonomy":"product_tag","embeddable":true,"href":"https:\/\/saxsim.ee\/swp\/wp-json\/wp\/v2\/product_tag?post=4508"}],"curies":[{"name":"wp","href":"https:\/\/api.w.org\/{rel}","templated":true}]}}