{"id":4497,"date":"2018-02-21T12:31:38","date_gmt":"2018-02-21T10:31:38","guid":{"rendered":"https:\/\/www.saxsim.ee\/?post_type=product&#038;p=4497"},"modified":"2025-07-06T10:27:43","modified_gmt":"2025-07-06T07:27:43","slug":"ds-fiber-gel-100-ml","status":"publish","type":"product","link":"https:\/\/saxsim.ee\/swp\/product\/ds-fiber-gel-100-ml\/","title":{"rendered":"DS Fiber Gel 100 ml. &#8211; kiudgeel"},"content":{"rendered":"<p>L\u00f5hnastamata kiudgeel. Annab soengute viimistlemisel tugeva toe, tekstuuri ja l\u00e4iget. Fikseerib tugevalt l\u00fchikesed juuksed, toetab ja annab kohevust pikkadele juustele. Ei kleebi juukseid kokku ja on kergesti mahapestav.\u00a0Sisaldab UV-kaitset.<\/p>\n<p><strong><u>Kasutamine:<\/u><\/strong>\u00a0Doseeri v\u00e4ike kogus geeli peopesale, kanna niisketesse v\u00f5i kuivadesse juustesse ja vormi soeng, vastavalt soovile.<\/p>\n<p>pH: 6,5<\/p>\n<p><strong>DS Fiber Gel on\u00a0dermatoloogiliselt\u00a0testitud tundlikul nahal.<\/strong><\/p>\n","protected":false},"excerpt":{"rendered":"<p>L\u00f5hnastamata kiudgeel. Annab soengute viimistlemisel tugeva toe, tekstuuri ja l\u00e4iget. Fikseerib tugevalt l\u00fchikesed juuksed, toetab ja annab kohevust pikkadele juustele. Ei kleebi juukseid kokku ja on kergesti mahapestav.\u00a0Sisaldab UV-kaitset. Kasutamine:\u00a0Doseeri v\u00e4ike kogus geeli peopesale, kanna niisketesse v\u00f5i kuivadesse juustesse ja vormi soeng, vastavalt soovile. pH: 6,5 DS Fiber Gel on\u00a0dermatoloogiliselt\u00a0testitud tundlikul nahal.<\/p>\n","protected":false},"featured_media":4494,"comment_status":"closed","ping_status":"closed","template":"","meta":[],"product_cat":[728,395,683],"product_tag":[],"class_list":{"0":"post-4497","1":"product","2":"type-product","3":"status-publish","4":"has-post-thumbnail","6":"product_cat-ds","7":"product_cat-juuksed","8":"product_cat-juuksegeelid","10":"first","11":"instock","12":"taxable","13":"shipping-taxable","14":"purchasable","15":"product-type-simple"},"_links":{"self":[{"href":"https:\/\/saxsim.ee\/swp\/wp-json\/wp\/v2\/product\/4497"}],"collection":[{"href":"https:\/\/saxsim.ee\/swp\/wp-json\/wp\/v2\/product"}],"about":[{"href":"https:\/\/saxsim.ee\/swp\/wp-json\/wp\/v2\/types\/product"}],"replies":[{"embeddable":true,"href":"https:\/\/saxsim.ee\/swp\/wp-json\/wp\/v2\/comments?post=4497"}],"wp:featuredmedia":[{"embeddable":true,"href":"https:\/\/saxsim.ee\/swp\/wp-json\/wp\/v2\/media\/4494"}],"wp:attachment":[{"href":"https:\/\/saxsim.ee\/swp\/wp-json\/wp\/v2\/media?parent=4497"}],"wp:term":[{"taxonomy":"product_cat","embeddable":true,"href":"https:\/\/saxsim.ee\/swp\/wp-json\/wp\/v2\/product_cat?post=4497"},{"taxonomy":"product_tag","embeddable":true,"href":"https:\/\/saxsim.ee\/swp\/wp-json\/wp\/v2\/product_tag?post=4497"}],"curies":[{"name":"wp","href":"https:\/\/api.w.org\/{rel}","templated":true}]}}