{"id":4493,"date":"2018-02-21T11:08:51","date_gmt":"2018-02-21T09:08:51","guid":{"rendered":"https:\/\/www.saxsim.ee\/?post_type=product&#038;p=4493"},"modified":"2025-07-06T10:26:16","modified_gmt":"2025-07-06T07:26:16","slug":"ds-matte-wax-50-ml","status":"publish","type":"product","link":"https:\/\/saxsim.ee\/swp\/product\/ds-matte-wax-50-ml\/","title":{"rendered":"DS Matte Wax 50 ml. &#8211; matt juuksevaha"},"content":{"rendered":"<p><span id=\"result_box\" class=\"\" lang=\"et\"><\/span>L\u00f5hnastamata, matt juuksevaha. Annab juustele loomuliku, paindliku toe. Soengute viimistlemisel annab struktuuri ja toe. Lubab juukseid h\u00f5lpsasti uuesti s\u00e4ttida.\u00a0Pehme koostisega toode sobib suurep\u00e4raselt ka \u00f5hukestele juustele. Ei tee juukseid kleepuvateks ja on kergesti mahapestav. Sisaldab UV-kaitset.<\/p>\n<p><strong><u>Kasutamine:<\/u><\/strong>\u00a0Soojenda\u00a0v\u00e4ike kogus vaha k\u00e4te vahel, kanna niisketesse v\u00f5i kuivadesse juustesse ja vormi soeng.<\/p>\n<p>pH: &gt;5,5<\/p>\n<p><strong>DS Matte Wax on\u00a0dermatoloogiliselt\u00a0testitud tundlikul nahal.<\/strong><\/p>\n","protected":false},"excerpt":{"rendered":"<p>L\u00f5hnastamata, matt juuksevaha. Annab juustele loomuliku, paindliku toe. Soengute viimistlemisel annab struktuuri ja toe. Lubab juukseid h\u00f5lpsasti uuesti s\u00e4ttida.\u00a0Pehme koostisega toode sobib suurep\u00e4raselt ka \u00f5hukestele juustele. Ei tee juukseid kleepuvateks ja on kergesti mahapestav. Sisaldab UV-kaitset. Kasutamine:\u00a0Soojenda\u00a0v\u00e4ike kogus vaha k\u00e4te vahel, kanna niisketesse v\u00f5i kuivadesse juustesse ja vormi soeng. pH: &gt;5,5 DS Matte Wax on\u00a0dermatoloogiliselt\u00a0testitud [&hellip;]<\/p>\n","protected":false},"featured_media":4496,"comment_status":"closed","ping_status":"closed","template":"","meta":[],"product_cat":[728,395,684],"product_tag":[],"class_list":{"0":"post-4493","1":"product","2":"type-product","3":"status-publish","4":"has-post-thumbnail","6":"product_cat-ds","7":"product_cat-juuksed","8":"product_cat-juuksevahad","10":"first","11":"instock","12":"taxable","13":"shipping-taxable","14":"purchasable","15":"product-type-simple"},"_links":{"self":[{"href":"https:\/\/saxsim.ee\/swp\/wp-json\/wp\/v2\/product\/4493"}],"collection":[{"href":"https:\/\/saxsim.ee\/swp\/wp-json\/wp\/v2\/product"}],"about":[{"href":"https:\/\/saxsim.ee\/swp\/wp-json\/wp\/v2\/types\/product"}],"replies":[{"embeddable":true,"href":"https:\/\/saxsim.ee\/swp\/wp-json\/wp\/v2\/comments?post=4493"}],"wp:featuredmedia":[{"embeddable":true,"href":"https:\/\/saxsim.ee\/swp\/wp-json\/wp\/v2\/media\/4496"}],"wp:attachment":[{"href":"https:\/\/saxsim.ee\/swp\/wp-json\/wp\/v2\/media?parent=4493"}],"wp:term":[{"taxonomy":"product_cat","embeddable":true,"href":"https:\/\/saxsim.ee\/swp\/wp-json\/wp\/v2\/product_cat?post=4493"},{"taxonomy":"product_tag","embeddable":true,"href":"https:\/\/saxsim.ee\/swp\/wp-json\/wp\/v2\/product_tag?post=4493"}],"curies":[{"name":"wp","href":"https:\/\/api.w.org\/{rel}","templated":true}]}}