{"id":4488,"date":"2018-07-01T17:16:24","date_gmt":"2018-07-01T14:16:24","guid":{"rendered":"https:\/\/www.saxsim.ee\/?post_type=product&#038;p=4488"},"modified":"2025-07-06T10:21:01","modified_gmt":"2025-07-06T07:21:01","slug":"ds-salt-spray-200-ml","status":"publish","type":"product","link":"https:\/\/saxsim.ee\/swp\/product\/ds-salt-spray-200-ml\/","title":{"rendered":"DS Salt Spray 200 ml. &#8211; soolasprei"},"content":{"rendered":"<p>L\u00f5hnastamata soolasprei tihendab juukseid, annab juuksejuurtele tuge, karmi tekstuuri ja mati l\u00f5pptulemuse. Muudab juuksed kergesti k\u00e4sitletavateks,\u00a0 sobides eriti \u00f5rnadele ja \u00f5hukestele juustele. Soolaspreiga teed juustele hetkega kerge &#8220;rannalook`i&#8221;. Pihusta soolaspreid kuivadesse juustesse ja k\u00e4harda juukseid s\u00f5rmedega. <span id=\"result_box\" class=\"\" lang=\"et\"><span class=\"\">Sobib k\u00f5ikidele juukset\u00fc\u00fcpidele ja -pikkustele.<\/span> <span class=\"\">Sisaldab UV-kaitset.<\/span><\/span><\/p>\n<p><strong><u>Kasutamine:<\/u><\/strong> Pihusta niiskete juuste juurtele, andmaks tuge v\u00f5i kuivadesse juustesse, andmaks struktuuri. Lase kuivada loomulikult v\u00f5i kuivata f\u00f6\u00f6niga.<\/p>\n<p>pH: 6,5 &#8211; 7,5<\/p>\n","protected":false},"excerpt":{"rendered":"<p>L\u00f5hnastamata soolasprei tihendab juukseid, annab juuksejuurtele tuge, karmi tekstuuri ja mati l\u00f5pptulemuse. Muudab juuksed kergesti k\u00e4sitletavateks,\u00a0 sobides eriti \u00f5rnadele ja \u00f5hukestele juustele. Soolaspreiga teed juustele hetkega kerge &#8220;rannalook`i&#8221;. Pihusta soolaspreid kuivadesse juustesse ja k\u00e4harda juukseid s\u00f5rmedega. Sobib k\u00f5ikidele juukset\u00fc\u00fcpidele ja -pikkustele. Sisaldab UV-kaitset. Kasutamine: Pihusta niiskete juuste juurtele, andmaks tuge v\u00f5i kuivadesse juustesse, andmaks struktuuri. [&hellip;]<\/p>\n","protected":false},"featured_media":4489,"comment_status":"closed","ping_status":"closed","template":"","meta":[],"product_cat":[728,395,690],"product_tag":[],"class_list":{"0":"post-4488","1":"product","2":"type-product","3":"status-publish","4":"has-post-thumbnail","6":"product_cat-ds","7":"product_cat-juuksed","8":"product_cat-soolaspreid","10":"first","11":"instock","12":"taxable","13":"shipping-taxable","14":"purchasable","15":"product-type-simple"},"_links":{"self":[{"href":"https:\/\/saxsim.ee\/swp\/wp-json\/wp\/v2\/product\/4488"}],"collection":[{"href":"https:\/\/saxsim.ee\/swp\/wp-json\/wp\/v2\/product"}],"about":[{"href":"https:\/\/saxsim.ee\/swp\/wp-json\/wp\/v2\/types\/product"}],"replies":[{"embeddable":true,"href":"https:\/\/saxsim.ee\/swp\/wp-json\/wp\/v2\/comments?post=4488"}],"wp:featuredmedia":[{"embeddable":true,"href":"https:\/\/saxsim.ee\/swp\/wp-json\/wp\/v2\/media\/4489"}],"wp:attachment":[{"href":"https:\/\/saxsim.ee\/swp\/wp-json\/wp\/v2\/media?parent=4488"}],"wp:term":[{"taxonomy":"product_cat","embeddable":true,"href":"https:\/\/saxsim.ee\/swp\/wp-json\/wp\/v2\/product_cat?post=4488"},{"taxonomy":"product_tag","embeddable":true,"href":"https:\/\/saxsim.ee\/swp\/wp-json\/wp\/v2\/product_tag?post=4488"}],"curies":[{"name":"wp","href":"https:\/\/api.w.org\/{rel}","templated":true}]}}