{"id":4487,"date":"2018-02-20T16:48:22","date_gmt":"2018-02-20T14:48:22","guid":{"rendered":"https:\/\/www.saxsim.ee\/?post_type=product&#038;p=4487"},"modified":"2025-07-06T10:31:26","modified_gmt":"2025-07-06T07:31:26","slug":"ds-mineral-removing-balm-250-ml","status":"publish","type":"product","link":"https:\/\/saxsim.ee\/swp\/product\/ds-mineral-removing-balm-250-ml\/","title":{"rendered":"DS Mineral Removing Balm 250 ml. &#8211; palsam mineraalide eemaldamiseks juustest"},"content":{"rendered":"<p>L\u00f5hnastamata\u00a0palsam k\u00f5ikidele juukset\u00fc\u00fcpidele. L\u00f5petab juuste s\u00fcvapuhastus ja mineraalide eemaldamise protsessid. Sulgeb juuste soomuskihi, muudab juuksed kergesti k\u00e4sitletavateks, l\u00e4ikivateks ja pehmeteks.<\/p>\n<p><strong><u>Kasutamine:<\/u><\/strong>\u00a0Kanna \u00fchtlaselt niisketesse juustesse, lase m\u00f5juda 5 &#8211; 10 minutit ja\u00a0 loputa hoolikalt.<\/p>\n<p>pH: 4,0<\/p>\n<p><strong>DS Mineral Removing Balm on\u00a0dermatoloogiliselt\u00a0testitud tundlikul nahal.<\/strong><\/p>\n<p>&nbsp;<\/p>\n","protected":false},"excerpt":{"rendered":"<p>L\u00f5hnastamata\u00a0palsam k\u00f5ikidele juukset\u00fc\u00fcpidele. L\u00f5petab juuste s\u00fcvapuhastus ja mineraalide eemaldamise protsessid. Sulgeb juuste soomuskihi, muudab juuksed kergesti k\u00e4sitletavateks, l\u00e4ikivateks ja pehmeteks. Kasutamine:\u00a0Kanna \u00fchtlaselt niisketesse juustesse, lase m\u00f5juda 5 &#8211; 10 minutit ja\u00a0 loputa hoolikalt. pH: 4,0 DS Mineral Removing Balm on\u00a0dermatoloogiliselt\u00a0testitud tundlikul nahal. &nbsp;<\/p>\n","protected":false},"featured_media":4463,"comment_status":"closed","ping_status":"closed","template":"","meta":[],"product_cat":[728,395,660],"product_tag":[],"class_list":{"0":"post-4487","1":"product","2":"type-product","3":"status-publish","4":"has-post-thumbnail","6":"product_cat-ds","7":"product_cat-juuksed","8":"product_cat-palsamid","10":"first","11":"instock","12":"taxable","13":"shipping-taxable","14":"purchasable","15":"product-type-simple"},"_links":{"self":[{"href":"https:\/\/saxsim.ee\/swp\/wp-json\/wp\/v2\/product\/4487"}],"collection":[{"href":"https:\/\/saxsim.ee\/swp\/wp-json\/wp\/v2\/product"}],"about":[{"href":"https:\/\/saxsim.ee\/swp\/wp-json\/wp\/v2\/types\/product"}],"replies":[{"embeddable":true,"href":"https:\/\/saxsim.ee\/swp\/wp-json\/wp\/v2\/comments?post=4487"}],"wp:featuredmedia":[{"embeddable":true,"href":"https:\/\/saxsim.ee\/swp\/wp-json\/wp\/v2\/media\/4463"}],"wp:attachment":[{"href":"https:\/\/saxsim.ee\/swp\/wp-json\/wp\/v2\/media?parent=4487"}],"wp:term":[{"taxonomy":"product_cat","embeddable":true,"href":"https:\/\/saxsim.ee\/swp\/wp-json\/wp\/v2\/product_cat?post=4487"},{"taxonomy":"product_tag","embeddable":true,"href":"https:\/\/saxsim.ee\/swp\/wp-json\/wp\/v2\/product_tag?post=4487"}],"curies":[{"name":"wp","href":"https:\/\/api.w.org\/{rel}","templated":true}]}}