{"id":4465,"date":"2018-02-06T22:10:57","date_gmt":"2018-02-06T20:10:57","guid":{"rendered":"https:\/\/www.saxsim.ee\/?post_type=product&#038;p=4465"},"modified":"2025-07-06T10:31:59","modified_gmt":"2025-07-06T07:31:59","slug":"ds-mineral-removing-elixir-250-ml","status":"publish","type":"product","link":"https:\/\/saxsim.ee\/swp\/product\/ds-mineral-removing-elixir-250-ml\/","title":{"rendered":"DS Mineral Removing Elixir 250 ml. &#8211; hooldusaine mineraalide eemaldamiseks juustest"},"content":{"rendered":"<p>L\u00f5hnastamata hooldusaine\u00a0mineraalide eemaldamiseks juustest, k\u00f5ikidele juukset\u00fc\u00fcpidele. Eemaldab\u00a0 t\u00f5husalt juustesse kogunenud mineraalide p\u00f5hjustatud ebasoovitud toonid,\u00a0 kloori ja viimistlusainete j\u00e4\u00e4gid. Taaselustab juuksev\u00e4rvi ja muudab juuksed l\u00e4ikivateks. Soovitatakse kasutada 1-2 korda kuus.<\/p>\n<p><strong><u>Kasutamine:<\/u><\/strong>\u00a0Peale \u0161ampoonipesu kanna Elixir \u00fchtlaselt juustesse\u00a0ja lase m\u00f5juda 10 &#8211; 30 minutit. J\u00e4lgige, et juuksed p\u00fcsiksid niisked kogu m\u00f5juaja v\u00e4ltel. Loputa hoolikalt ja j\u00e4tka t\u00f6\u00f6tlust\u00a0DS Mineral Removing Balm`iga.<\/p>\n<p>pH: 3,0<\/p>\n<p><strong>DS Mineral Removing Elixir on\u00a0dermatoloogiliselt\u00a0testitud tundlikul nahal.<\/strong><\/p>\n<p>&nbsp;<\/p>\n","protected":false},"excerpt":{"rendered":"<p>L\u00f5hnastamata hooldusaine\u00a0mineraalide eemaldamiseks juustest, k\u00f5ikidele juukset\u00fc\u00fcpidele. Eemaldab\u00a0 t\u00f5husalt juustesse kogunenud mineraalide p\u00f5hjustatud ebasoovitud toonid,\u00a0 kloori ja viimistlusainete j\u00e4\u00e4gid. Taaselustab juuksev\u00e4rvi ja muudab juuksed l\u00e4ikivateks. Soovitatakse kasutada 1-2 korda kuus. Kasutamine:\u00a0Peale \u0161ampoonipesu kanna Elixir \u00fchtlaselt juustesse\u00a0ja lase m\u00f5juda 10 &#8211; 30 minutit. J\u00e4lgige, et juuksed p\u00fcsiksid niisked kogu m\u00f5juaja v\u00e4ltel. Loputa hoolikalt ja j\u00e4tka t\u00f6\u00f6tlust\u00a0DS Mineral [&hellip;]<\/p>\n","protected":false},"featured_media":4462,"comment_status":"closed","ping_status":"closed","template":"","meta":[],"product_cat":[728,395,660],"product_tag":[],"class_list":{"0":"post-4465","1":"product","2":"type-product","3":"status-publish","4":"has-post-thumbnail","6":"product_cat-ds","7":"product_cat-juuksed","8":"product_cat-palsamid","10":"first","11":"instock","12":"taxable","13":"shipping-taxable","14":"purchasable","15":"product-type-simple"},"_links":{"self":[{"href":"https:\/\/saxsim.ee\/swp\/wp-json\/wp\/v2\/product\/4465"}],"collection":[{"href":"https:\/\/saxsim.ee\/swp\/wp-json\/wp\/v2\/product"}],"about":[{"href":"https:\/\/saxsim.ee\/swp\/wp-json\/wp\/v2\/types\/product"}],"replies":[{"embeddable":true,"href":"https:\/\/saxsim.ee\/swp\/wp-json\/wp\/v2\/comments?post=4465"}],"wp:featuredmedia":[{"embeddable":true,"href":"https:\/\/saxsim.ee\/swp\/wp-json\/wp\/v2\/media\/4462"}],"wp:attachment":[{"href":"https:\/\/saxsim.ee\/swp\/wp-json\/wp\/v2\/media?parent=4465"}],"wp:term":[{"taxonomy":"product_cat","embeddable":true,"href":"https:\/\/saxsim.ee\/swp\/wp-json\/wp\/v2\/product_cat?post=4465"},{"taxonomy":"product_tag","embeddable":true,"href":"https:\/\/saxsim.ee\/swp\/wp-json\/wp\/v2\/product_tag?post=4465"}],"curies":[{"name":"wp","href":"https:\/\/api.w.org\/{rel}","templated":true}]}}